{"id":1413,"date":"2023-07-07T14:21:45","date_gmt":"2023-07-07T07:21:45","guid":{"rendered":"https:\/\/tgmdental.net\/?page_id=1413"},"modified":"2023-07-07T15:10:00","modified_gmt":"2023-07-07T08:10:00","slug":"preventative-care","status":"publish","type":"page","link":"https:\/\/tgmdental.net\/vi\/services\/preventative-care\/","title":{"rendered":"Ch\u0103m s\u00f3c ph\u00f2ng ng\u1eeba"},"content":{"rendered":"<h3><strong>Kh\u00e1m v\u00e0 t\u01b0 v\u1ea5n r\u0103ng mi\u1ec7ng<\/strong><\/h3>\n<p>Kh\u00e1m r\u0103ng v\u00e0 t\u01b0 v\u1ea5n v\u1edbi m\u1ed9t trong c\u00e1c nha s\u0129 c\u1ee7a TGM Dental l\u00e0 b\u01b0\u1edbc \u0111\u1ea7u ti\u00ean \u0111\u1ec3 \u0111\u1ea3m b\u1ea3o s\u1ee9c kh\u1ecfe v\u00e0 t\u00ecnh tr\u1ea1ng t\u1ed1t cho r\u0103ng v\u00e0 mi\u1ec7ng c\u1ee7a b\u1ea1n. Kh\u00e1m r\u0103ng \u0111\u1ecbnh k\u1ef3 cho ph\u00e9p c\u00e1c v\u1ea5n \u0111\u1ec1 \u0111\u01b0\u1ee3c gi\u1ea3i quy\u1ebft s\u1edbm, \u00edt \u0111au \u0111\u1edbn, \u00edt t\u1ed1n k\u00e9m v\u00e0 th\u1eddi gian h\u01a1n. C\u00e1c nha s\u0129 c\u1ee7a ch\u00fang t\u00f4i s\u1ebd l\u00e0m vi\u1ec7c v\u1edbi b\u1ea1n \u0111\u1ec3 chu\u1ea9n b\u1ecb k\u1ebf ho\u1ea1ch \u0111i\u1ec1u tr\u1ecb thu\u1eadn ti\u1ec7n v\u00e0 ti\u1ebft ki\u1ec7m chi ph\u00ed nh\u1ea5t.<\/p>\n<p>\u1ede l\u1ea7n kh\u00e1m \u0111\u1ea7u ti\u00ean, ch\u00fang t\u00f4i s\u1ebd y\u00eau c\u1ea7u b\u1ea1n \u0111i\u1ec1n v\u00e0o bi\u1ec3u m\u1eabu l\u1ecbch s\u1eed b\u1ec7nh nh\u00e2n. Nha s\u0129 s\u1ebd s\u1eed d\u1ee5ng th\u00f4ng tin \u0111\u00f3 \u0111\u1ec3 chu\u1ea9n b\u1ecb m\u1ed9t k\u1ebf ho\u1ea1ch \u0111i\u1ec1u tr\u1ecb c\u00e1 nh\u00e2n cho b\u1ea1n. Xin vui l\u00f2ng h\u1ecfi nha s\u0129 c\u1ee7a b\u1ea1n b\u1ea5t k\u1ef3 c\u00e2u h\u1ecfi n\u00e0o b\u1ea1n c\u00f3 v\u1ec1 s\u1ee9c kh\u1ecfe r\u0103ng mi\u1ec7ng v\u00e0 nhu c\u1ea7u ch\u0103m s\u00f3c r\u0103ng mi\u1ec7ng c\u1ee7a b\u1ea1n.<\/p>\n<p><img loading=\"lazy\" decoding=\"async\" class=\"aligncenter wp-image-224\" src=\"http:\/\/tgmdental.net\/wp-content\/uploads\/2016\/09\/tgm-27.jpg\" alt=\"\" width=\"800\" height=\"600\" srcset=\"https:\/\/tgmdental.net\/wp-content\/uploads\/2016\/09\/tgm-27.jpg 1280w, https:\/\/tgmdental.net\/wp-content\/uploads\/2016\/09\/tgm-27-300x225.jpg 300w, https:\/\/tgmdental.net\/wp-content\/uploads\/2016\/09\/tgm-27-768x576.jpg 768w, https:\/\/tgmdental.net\/wp-content\/uploads\/2016\/09\/tgm-27-1024x768.jpg 1024w, https:\/\/tgmdental.net\/wp-content\/uploads\/2016\/09\/tgm-27-463x348.jpg 463w\" sizes=\"auto, (max-width: 800px) 100vw, 800px\" \/><\/p>\n<h3><strong>H\u01b0\u1edbng d\u1eabn v\u1ec7 sinh r\u0103ng mi\u1ec7ng (OHI)<\/strong><\/h3>\n<p>\u0110\u1ed9i ng\u0169 nh\u00e2n vi\u00ean c\u1ee7a ch\u00fang t\u00f4i cung c\u1ea5p cho t\u1ea5t c\u1ea3 kh\u00e1ch h\u00e0ng nh\u1eefng l\u1eddi khuy\u00ean v\u00e0 l\u1eddi khuy\u00ean v\u1ec1 c\u00e1ch ch\u0103m s\u00f3c r\u0103ng mi\u1ec7ng v\u00e0 c\u00e1ch \u0111\u00e1nh r\u0103ng \u0111\u00fang c\u00e1ch, ki\u1ebfn th\u1ee9c c\u01a1 b\u1ea3n v\u1ec1 ph\u00f2ng ng\u1eeba c\u00e1c b\u1ec7nh r\u0103ng mi\u1ec7ng, \u0111\u1eb7c bi\u1ec7t l\u00e0 c\u00e1ch ph\u00e1t hi\u1ec7n s\u1edbm c\u00e1c v\u1ea5n \u0111\u1ec1 \u0111\u1ec3 \u0111i\u1ec1u tr\u1ecb k\u1ecbp th\u1eddi.<\/p>\n<p><img loading=\"lazy\" decoding=\"async\" class=\"aligncenter wp-image-207\" src=\"http:\/\/tgmdental.net\/wp-content\/uploads\/2016\/11\/tgm-60.jpg\" alt=\"\" width=\"800\" height=\"600\" srcset=\"https:\/\/tgmdental.net\/wp-content\/uploads\/2016\/11\/tgm-60.jpg 1280w, https:\/\/tgmdental.net\/wp-content\/uploads\/2016\/11\/tgm-60-300x225.jpg 300w, https:\/\/tgmdental.net\/wp-content\/uploads\/2016\/11\/tgm-60-768x576.jpg 768w, https:\/\/tgmdental.net\/wp-content\/uploads\/2016\/11\/tgm-60-1024x768.jpg 1024w, https:\/\/tgmdental.net\/wp-content\/uploads\/2016\/11\/tgm-60-463x348.jpg 463w\" sizes=\"auto, (max-width: 800px) 100vw, 800px\" \/><\/p>\n<h3><strong>tia X<\/strong><\/h3>\n<p>Nha khoa TGM c\u00f3 c\u00e1c c\u00f4ng ngh\u1ec7 m\u1edbi nh\u1ea5t v\u00e0 m\u00e1y ch\u1ee5p x-quang ti\u00ean ti\u1ebfn nh\u1ea5t t\u1ea1i ch\u1ed7 \u0111\u1ec3 ch\u1ea9n \u0111o\u00e1n hi\u1ec7u qu\u1ea3 m\u1ecdi v\u1ea5n \u0111\u1ec1 v\u1ec1 s\u1ee9c kh\u1ecfe r\u0103ng mi\u1ec7ng. Nh\u00e2n vi\u00ean c\u1ee7a ch\u00fang t\u00f4i c\u00f3 th\u1ec3 ch\u1ee5p x-quang v\u00e0 ph\u00e1t tri\u1ec3n phim trong v\u00f2ng v\u00e0i ph\u00fat \u0111\u1ec3 nha s\u0129 ph\u00e2n t\u00edch. Th\u00f4ng th\u01b0\u1eddng, ph\u01b0\u01a1ng ph\u00e1p \u0111i\u1ec1u tr\u1ecb \u0111\u01b0\u1ee3c khuy\u1ebfn ngh\u1ecb c\u00f3 th\u1ec3 \u0111\u01b0\u1ee3c th\u1ef1c hi\u1ec7n t\u1ea1i c\u00f9ng m\u1ed9t l\u1ea7n kh\u00e1m t\u1ea1i ph\u00f2ng kh\u00e1m.<\/p>\n<p><em>(*) B\u1ea1n c\u00f3 th\u1ec3 mang theo phim x-quang do nha s\u0129 tr\u01b0\u1edbc \u0111\u00f3 ch\u1ee5p trong v\u00f2ng 3 th\u00e1ng tr\u1edf l\u1ea1i \u0111\u00e2y \u0111\u1ec3 nha s\u0129 ch\u00fang t\u00f4i xem x\u00e9t.\u00a0<\/em><\/p>\n<p><img loading=\"lazy\" decoding=\"async\" class=\"aligncenter wp-image-637 size-full\" src=\"http:\/\/tgmdental.net\/wp-content\/uploads\/2016\/12\/dental-xrays.jpg\" alt=\"\" width=\"800\" height=\"600\" srcset=\"https:\/\/tgmdental.net\/wp-content\/uploads\/2016\/12\/dental-xrays.jpg 800w, https:\/\/tgmdental.net\/wp-content\/uploads\/2016\/12\/dental-xrays-300x225.jpg 300w, https:\/\/tgmdental.net\/wp-content\/uploads\/2016\/12\/dental-xrays-768x576.jpg 768w, https:\/\/tgmdental.net\/wp-content\/uploads\/2016\/12\/dental-xrays-463x348.jpg 463w\" sizes=\"auto, (max-width: 800px) 100vw, 800px\" \/><\/p>\n<h3><strong>ch\u1ea5t b\u1ecbt k\u00edn<\/strong><\/h3>\n<p>\u0110\u00e2y l\u00e0 m\u1ed9t th\u1ee7 thu\u1eadt \u0111\u01a1n gi\u1ea3n trong \u0111\u00f3 m\u1ed9t \u201cl\u1edbp ph\u1ee7\u201d acrylic c\u00f3 m\u00e0u r\u0103ng \u0111\u01b0\u1ee3c ph\u1ee7 l\u00ean b\u1ec1 m\u1eb7t r\u0103ng \u0111\u1ec3 ng\u0103n s\u00e2u r\u0103ng h\u00ecnh th\u00e0nh tr\u00ean b\u1ec1 m\u1eb7t c\u1eafn. L\u1edbp ph\u1ee7 ho\u1eb7c \u201ccon d\u1ea5u\u201d \u0111\u00f3ng vai tr\u00f2 nh\u01b0 m\u1ed9t h\u00e0ng r\u00e0o b\u1ea3o v\u1ec7 men r\u0103ng kh\u1ecfi m\u1ea3ng b\u00e1m v\u00e0 axit.<\/p>\n<p>T\u1ea5t c\u1ea3 tr\u1ebb em v\u00e0 ng\u01b0\u1eddi l\u1edbn \u0111\u1ec1u c\u00f3 th\u1ec3 h\u01b0\u1edfng l\u1ee3i t\u1eeb ch\u1ea5t b\u1ecbt k\u00edn trong cu\u1ed9c chi\u1ebfn ch\u1ed1ng s\u00e2u r\u0103ng.<\/p>\n<p><img loading=\"lazy\" decoding=\"async\" class=\"aligncenter wp-image-638 size-full\" src=\"http:\/\/tgmdental.net\/wp-content\/uploads\/2016\/12\/Sealants.png\" alt=\"\" width=\"800\" height=\"600\" srcset=\"https:\/\/tgmdental.net\/wp-content\/uploads\/2016\/12\/Sealants.png 800w, https:\/\/tgmdental.net\/wp-content\/uploads\/2016\/12\/Sealants-300x225.png 300w, https:\/\/tgmdental.net\/wp-content\/uploads\/2016\/12\/Sealants-768x576.png 768w, https:\/\/tgmdental.net\/wp-content\/uploads\/2016\/12\/Sealants-463x348.png 463w\" sizes=\"auto, (max-width: 800px) 100vw, 800px\" \/><\/p>\n<h3><strong>Ch\u0103m s\u00f3c ph\u00f2ng ng\u1eeba v\u1edbi \u0111i\u1ec1u tr\u1ecb b\u1eb1ng b\u1ed9t m\u00ec<\/strong><\/h3>\n<p>Ph\u01b0\u01a1ng ph\u00e1p \u0111i\u1ec1u tr\u1ecb n\u00e0y ch\u1ee9a h\u00e0m l\u01b0\u1ee3ng florua cao h\u01a1n nhi\u1ec1u so v\u1edbi l\u01b0\u1ee3ng c\u00f3 trong kem \u0111\u00e1nh r\u0103ng v\u00e0 n\u01b0\u1edbc s\u00fac mi\u1ec7ng. N\u00f3 c\u00f3 th\u1ec3 \u0111\u01b0\u1ee3c th\u1ef1c hi\u1ec7n theo nhi\u1ec1u c\u00e1ch kh\u00e1c nhau: s\u01a1n vecni b\u1ed9t tr\u00ean r\u0103ng; b\u1ecdt \u0111\u01b0\u1ee3c \u0111\u01b0a v\u00e0o mi\u1ebfng b\u1ea3o v\u1ec7 mi\u1ec7ng, \u0111\u01b0\u1ee3c b\u00f4i l\u00ean r\u0103ng trong m\u1ed9t \u0111\u1ebfn b\u1ed1n ph\u00fat; ho\u1eb7c m\u1ed9t lo\u1ea1i gel \u0111\u01b0\u1ee3c s\u01a1n ho\u1eb7c b\u00f4i qua mi\u1ebfng b\u1ea3o v\u1ec7 mi\u1ec7ng.<\/p>\n<p style=\"text-align: center;\"><img loading=\"lazy\" decoding=\"async\" class=\"alignnone wp-image-221\" src=\"http:\/\/tgmdental.net\/wp-content\/uploads\/2016\/09\/tgm-6.jpg\" alt=\"\" width=\"800\" height=\"600\" srcset=\"https:\/\/tgmdental.net\/wp-content\/uploads\/2016\/09\/tgm-6.jpg 1280w, https:\/\/tgmdental.net\/wp-content\/uploads\/2016\/09\/tgm-6-300x225.jpg 300w, https:\/\/tgmdental.net\/wp-content\/uploads\/2016\/09\/tgm-6-768x576.jpg 768w, https:\/\/tgmdental.net\/wp-content\/uploads\/2016\/09\/tgm-6-1024x768.jpg 1024w, https:\/\/tgmdental.net\/wp-content\/uploads\/2016\/09\/tgm-6-463x348.jpg 463w\" sizes=\"auto, (max-width: 800px) 100vw, 800px\" \/><\/p>\n<div class=\"vc_btn3-container vc_btn3-center\"><a class=\"vc_general vc_btn3 vc_btn3-size-lg vc_btn3-shape-rounded vc_btn3-style-modern vc_btn3-icon-left vc_btn3-color-warning\" href=\"http:\/\/tgmdental.net\/vi\/make-an-appointment\/\" title=\"\"><i class=\"vc_btn3-icon fa fa-calendar\"><\/i> \u0110\u1eb7t l\u1ecbch h\u1eb9n<\/a><\/div><div class=\"vc_btn3-container vc_btn3-center\"><a class=\"vc_general vc_btn3 vc_btn3-size-lg vc_btn3-shape-rounded vc_btn3-style-modern vc_btn3-icon-left vc_btn3-color-warning\" href=\"http:\/\/tgmdental.net\/vi\/price-list\/\" title=\"\"><i class=\"vc_btn3-icon fa fa-money\"><\/i> B\u1ea3ng gi\u00e1<\/a><\/div>","protected":false},"excerpt":{"rendered":"<p>Kh\u00e1m r\u0103ng v\u00e0 t\u01b0 v\u1ea5n Kh\u00e1m r\u0103ng v\u00e0 t\u01b0 v\u1ea5n v\u1edbi m\u1ed9t trong nh\u1eefng nha s\u0129 TGM Dental c\u1ee7a ch\u00fang t\u00f4i l\u00e0 b\u01b0\u1edbc \u0111\u1ea7u ti\u00ean \u0111\u1ec3 \u0111\u1ea3m b\u1ea3o s\u1ee9c kh\u1ecfe v\u00e0 s\u1ef1 kh\u1ecfe m\u1ea1nh c\u1ee7a r\u0103ng v\u00e0 mi\u1ec7ng b\u1ea1n. Ki\u1ec3m tra r\u0103ng \u0111\u1ecbnh k\u1ef3 cho ph\u00e9p gi\u1ea3i quy\u1ebft c\u00e1c v\u1ea5n \u0111\u1ec1 s\u1edbm, \u00edt \u0111au \u0111\u1edbn, \u00edt t\u1ed1n k\u00e9m v\u00e0 th\u1eddi gian h\u01a1n. C\u00e1c nha s\u0129 c\u1ee7a ch\u00fang t\u00f4i s\u1ebd l\u00e0m vi\u1ec7c v\u1edbi b\u1ea1n \u0111\u1ec3 chu\u1ea9n b\u1ecb t\u1ed1t nh\u1ea5t [\u2026]<\/p>","protected":false},"author":3,"featured_media":0,"parent":9,"menu_order":1,"comment_status":"closed","ping_status":"closed","template":"","meta":{"footnotes":""},"class_list":["post-1413","page","type-page","status-publish","hentry"],"_links":{"self":[{"href":"https:\/\/tgmdental.net\/vi\/wp-json\/wp\/v2\/pages\/1413","targetHints":{"allow":["GET"]}}],"collection":[{"href":"https:\/\/tgmdental.net\/vi\/wp-json\/wp\/v2\/pages"}],"about":[{"href":"https:\/\/tgmdental.net\/vi\/wp-json\/wp\/v2\/types\/page"}],"author":[{"embeddable":true,"href":"https:\/\/tgmdental.net\/vi\/wp-json\/wp\/v2\/users\/3"}],"replies":[{"embeddable":true,"href":"https:\/\/tgmdental.net\/vi\/wp-json\/wp\/v2\/comments?post=1413"}],"version-history":[{"count":0,"href":"https:\/\/tgmdental.net\/vi\/wp-json\/wp\/v2\/pages\/1413\/revisions"}],"up":[{"embeddable":true,"href":"https:\/\/tgmdental.net\/vi\/wp-json\/wp\/v2\/pages\/9"}],"wp:attachment":[{"href":"https:\/\/tgmdental.net\/vi\/wp-json\/wp\/v2\/media?parent=1413"}],"curies":[{"name":"wp","href":"https:\/\/api.w.org\/{rel}","templated":true}]}}