{"id":1417,"date":"2023-07-07T14:27:19","date_gmt":"2023-07-07T07:27:19","guid":{"rendered":"https:\/\/tgmdental.net\/?page_id=1417"},"modified":"2023-07-07T14:27:33","modified_gmt":"2023-07-07T07:27:33","slug":"general-dentistry","status":"publish","type":"page","link":"https:\/\/tgmdental.net\/vi\/services\/general-dentistry\/","title":{"rendered":"Nha khoa t\u1ed5ng qu\u00e1t"},"content":{"rendered":"<h3><strong>V\u1ec7 sinh chuy\u00ean nghi\u1ec7p (c\u1eb7n &amp; ph\u00f2ng ng\u1eeba)<\/strong><\/h3>\n<p>L\u00e0m s\u1ea1ch r\u0103ng bao g\u1ed3m vi\u1ec7c c\u1ea1o v\u00f4i r\u0103ng\/\u0111i\u1ec1u tr\u1ecb d\u1ef1 ph\u00f2ng (d\u1ef1 ph\u00f2ng) \u0111\u1ec3 lo\u1ea1i b\u1ecf m\u1ea3ng b\u00e1m v\u00e0 cao r\u0103ng t\u00edch t\u1ee5 tr\u00ean r\u0103ng c\u1ee7a b\u1ea1n theo th\u1eddi gian. Vi\u1ec7c l\u00e0m s\u1ea1ch ng\u0103n ng\u1eeba vi khu\u1ea9n t\u00edch t\u1ee5 tr\u00ean n\u01b0\u1edbu, cu\u1ed1i c\u00f9ng c\u00f3 th\u1ec3 d\u1eabn \u0111\u1ebfn b\u1ec7nh n\u01b0\u1edbu r\u0103ng (b\u1ec7nh nha chu). \u0110\u00e1nh r\u0103ng v\u00e0 d\u00f9ng ch\u1ec9 nha khoa h\u00e0ng ng\u00e0y s\u1ebd h\u1ea1n ch\u1ebf t\u1ed1i \u0111a cao r\u0103ng nh\u01b0ng vi\u1ec7c v\u1ec7 sinh chuy\u00ean nghi\u1ec7p t\u1ea1i ph\u00f2ng kh\u00e1m c\u1ee7a ch\u00fang t\u00f4i s\u1ebd gi\u00fap b\u1ea1n lo\u1ea1i b\u1ecf cao r\u0103ng \u1edf nh\u1eefng n\u01a1i m\u00e0 b\u00e0n ch\u1ea3i \u0111\u00e1nh r\u0103ng v\u00e0 ch\u1ec9 nha khoa c\u1ee7a b\u1ea1n \u0111\u00e3 b\u1ecf s\u00f3t.<\/p>\n<h3><strong><img loading=\"lazy\" decoding=\"async\" class=\"wp-image-642 size-full aligncenter\" src=\"http:\/\/tgmdental.net\/wp-content\/uploads\/2016\/12\/pagina154-1-e1489370687829.jpg\" alt=\"\" width=\"1000\" height=\"563\" \/><\/strong><\/h3>\n<h3><strong>Phun c\u00e1t\u00a0 \u00a0\u00a0<\/strong><\/h3>\n<p>C\u00f2n \u0111\u01b0\u1ee3c g\u1ecdi l\u00e0 \u201cm\u00e0i m\u00f2n kh\u00f4ng kh\u00ed\u201d, quy tr\u00ecnh t\u01b0\u01a1ng \u0111\u1ed1i m\u1edbi n\u00e0y \u0111\u01b0\u1ee3c s\u1eed d\u1ee5ng thay cho vi\u1ec7c khoan \u0111\u1ec3 lo\u1ea1i b\u1ecf s\u00e2u r\u0103ng tr\u01b0\u1edbc khi tr\u00e1m r\u0103ng. Phun c\u00e1t th\u01b0\u1eddng \u0111\u01b0\u1ee3c \u01b0a chu\u1ed9ng h\u01a1n khoan v\u00ec n\u00f3 l\u00e0m gi\u1ea3m ti\u1ebfng \u1ed3n v\u00e0 gi\u1ea3m thi\u1ec3u s\u1ef1 kh\u00f3 ch\u1ecbu c\u1ee7a b\u1ec7nh nh\u00e2n.<\/p>\n<h3><strong>Khai th\u00e1c<\/strong><\/h3>\n<p>Vi\u1ec7c nh\u1ed5 ho\u1eb7c nh\u1ed5 r\u0103ng \u0111\u01b0\u1ee3c th\u1ef1c hi\u1ec7n khi r\u0103ng kh\u00f4ng th\u1ec3 ph\u1ee5c h\u1ed3i b\u1eb1ng m\u00e3o r\u0103ng ho\u1eb7c tr\u00e1m r\u0103ng do s\u00e2u r\u0103ng, ch\u1ea5n th\u01b0\u01a1ng ho\u1eb7c b\u1ec7nh t\u1eadt nghi\u00eam tr\u1ecdng. Nh\u1ed5 r\u0103ng c\u0169ng \u0111\u01b0\u1ee3c th\u1ef1c hi\u1ec7n khi m\u1ed9t chi\u1ebfc r\u0103ng g\u00e2y \u0111au ho\u1eb7c l\u00e0m t\u1ed5n th\u01b0\u01a1ng n\u01b0\u1edbu ho\u1eb7c c\u00e1c r\u0103ng kh\u00e1c. Trong qu\u00e1 tr\u00ecnh n\u00e0y, b\u00e1c s\u0129 s\u1ebd s\u1eed d\u1ee5ng thu\u1ed1c g\u00e2y t\u00ea n\u00ean b\u1ec7nh nh\u00e2n ch\u1ec9 c\u1ea3m th\u1ea5y h\u01a1i \u00e1p l\u1ef1c khi nh\u1ed5 r\u0103ng.<\/p>\n<p>Vi\u1ec7c nh\u1ed5 r\u0103ng c\u0169ng \u0111\u01b0\u1ee3c c\u00e1c nha s\u0129 c\u1ee7a ch\u00fang t\u00f4i th\u1ef1c hi\u1ec7n \u0111\u1ed1i v\u1edbi nh\u1eefng tr\u1ebb b\u1ecb s\u00e2u r\u0103ng n\u1eb7ng \u1edf m\u1ed9t ho\u1eb7c nhi\u1ec1u r\u0103ng t\u1ea1m th\u1eddi ho\u1eb7c khi c\u00f3 v\u1ea5n \u0111\u1ec1 v\u1ec1 kho\u1ea3ng c\u00e1ch.<\/p>\n<h3><strong><img loading=\"lazy\" decoding=\"async\" class=\"aligncenter wp-image-644\" src=\"http:\/\/tgmdental.net\/wp-content\/uploads\/2016\/12\/Extraction.jpg\" alt=\"\" width=\"1000\" height=\"403\" \/><\/strong><\/h3>\n<h3><strong>Ph\u1eabu thu\u1eadt \u00e1p xe n\u01b0\u1edbu\u00a0\u00a0 \u00a0<\/strong><\/h3>\n<p>\u00c1p xe l\u00e0 m\u1ed9t v\u00f9ng c\u00f3 m\u1ee7 b\u1ecb gi\u1edbi h\u1ea1n, th\u01b0\u1eddng do s\u00e2u r\u0103ng g\u00e2y ra. \u00c1p xe d\u1eabn \u0111\u1ebfn s\u01b0ng t\u1ea5y v\u00e0 c\u00f3 th\u1ec3 r\u1ea5t \u0111au \u0111\u1edbn. Khi t\u00ecnh tr\u1ea1ng s\u00e2u r\u0103ng tr\u1edf n\u00ean nghi\u00eam tr\u1ecdng, n\u00f3 s\u1ebd \u1ea3nh h\u01b0\u1edfng \u0111\u1ebfn d\u00e2y th\u1ea7n kinh v\u00e0 m\u1ea1ch m\u00e1u, khi\u1ebfn r\u0103ng b\u1ecb nhi\u1ec5m tr\u00f9ng v\u00e0 ch\u1ebft.<\/p>\n<p>Ph\u1eabu thu\u1eadt l\u00e0 c\u1ea7n thi\u1ebft khi nhi\u1ec5m tr\u00f9ng kh\u00f4ng l\u00e0nh sau khi \u0111i\u1ec1u tr\u1ecb t\u1ee7y ho\u1eb7c khi v\u1eabn c\u00f2n m\u1ed9t s\u1ed1 nhi\u1ec5m tr\u00f9ng c\u00f2n s\u00f3t l\u1ea1i trong v\u00e0 xung quanh ch\u00e2n r\u0103ng. M\u1ed9t l\u1ed7 nh\u1ecf \u0111\u01b0\u1ee3c t\u1ea1o ra xuy\u00ean qua n\u01b0\u1edbu v\u00e0 x\u01b0\u01a1ng tr\u00ean \u0111\u1ec9nh ch\u00e2n r\u0103ng \u0111\u1ec3 l\u00e0m s\u1ea1ch nhi\u1ec5m tr\u00f9ng.<\/p>\n<h3><strong>Ph\u1eabu thu\u1eadt \u0111\u1ec9nh\u00a0\u00a0 \u00a0<\/strong><\/h3>\n<p>Th\u1ee7 t\u1ee5c n\u00e0y lo\u1ea1i b\u1ecf nhi\u1ec5m tr\u00f9ng t\u1eeb \u0111\u1ea7u ch\u00e2n r\u0103ng. Nhi\u1ec5m tr\u00f9ng x\u1ea3y ra do vi khu\u1ea9n t\u00edch t\u1ee5 b\u00ean ngo\u00e0i ch\u00e2n r\u0103ng ho\u1eb7c trong x\u01b0\u01a1ng xung quanh. Ph\u1eabu thu\u1eadt ch\u00f3p ng\u0103n ch\u1eb7n s\u1ef1 r\u00f2 r\u1ec9 vi khu\u1ea9n t\u1eeb h\u1ec7 th\u1ed1ng \u1ed1ng t\u1ee7y v\u00e0o c\u00e1c m\u00f4 l\u00e2n c\u1eadn b\u1eb1ng c\u00e1ch tr\u00e1m ch\u1eb7t ph\u1ea7n ch\u00e2n r\u0103ng sau khi c\u1eaft b\u1ecf ph\u1ea7n ch\u00e2n r\u0103ng.<\/p>\n<h3><strong>\u0111i\u1ec1u tr\u1ecb nha chu\u00a0\u00a0 \u00a0<\/strong><\/h3>\n<p>Ph\u01b0\u01a1ng ph\u00e1p \u0111i\u1ec1u tr\u1ecb n\u00e0y gi\u1ea3i quy\u1ebft b\u1ec7nh nha chu, l\u00e0 m\u1ed9t b\u1ec7nh nhi\u1ec5m tr\u00f9ng m\u00e3n t\u00ednh do vi khu\u1ea9n \u1edf n\u01b0\u1edbu v\u00e0 x\u01b0\u01a1ng h\u00e0m b\u00ean d\u01b0\u1edbi g\u00e2y ra b\u1edfi m\u1ea3ng b\u00e1m (ho\u1eb7c cao r\u0103ng). \u0110\u00e1nh r\u0103ng v\u00e0 d\u00f9ng ch\u1ec9 nha khoa h\u00e0ng ng\u00e0y b\u1eb1ng k\u1ef9 thu\u1eadt th\u00edch h\u1ee3p s\u1ebd gi\u00fap ng\u0103n ng\u1eeba h\u1ea7u h\u1ebft c\u00e1c b\u1ec7nh v\u1ec1 n\u01b0\u1edbu.<\/p>\n<p>B\u1ec7nh n\u01b0\u1edbu r\u0103ng c\u00f3 th\u1ec3 khi\u1ebfn n\u01b0\u1edbu c\u1ee7a b\u1ea1n chuy\u1ec3n sang m\u00e0u \u0111\u1ecf, s\u01b0ng t\u1ea5y v\u00e0 th\u1eadm ch\u00ed d\u1ec5 ch\u1ea3y m\u00e1u. Sau m\u1ed9t th\u1eddi gian d\u00e0i, n\u01b0\u1edbu s\u1ebd t\u00e1ch ra kh\u1ecfi r\u0103ng, h\u00ecnh th\u00e0nh c\u00e1c kho\u1ea3ng tr\u1ed1ng, d\u1eabn \u0111\u1ebfn m\u00f4 n\u01b0\u1edbu v\u00e0 x\u01b0\u01a1ng b\u1ecb tho\u00e1i h\u00f3a. N\u1ebfu kh\u00f4ng \u0111\u01b0\u1ee3c \u0111i\u1ec1u tr\u1ecb, vi\u00eam nha chu c\u00f3 th\u1ec3 d\u1eabn \u0111\u1ebfn \u0111au d\u1eef d\u1ed9i v\u00e0 c\u00f3 th\u1ec3 m\u1ea5t r\u0103ng.<\/p>\n<p>C\u00e1c l\u1ef1a ch\u1ecdn \u0111i\u1ec1u tr\u1ecb bao g\u1ed3m ph\u1eabu thu\u1eadt n\u01b0\u1edbu, \u0111i\u1ec1u tr\u1ecb b\u1eb1ng laser ho\u1eb7c l\u00e0m s\u1ea1ch ch\u00e2n r\u0103ng. N\u1ebfu r\u0103ng b\u1ecb m\u1ea5t v\u0129nh vi\u1ec5n do b\u1ec7nh n\u01b0\u1edbu r\u0103ng, c\u1ea5y gh\u00e9p nha khoa ho\u1eb7c c\u00e1c th\u1ee7 thu\u1eadt th\u1ea9m m\u1ef9 c\u00f3 th\u1ec3 \u0111\u01b0\u1ee3c th\u1ef1c hi\u1ec7n \u0111\u1ec3 thay th\u1ebf ch\u00fang.<\/p>\n<h3><strong><img loading=\"lazy\" decoding=\"async\" class=\"aligncenter wp-image-646\" src=\"http:\/\/tgmdental.net\/wp-content\/uploads\/2016\/12\/periodontics.png\" alt=\"\" width=\"1000\" height=\"519\" srcset=\"https:\/\/tgmdental.net\/wp-content\/uploads\/2016\/12\/periodontics.png 1015w, https:\/\/tgmdental.net\/wp-content\/uploads\/2016\/12\/periodontics-300x156.png 300w, https:\/\/tgmdental.net\/wp-content\/uploads\/2016\/12\/periodontics-768x399.png 768w\" sizes=\"auto, (max-width: 1000px) 100vw, 1000px\" \/><\/strong><\/h3>\n<h3><strong>\u1ed0ng t\u1ee7y\u00a0\u00a0 \u00a0<\/strong><\/h3>\n<p>Th\u1ee7 thu\u1eadt \u0111i\u1ec1u tr\u1ecb t\u1ee7y \u0111\u01b0\u1ee3c th\u1ef1c hi\u1ec7n \u0111\u1ec3 lo\u1ea1i b\u1ecf t\u1ee7y b\u1ecb nhi\u1ec5m tr\u00f9ng \u1edf ph\u1ea7n b\u00ean trong c\u1ee7a r\u0103ng. T\u1ee7y bao g\u1ed3m c\u00e1c d\u00e2y th\u1ea7n kinh v\u00e0 m\u1ea1ch m\u00e1u mang l\u1ea1i s\u1ef1 s\u1ed1ng cho r\u0103ng. Trong qu\u00e1 tr\u00ecnh th\u1ef1c hi\u1ec7n, ch\u1ec9 c\u00f3 t\u1ee7y r\u0103ng \u0111\u01b0\u1ee3c lo\u1ea1i b\u1ecf c\u00f2n r\u0103ng v\u1eabn c\u00f2n nguy\u00ean v\u1eb9n. \u1ed0ng t\u1ee7y l\u00e0 khu v\u1ef1c ch\u1ee9a b\u1ed9t gi\u1ea5y, \u0111\u01b0\u1ee3c l\u00e0m s\u1ea1ch v\u00e0 l\u1ea5p \u0111\u1ea7y b\u1eb1ng v\u1eadt li\u1ec7u tr\u00e1m phi kim lo\u1ea1i.<\/p>\n<h3><strong><img loading=\"lazy\" decoding=\"async\" class=\"wp-image-649 size-full aligncenter\" src=\"http:\/\/tgmdental.net\/wp-content\/uploads\/2016\/12\/ROOT-CANAL-TREATMENT-e1489370999184.jpg\" alt=\"\" width=\"1000\" height=\"527\" \/><\/strong><\/h3>\n<h3><strong>Tr\u00e1m r\u0103ng \u00a0\u00a0<\/strong><\/h3>\n<p>Tr\u00e1m r\u0103ng l\u00e0 h\u1ed7n h\u1ed1ng kim lo\u1ea1i ho\u1eb7c nh\u1ef1a composite \u0111\u01b0\u1ee3c s\u1eed d\u1ee5ng \u0111\u1ec3 ph\u1ee5c h\u1ed3i r\u0103ng b\u1ecb h\u01b0 h\u1ecfng do s\u00e2u r\u0103ng. Nha s\u0129 s\u1ebd l\u00e0m s\u1ea1ch ph\u1ea7n r\u0103ng b\u1ecb s\u00e2u v\u00e0 l\u1ea5p \u0111\u1ea7y l\u1ed7 h\u1edf b\u1eb1ng v\u1eadt li\u1ec7u nh\u00e2n t\u1ea1o (tr\u00e1m r\u0103ng) \u0111\u1ec3 b\u1ea3o v\u1ec7 c\u1ea5u tr\u00fac c\u1ee7a r\u0103ng v\u00e0 ph\u1ee5c h\u1ed3i h\u00ecnh d\u00e1ng c\u0169ng nh\u01b0 ch\u1ee9c n\u0103ng c\u1ee7a r\u0103ng.<\/p>\n<h3><strong>Tr\u00e1m h\u1ed7n h\u1ee3p<\/strong><\/h3>\n<p>Amalgam l\u00e0 v\u1eadt li\u1ec7u ph\u1ed5 bi\u1ebfn \u0111\u01b0\u1ee3c s\u1eed d\u1ee5ng \u0111\u1ec3 tr\u00e1m c\u00e1c l\u1ed7 s\u00e2u r\u0103ng v\u00e0 c\u00f2n \u0111\u01b0\u1ee3c g\u1ecdi l\u00e0 v\u1eadt li\u1ec7u tr\u00e1m \u201cb\u1ea1c\u201d. Amalgam th\u1ef1c ch\u1ea5t l\u00e0 s\u1ef1 k\u1ebft h\u1ee3p c\u1ee7a c\u00e1c kim lo\u1ea1i, bao g\u1ed3m b\u1ea1c, th\u1ee7y ng\u00e2n, thi\u1ebfc v\u00e0 \u0111\u1ed3ng. Lo\u1ea1i tr\u00e1m n\u00e0y th\u01b0\u1eddng \u0111\u01b0\u1ee3c s\u1eed d\u1ee5ng tr\u00ean c\u00e1c r\u0103ng h\u00e0m ph\u00eda sau, n\u01a1i ch\u1ecbu \u00e1p l\u1ef1c l\u1edbn nh\u1ea5t khi nhai th\u1ee9c \u0103n. Tr\u00e1m amalgam th\u01b0\u1eddng \u0111\u01b0\u1ee3c s\u1eed d\u1ee5ng cho c\u00e1c l\u1ed7 s\u00e2u l\u1edbn v\u00e0 s\u00e2u.<\/p>\n<p>Nh\u1eefng mi\u1ebfng tr\u00e1m \u201cb\u1ea1c\u201d n\u00e0y gi\u1edd \u0111\u00e2y c\u00f3 th\u1ec3 \u0111\u01b0\u1ee3c thay th\u1ebf m\u1ed9t c\u00e1ch an to\u00e0n b\u1eb1ng ph\u1ee5c h\u00ecnh gi\u1ed1ng m\u00e0u r\u0103ng (onlay) nh\u1edd c\u00f4ng ngh\u1ec7 d\u00e1n m\u1edbi.<\/p>\n<p><strong>\u0111i\u1ec1n GIC\u00a0<\/strong><\/p>\n<p>Xi m\u0103ng ionomer th\u1ee7y tinh (GIC) \u0111\u01b0\u1ee3c l\u00e0m b\u1eb1ng acrylic v\u00e0 m\u1ed9t lo\u1ea1i v\u1eadt li\u1ec7u th\u1ee7y tinh c\u1ee5 th\u1ec3. GIC \u0111\u01b0\u1ee3c s\u1eed d\u1ee5ng \u0111\u1ec3 tr\u00e1m b\u00ean d\u01b0\u1edbi \u0111\u01b0\u1eddng vi\u1ec1n n\u01b0\u1edbu v\u00e0 tr\u00e1m r\u0103ng \u1edf tr\u1ebb nh\u1ecf. GIC gi\u1ea3i ph\u00f3ng fluoride gi\u00fap b\u1ea3o v\u1ec7 r\u0103ng kh\u1ecfi s\u00e2u r\u0103ng trong t\u01b0\u01a1ng lai. Mi\u1ebfng tr\u00e1m GIC c\u00f3 t\u00ednh th\u1ea9m m\u1ef9 h\u1ea5p d\u1eabn v\u00ec m\u00e0u r\u0103ng t\u1ef1 nhi\u00ean.<\/p>\n<p style=\"text-align: center;\"><img loading=\"lazy\" decoding=\"async\" class=\"alignnone wp-image-652 size-full\" src=\"http:\/\/tgmdental.net\/wp-content\/uploads\/2016\/12\/Tooth-Check-2.jpg\" alt=\"\" width=\"1000\" height=\"639\" srcset=\"https:\/\/tgmdental.net\/wp-content\/uploads\/2016\/12\/Tooth-Check-2.jpg 1000w, https:\/\/tgmdental.net\/wp-content\/uploads\/2016\/12\/Tooth-Check-2-300x192.jpg 300w, https:\/\/tgmdental.net\/wp-content\/uploads\/2016\/12\/Tooth-Check-2-768x491.jpg 768w\" sizes=\"auto, (max-width: 1000px) 100vw, 1000px\" \/><\/p>\n<div class=\"vc_btn3-container vc_btn3-center\"><a class=\"vc_general vc_btn3 vc_btn3-size-lg vc_btn3-shape-rounded vc_btn3-style-modern vc_btn3-icon-left vc_btn3-color-warning\" href=\"http:\/\/tgmdental.net\/vi\/make-an-appointment\/\" title=\"\"><i class=\"vc_btn3-icon fa fa-calendar\"><\/i> \u0110\u1eb7t l\u1ecbch h\u1eb9n<\/a><\/div><div class=\"vc_btn3-container vc_btn3-center\"><a class=\"vc_general vc_btn3 vc_btn3-size-lg vc_btn3-shape-rounded vc_btn3-style-modern vc_btn3-icon-left vc_btn3-color-warning\" href=\"http:\/\/tgmdental.net\/vi\/price-list\/\" title=\"\"><i class=\"vc_btn3-icon fa fa-money\"><\/i> B\u1ea3ng gi\u00e1<\/a><\/div>","protected":false},"excerpt":{"rendered":"<p>V\u1ec7 sinh chuy\u00ean nghi\u1ec7p (c\u1ea1o v\u00f4i r\u0103ng &amp; ph\u00f2ng ng\u1eeba) V\u1ec7 sinh r\u0103ng mi\u1ec7ng bao g\u1ed3m c\u1ea1o v\u00f4i r\u0103ng\/ph\u00f2ng ng\u1eeba (ph\u00f2ng ng\u1eeba) \u0111\u1ec3 lo\u1ea1i b\u1ecf m\u1ea3ng b\u00e1m v\u00e0 cao r\u0103ng t\u00edch t\u1ee5 tr\u00ean r\u0103ng theo th\u1eddi gian. Vi\u1ec7c v\u1ec7 sinh ng\u0103n ng\u1eeba vi khu\u1ea9n t\u00edch t\u1ee5 tr\u00ean n\u01b0\u1edbu, cu\u1ed1i c\u00f9ng c\u00f3 th\u1ec3 d\u1eabn \u0111\u1ebfn b\u1ec7nh n\u01b0\u1edbu r\u0103ng (b\u1ec7nh nha chu). \u0110\u00e1nh r\u0103ng v\u00e0 d\u00f9ng ch\u1ec9 nha khoa h\u00e0ng ng\u00e0y s\u1ebd gi\u00fap gi\u1ea3m thi\u1ec3u cao r\u0103ng nh\u01b0ng [\u2026]<\/p>","protected":false},"author":3,"featured_media":0,"parent":9,"menu_order":2,"comment_status":"closed","ping_status":"closed","template":"","meta":{"footnotes":""},"class_list":["post-1417","page","type-page","status-publish","hentry"],"_links":{"self":[{"href":"https:\/\/tgmdental.net\/vi\/wp-json\/wp\/v2\/pages\/1417","targetHints":{"allow":["GET"]}}],"collection":[{"href":"https:\/\/tgmdental.net\/vi\/wp-json\/wp\/v2\/pages"}],"about":[{"href":"https:\/\/tgmdental.net\/vi\/wp-json\/wp\/v2\/types\/page"}],"author":[{"embeddable":true,"href":"https:\/\/tgmdental.net\/vi\/wp-json\/wp\/v2\/users\/3"}],"replies":[{"embeddable":true,"href":"https:\/\/tgmdental.net\/vi\/wp-json\/wp\/v2\/comments?post=1417"}],"version-history":[{"count":0,"href":"https:\/\/tgmdental.net\/vi\/wp-json\/wp\/v2\/pages\/1417\/revisions"}],"up":[{"embeddable":true,"href":"https:\/\/tgmdental.net\/vi\/wp-json\/wp\/v2\/pages\/9"}],"wp:attachment":[{"href":"https:\/\/tgmdental.net\/vi\/wp-json\/wp\/v2\/media?parent=1417"}],"curies":[{"name":"wp","href":"https:\/\/api.w.org\/{rel}","templated":true}]}}