{"id":1419,"date":"2023-07-07T14:32:38","date_gmt":"2023-07-07T07:32:38","guid":{"rendered":"https:\/\/tgmdental.net\/?page_id=1419"},"modified":"2023-07-07T14:32:38","modified_gmt":"2023-07-07T07:32:38","slug":"cosmetics-dentistry","status":"publish","type":"page","link":"https:\/\/tgmdental.net\/vi\/services\/cosmetics-dentistry\/","title":{"rendered":"Nha khoa th\u1ea9m m\u1ef9"},"content":{"rendered":"<h3><strong>Tr\u00e1m r\u0103ng th\u1ea9m m\u1ef9<\/strong><\/h3>\n<p>L\u00e0 m\u1ed9t gi\u1ea3i ph\u00e1p thay th\u1ebf cho tr\u00e1m h\u1ed7n h\u1ed1ng ho\u1eb7c b\u1ea1c, tr\u00e1m r\u0103ng th\u1ea9m m\u1ef9 c\u00f3 \u01b0u \u0111i\u1ec3m l\u00e0 gi\u1ed1ng m\u00e0u r\u0103ng v\u00e0 do \u0111\u00f3 \u00edt b\u1ecb ch\u00fa \u00fd h\u01a1n.<\/p>\n<h3><strong><img loading=\"lazy\" decoding=\"async\" class=\"size-full wp-image-655 aligncenter\" src=\"http:\/\/tgmdental.net\/wp-content\/uploads\/2016\/12\/dental-fillings3-e1489372216163.jpg\" alt=\"\" width=\"1000\" height=\"550\" \/><\/strong><\/h3>\n<h3><strong>tr\u00e1ng men<\/strong><\/h3>\n<p>Men r\u0103ng l\u00e0 v\u1eadt li\u1ec7u c\u1ee9ng, m\u1ecfng bao ph\u1ee7 ng\u00e0 r\u0103ng ho\u1eb7c ph\u1ea7n th\u00e2n ch\u00ednh c\u1ee7a r\u0103ng v\u00e0 b\u1ea3o v\u1ec7 r\u0103ng kh\u1ecfi nhi\u1ec7t \u0111\u1ed9 kh\u1eafc nghi\u1ec7t c\u0169ng nh\u01b0 hao m\u00f2n h\u00e0ng ng\u00e0y. M\u1eb7c d\u00f9 men r\u0103ng c\u00f3 th\u1ec3 ch\u1ecbu \u0111\u01b0\u1ee3c nh\u1eefng t\u1ed5n th\u01b0\u01a1ng m\u00e0 ng\u00e0 r\u0103ng kh\u00f4ng th\u1ec3, nh\u01b0ng n\u00f3 kh\u00f4ng c\u00f3 b\u1ea5t k\u1ef3 t\u1ebf b\u00e0o s\u1ed1ng n\u00e0o. Do \u0111\u00f3, n\u00f3 kh\u00f4ng th\u1ec3 t\u1ef1 s\u1eeda ch\u1eefa n\u1ebfu n\u00f3 b\u1ecb h\u1ecfng ho\u1eb7c s\u1ee9t m\u1ebb. \u0110\u1ed1i v\u1edbi \u0111i\u1ec1u \u0111\u00f3, b\u1ea1n s\u1ebd c\u1ea7n ph\u1ea3i g\u1eb7p nha s\u0129.<\/p>\n<p>C\u00f3 nhi\u1ec1u b\u01b0\u1edbc \u0111\u01a1n gi\u1ea3n m\u00e0 b\u1ea1n v\u00e0 nha s\u0129 c\u1ee7a ch\u00fang t\u00f4i c\u00f3 th\u1ec3 th\u1ef1c hi\u1ec7n \u0111\u1ec3 gi\u00fap ng\u0103n ng\u1eeba men r\u0103ng b\u1ecb h\u01b0 h\u1ea1i ho\u1eb7c kh\u00f4i ph\u1ee5c men r\u0103ng sau khi \u0111\u00e3 l\u00e0m h\u1ecfng men r\u0103ng.<\/p>\n<h3><strong>l\u00e0m \u0111\u1ea7y k\u1ebd h\u1edf<\/strong><\/h3>\n<p>Kh\u00f4ng gian k\u1ebd l\u00e0 nh\u1eefng kho\u1ea3ng tr\u1ed1ng gi\u1eefa c\u00e1c r\u0103ng. Tr\u00e1m khe s\u1ebd \u0111\u00f3ng nh\u1eefng kho\u1ea3ng tr\u1ed1ng n\u00e0y, gi\u00fap th\u1ee9c \u0103n kh\u00f4ng b\u1ecb m\u1eafc k\u1eb9t v\u00e0 t\u1ea1o ra m\u1ed9t n\u1ee5 c\u01b0\u1eddi \u0111\u1eb9p h\u01a1n.<\/p>\n<h3><strong>\u0110\u00ednh k\u00e8m kim c\u01b0\u01a1ng<\/strong><\/h3>\n<p>Tr\u00e1m \u0111\u00ednh kim c\u01b0\u01a1ng c\u00f2n \u0111\u01b0\u1ee3c g\u1ecdi l\u00e0 \u201ctrang s\u1ee9c r\u0103ng\u201d. Nha s\u0129 g\u1eafn m\u1ed9t vi\u00ean kim c\u01b0\u01a1ng ph\u1eb3ng, m\u1ecfng l\u00ean b\u1ec1 m\u1eb7t r\u0103ng. Lo\u1ea1i \u201ctr\u00e1m\u201d n\u00e0y kh\u00f4ng \u1ea3nh h\u01b0\u1edfng \u0111\u1ebfn vi\u1ec7c \u0111\u00e1nh r\u0103ng ho\u1eb7c v\u1ec7 sinh r\u0103ng mi\u1ec7ng. Khu v\u1ef1c b\u00ean d\u01b0\u1edbi vi\u00ean ng\u1ecdc \u0111\u01b0\u1ee3c ni\u00eam phong \u0111\u1ec3 ng\u0103n vi khu\u1ea9n x\u00e2m nh\u1eadp.<\/p>\n<p>Kh\u00f4ng c\u00f3 khoan ho\u1eb7c \u0111au li\u00ean quan. Vi\u00ean ng\u1ecdc \u0111\u01b0\u1ee3c g\u1eafn v\u00e0o men r\u0103ng. Vi\u1ec7c \u0111\u1eb7t v\u00e0 th\u00e1o vi\u00ean ng\u1ecdc c\u0169ng t\u01b0\u01a1ng t\u1ef1 nh\u01b0 vi\u1ec7c \u0111\u1eb7t v\u00e0 th\u00e1o c\u00e1c m\u1eafc c\u00e0i ch\u1ec9nh nha. Khi n\u00f3 \u0111\u01b0\u1ee3c l\u1ea5y ra, n\u00f3 ch\u1ec9 \u0111\u01a1n gi\u1ea3n l\u00e0 b\u1eadt ra v\u00e0 \u0111\u00e1nh b\u00f3ng r\u0103ng \u0111\u1ec3 lo\u1ea1i b\u1ecf b\u1ea5t k\u1ef3 ch\u1ea5t k\u1ebft d\u00ednh n\u00e0o c\u00f2n s\u00f3t l\u1ea1i.<\/p>\n<h3><strong>l\u00e0m tr\u1eafng<\/strong><\/h3>\n<p>C\u00f3 nh\u1eefng l\u1ed7 nh\u1ecf b\u00ean trong l\u1edbp ngo\u00e0i c\u1ee7a r\u0103ng thu th\u1eadp v\u1ebft b\u1ea9n theo th\u1eddi gian t\u1eeb c\u00e0 ph\u00ea, tr\u00e0 v\u00e0 thu\u1ed1c l\u00e1. C\u00e1c ph\u01b0\u01a1ng ph\u00e1p \u0111i\u1ec1u tr\u1ecb l\u00e0m tr\u1eafng r\u0103ng c\u1ea3i thi\u1ec7n v\u1ebb ngo\u00e0i c\u1ee7a r\u0103ng b\u1ecb \u0111\u1ed5i m\u00e0u b\u1eb1ng c\u00e1ch lo\u1ea1i b\u1ecf nh\u1eefng v\u1ebft \u1ed1 \u0111\u00f3. Nhi\u1ec1u ng\u01b0\u1eddi ng\u1ea1c nhi\u00ean v\u1ec1 h\u00e0m r\u0103ng tr\u1eafng s\u00e1ng v\u00e0 \u0111\u1eb9p nh\u01b0 th\u1ebf n\u00e0o sau nh\u1eefng th\u1ee7 thu\u1eadt t\u1ea9y tr\u1eafng \u0111\u01a1n gi\u1ea3n n\u00e0y. T\u1ea9y tr\u1eafng r\u0103ng \u0111\u01b0\u1ee3c th\u1ef1c hi\u1ec7n nhanh ch\u00f3ng v\u00e0 an to\u00e0n cho m\u1ecdi l\u1ee9a tu\u1ed5i. B\u1ea1n c\u00f3 th\u1ec3 ch\u1ec9 c\u00f3 r\u0103ng tr\u00ean, ch\u1ec9 r\u0103ng d\u01b0\u1edbi, ho\u1eb7c l\u00e0m tr\u1eafng c\u1ea3 h\u00e0m tr\u00ean v\u00e0 h\u00e0m d\u01b0\u1edbi, t\u00f9y thu\u1ed9c v\u00e0o c\u00e1ch b\u1ea1n c\u01b0\u1eddi. M\u1ee9c \u0111\u1ed9 l\u00e0m tr\u1eafng \u0111\u1ea1t \u0111\u01b0\u1ee3c s\u1ebd kh\u00e1c nhau \u1edf m\u1ed7i ng\u01b0\u1eddi, d\u1ef1a tr\u00ean t\u00ecnh tr\u1ea1ng c\u1ee7a emamel v\u00e0 lo\u1ea1i v\u1ebft \u1ed1 hi\u1ec7n c\u00f3 tr\u00ean r\u0103ng.<\/p>\n<p>(Th\u1eadn tr\u1ecdng: Tr\u00ean th\u1ecb tr\u01b0\u1eddng c\u00f3 r\u1ea5t nhi\u1ec1u lo\u1ea1i v\u1eadt li\u1ec7u l\u00e0m tr\u1eafng v\u1edbi nhi\u1ec1u nh\u00e3n hi\u1ec7u v\u00e0 nhi\u1ec1u m\u1ee9c gi\u00e1 kh\u00e1c nhau. Tuy nhi\u00ean, s\u1eed d\u1ee5ng b\u1ea5t k\u1ef3 s\u1ea3n ph\u1ea9m n\u00e0o trong s\u1ed1 n\u00e0y m\u00e0 kh\u00f4ng c\u00f3 khuy\u1ebfn ngh\u1ecb v\u00e0 gi\u00e1m s\u00e1t c\u1ee7a nha s\u0129 c\u00f3 th\u1ec3 g\u00e2y nguy hi\u1ec3m cho n\u01b0\u1edbu v\u00e0 r\u0103ng c\u1ee7a b\u1ea1n.)<\/p>\n<p>Nha khoa TGM \u0111\u01b0a ra hai l\u1ef1a ch\u1ecdn t\u1ea9y tr\u1eafng r\u0103ng, t\u00f9y thu\u1ed9c v\u00e0o th\u1eddi gian v\u00e0 m\u1ee9c gi\u00e1 mong mu\u1ed1n c\u1ee7a b\u1ea1n.<\/p>\n<p><span style=\"text-decoration: underline;\"><strong><em>L\u00e0m tr\u1eafng t\u1ea1i nh\u00e0<\/em><\/strong><\/span><\/p>\n<p>Ph\u01b0\u01a1ng ph\u00e1p \u0111i\u1ec1u tr\u1ecb n\u00e0y bao g\u1ed3m c\u00e1c khay nh\u1ef1a, \u0111\u01b0\u1ee3c t\u00f9y ch\u1ec9nh \u0111\u1ec3 ph\u00f9 h\u1ee3p v\u1edbi h\u00ecnh d\u1ea1ng r\u0103ng c\u1ee7a b\u1ec7nh nh\u00e2n. Sau \u0111\u00f3 m\u1ed9t l\u01b0\u1ee3ng nh\u1ecf dung d\u1ecbch t\u1ea9y tr\u1eafng s\u1ebd \u0111\u01b0\u1ee3c cho v\u00e0o khay v\u00e0 \u0111eo l\u00ean r\u0103ng trong m\u1ed9t kho\u1ea3ng th\u1eddi gian quy \u0111\u1ecbnh.<\/p>\n<p><span style=\"text-decoration: underline;\"><em><strong>Tr\u00ean gh\u1ebf nha khoa b\u1eb1ng plasma-laser<\/strong><\/em><\/span><\/p>\n<p>Trong ph\u01b0\u01a1ng ph\u00e1p \u0111i\u1ec1u tr\u1ecb n\u00e0y, nha s\u0129 \u0111\u1eb7t dung d\u1ecbch l\u00e0m tr\u1eafng tr\u1ef1c ti\u1ebfp l\u00ean r\u0103ng c\u1ee7a b\u1ec7nh nh\u00e2n v\u00e0 k\u00edch ho\u1ea1t n\u00f3 b\u1eb1ng tia c\u1ef1c t\u00edm trong m\u1ed9t th\u1eddi gian nh\u1ea5t \u0111\u1ecbnh. Quy tr\u00ecnh n\u00e0y th\u01b0\u1eddng m\u1ea5t m\u1ed9t gi\u1edd trong m\u1ed9t ho\u1eb7c hai l\u1ea7n th\u0103m kh\u00e1m.<\/p>\n<h3><strong><img loading=\"lazy\" decoding=\"async\" class=\"size-full wp-image-654 aligncenter\" src=\"http:\/\/tgmdental.net\/wp-content\/uploads\/2016\/12\/white-cleaning-e1489372027176.jpg\" alt=\"\" width=\"1000\" height=\"563\" \/><\/strong><\/h3>\n<h3><strong>Veneer s\u1ee9, Inlay, Onlay (d\u00e0nh cho s\u1ee9 cercon)<\/strong><\/h3>\n<p>Veneers l\u00e0 m\u1ed9t l\u1edbp v\u1ecf m\u1ecfng l\u00e0m b\u1eb1ng s\u1ee9 ho\u1eb7c v\u1eadt li\u1ec7u composite. Ch\u00fang \u0111\u01b0\u1ee3c ch\u1ebf t\u1ea1o t\u00f9y ch\u1ec9nh v\u00e0 g\u1eafn v\u00e0o m\u1eb7t tr\u01b0\u1edbc c\u1ee7a r\u0103ng, gi\u1ed1ng nh\u01b0 m\u00f3ng tay gi\u1ea3 l\u1eafp v\u00e0o m\u00f3ng tay. M\u1eb7t d\u00e1n s\u1ee9 veneer c\u00f3 th\u1ec3 \u0111\u01b0\u1ee3c s\u1eed d\u1ee5ng \u0111\u1ec3 \u0111i\u1ec1u tr\u1ecb c\u00e1c t\u00ecnh tr\u1ea1ng r\u0103ng nh\u01b0 r\u0103ng h\u01a1i kh\u1ea5p kh\u1ec3nh, r\u0103ng \u0111\u1ed5i m\u00e0u, r\u0103ng b\u1ecb s\u1ee9t m\u1ebb ho\u1eb7c \u0111\u1ec3 che kho\u1ea3ng tr\u1ed1ng gi\u1eefa c\u00e1c r\u0103ng.<\/p>\n<p>Mi\u1ebfng d\u00e1n l\u00e0m cho r\u0103ng tr\u00f4ng t\u1ef1 nhi\u00ean v\u00e0 kh\u1ecfe m\u1ea1nh, v\u00e0 b\u1edfi v\u00ec ch\u00fang r\u1ea5t m\u1ecfng v\u00e0 \u0111\u01b0\u1ee3c gi\u1eef c\u1ed1 \u0111\u1ecbnh b\u1eb1ng m\u1ed9t ch\u1ea5t k\u1ebft d\u00ednh ch\u1eafc ch\u1eafn \u0111\u1eb7c bi\u1ec7t (gi\u1ed1ng nh\u01b0 keo si\u00eau d\u00ednh) n\u00ean r\u1ea5t \u00edt c\u1ea7n chu\u1ea9n b\u1ecb cho r\u0103ng.<\/p>\n<p>Mi\u1ebfng d\u00e1n s\u1ee9 c\u00f3 th\u1ec3 t\u1ed3n t\u1ea1i trong nhi\u1ec1u n\u0103m, nh\u01b0ng ch\u00fang c\u00f3 th\u1ec3 s\u1ee9t m\u1ebb ho\u1eb7c g\u00e3y, gi\u1ed1ng nh\u01b0 r\u0103ng c\u1ee7a b\u1ea1n. M\u1ed9t veneer m\u1ea5t \u00edt nh\u1ea5t hai l\u1ea7n; ng\u01b0\u1eddi \u0111\u1ea7u ti\u00ean chu\u1ea9n b\u1ecb r\u0103ng v\u00e0 ph\u00f9 h\u1ee3p v\u1edbi b\u00f3ng r\u00e2m, v\u00e0 ng\u01b0\u1eddi th\u1ee9 hai \u0111\u1ec3 ph\u00f9 h\u1ee3p v\u1edbi n\u00f3. Tr\u01b0\u1edbc khi d\u00e1n v\u00e0o v\u1ecb tr\u00ed, nha s\u0129 s\u1ebd cho b\u1ea1n xem m\u1eb7t d\u00e1n s\u1ee9 tr\u00ean r\u0103ng \u0111\u1ec3 \u0111\u1ea3m b\u1ea3o r\u1eb1ng b\u1ea1n h\u00e0i l\u00f2ng v\u1edbi n\u00f3.<\/p>\n<p>Inlay t\u01b0\u01a1ng t\u1ef1 nh\u01b0 tr\u00e1m nh\u01b0ng to\u00e0n b\u1ed9 c\u00f4ng vi\u1ec7c n\u1eb1m trong c\u00e1c m\u00fai ho\u1eb7c ph\u1ea7n l\u1ed3i tr\u00ean b\u1ec1 m\u1eb7t nhai c\u1ee7a r\u0103ng. Onlay, th\u01b0\u1eddng \u0111\u01b0\u1ee3c g\u1ecdi l\u00e0 m\u00e3o m\u1ed9t ph\u1ea7n, l\u00e0 m\u1ed9t th\u1ee7 thu\u1eadt x\u00e2m l\u1ea5n v\u00e0 t\u1ed1n k\u00e9m h\u01a1n. C\u1ea3 hai th\u01b0\u1eddng y\u00eau c\u1ea7u hai l\u01b0\u1ee3t truy c\u1eadp \u0111\u1ec3 ho\u00e0n th\u00e0nh. Inlay v\u00e0 onlay th\u01b0\u1eddng \u0111\u01b0\u1ee3c s\u1eed d\u1ee5ng cho r\u0103ng \u201cph\u00eda sau\u201d, r\u0103ng c\u00f3 b\u1ec1 m\u1eb7t ph\u1eb3ng \u1edf ph\u00eda sau mi\u1ec7ng m\u00e0 b\u1ea1n d\u00f9ng \u0111\u1ec3 nhai. Quy tr\u00ecnh inlay ho\u1eb7c onlay li\u00ean quan \u0111\u1ebfn vi\u1ec7c t\u1ea1o ra m\u1ed9t l\u1edbp b\u1ed9t \u0111\u01b0\u1ee3c g\u1eafn v\u00e0o r\u0103ng c\u1ee7a b\u1ea1n b\u1eb1ng nhi\u1ec1u lo\u1ea1i xi m\u0103ng kh\u00e1c nhau.<\/p>\n<p style=\"text-align: center;\"><img loading=\"lazy\" decoding=\"async\" class=\"alignnone size-full wp-image-656\" src=\"http:\/\/tgmdental.net\/wp-content\/uploads\/2016\/12\/Porcelain-e1489372296363.jpg\" alt=\"\" width=\"1000\" height=\"483\" \/><\/p>\n<div class=\"vc_btn3-container vc_btn3-center\"><a class=\"vc_general vc_btn3 vc_btn3-size-lg vc_btn3-shape-rounded vc_btn3-style-modern vc_btn3-icon-left vc_btn3-color-warning\" href=\"http:\/\/tgmdental.net\/vi\/make-an-appointment\/\" title=\"\"><i class=\"vc_btn3-icon fa fa-calendar\"><\/i> \u0110\u1eb7t l\u1ecbch h\u1eb9n<\/a><\/div><div class=\"vc_btn3-container vc_btn3-center\"><a class=\"vc_general vc_btn3 vc_btn3-size-lg vc_btn3-shape-rounded vc_btn3-style-modern vc_btn3-icon-left vc_btn3-color-warning\" href=\"http:\/\/tgmdental.net\/vi\/price-list\/\" title=\"\"><i class=\"vc_btn3-icon fa fa-money\"><\/i> B\u1ea3ng gi\u00e1<\/a><\/div>","protected":false},"excerpt":{"rendered":"<p>Tr\u00e1m r\u0103ng th\u1ea9m m\u1ef9 M\u1ed9t ph\u01b0\u01a1ng \u00e1n thay th\u1ebf cho tr\u00e1m r\u0103ng b\u1eb1ng amalgam ho\u1eb7c b\u1ea1c, tr\u00e1m r\u0103ng th\u1ea9m m\u1ef9 c\u00f3 \u01b0u \u0111i\u1ec3m l\u00e0 c\u00f3 m\u00e0u r\u0103ng, do \u0111\u00f3 \u00edt b\u1ecb ph\u00e1t hi\u1ec7n h\u01a1n. Tr\u00e1m r\u0103ng b\u1eb1ng men r\u0103ng Men r\u0103ng l\u00e0 v\u1eadt li\u1ec7u m\u1ecfng, c\u1ee9ng bao ph\u1ee7 ng\u00e0 r\u0103ng, hay ph\u1ea7n th\u00e2n ch\u00ednh c\u1ee7a r\u0103ng, v\u00e0 b\u1ea3o v\u1ec7 ng\u00e0 r\u0103ng kh\u1ecfi nhi\u1ec7t \u0111\u1ed9 kh\u1eafc nghi\u1ec7t v\u00e0 t\u00ecnh tr\u1ea1ng hao m\u00f2n h\u00e0ng ng\u00e0y. M\u1eb7c d\u00f9 men r\u0103ng c\u00f3 th\u1ec3 ch\u1ecbu \u0111\u01b0\u1ee3c [\u2026]<\/p>","protected":false},"author":3,"featured_media":0,"parent":9,"menu_order":3,"comment_status":"closed","ping_status":"closed","template":"","meta":{"footnotes":""},"class_list":["post-1419","page","type-page","status-publish","hentry"],"_links":{"self":[{"href":"https:\/\/tgmdental.net\/vi\/wp-json\/wp\/v2\/pages\/1419","targetHints":{"allow":["GET"]}}],"collection":[{"href":"https:\/\/tgmdental.net\/vi\/wp-json\/wp\/v2\/pages"}],"about":[{"href":"https:\/\/tgmdental.net\/vi\/wp-json\/wp\/v2\/types\/page"}],"author":[{"embeddable":true,"href":"https:\/\/tgmdental.net\/vi\/wp-json\/wp\/v2\/users\/3"}],"replies":[{"embeddable":true,"href":"https:\/\/tgmdental.net\/vi\/wp-json\/wp\/v2\/comments?post=1419"}],"version-history":[{"count":0,"href":"https:\/\/tgmdental.net\/vi\/wp-json\/wp\/v2\/pages\/1419\/revisions"}],"up":[{"embeddable":true,"href":"https:\/\/tgmdental.net\/vi\/wp-json\/wp\/v2\/pages\/9"}],"wp:attachment":[{"href":"https:\/\/tgmdental.net\/vi\/wp-json\/wp\/v2\/media?parent=1419"}],"curies":[{"name":"wp","href":"https:\/\/api.w.org\/{rel}","templated":true}]}}