{"id":1421,"date":"2023-07-07T14:41:43","date_gmt":"2023-07-07T07:41:43","guid":{"rendered":"https:\/\/tgmdental.net\/?page_id=1421"},"modified":"2023-07-07T14:45:25","modified_gmt":"2023-07-07T07:45:25","slug":"bridge-crown-and-denture","status":"publish","type":"page","link":"https:\/\/tgmdental.net\/vi\/services\/bridge-crown-and-denture\/","title":{"rendered":"Bridge, Crown v\u00e0 R\u0103ng gi\u1ea3"},"content":{"rendered":"<h3><strong>C\u1ea7u r\u0103ng v\u00e0 m\u00e3o r\u0103ng\u00a0<\/strong><\/h3>\n<p>B\u1ea5t c\u1ee9 ai, \u1edf \u0111\u1ed9 tu\u1ed5i n\u00e0o c\u0169ng c\u00f3 th\u1ec3 b\u1ecb m\u1ea5t r\u0103ng. M\u1ea5t r\u0103ng \u1ea3nh h\u01b0\u1edfng \u0111\u1ebfn kh\u1ea3 n\u0103ng \u0103n u\u1ed1ng, n\u00f3i n\u0103ng c\u0169ng nh\u01b0 v\u1ebb ngo\u00e0i c\u1ee7a b\u1ea1n. M\u00e3o r\u0103ng v\u00e0 c\u1ea7u r\u0103ng l\u00e0 hai l\u1ef1a ch\u1ecdn \u0111\u1ec3 kh\u1eafc ph\u1ee5c v\u1ea5n \u0111\u1ec1.<\/p>\n<p>M\u00e3o r\u0103ng l\u00e0 m\u1ed9t chi\u1ebfc m\u0169 \u0111\u01b0\u1ee3c l\u00e0m \u0111\u1ec3 v\u1eeba v\u1edbi chi\u1ebfc r\u0103ng b\u1ecb h\u01b0 h\u1ecfng. Ch\u00fang th\u01b0\u1eddng \u0111\u01b0\u1ee3c t\u1ea1o ra cho nh\u1eefng chi\u1ebfc r\u0103ng b\u1ecb n\u1ee9t ho\u1eb7c y\u1ebfu \u0111i do s\u00e2u r\u0103ng ho\u1eb7c s\u1ef1 h\u01b0 h\u1ecfng c\u1ee7a mi\u1ebfng tr\u00e1m l\u1edbn, c\u0169. C\u00e1c nha s\u0129 c\u1ee7a ch\u00fang t\u00f4i c\u0169ng c\u00f3 th\u1ec3 \u0111\u1ec1 ngh\u1ecb b\u1ecdc m\u00e3o r\u0103ng sau khi \u0111i\u1ec1u tr\u1ecb t\u1ee7y n\u1ebfu r\u0103ng hi\u1ec7n t\u1ea1i tr\u1edf n\u00ean y\u1ebfu sau th\u1ee7 thu\u1eadt. M\u00e3o bao ph\u1ee7 r\u0103ng, b\u1ea3o v\u1ec7 v\u00e0 ph\u1ee5c h\u1ed3i h\u00ecnh d\u1ea1ng th\u00edch h\u1ee3p c\u1ee7a n\u00f3. N\u1ebfu r\u0103ng c\u1ee7a b\u1ea1n c\u00f3 qu\u00e1 nhi\u1ec1u kho\u1ea3ng tr\u1ed1ng gi\u1eefa ch\u00fang, c\u00e1c nha s\u0129 c\u1ee7a ch\u00fang t\u00f4i c\u00f3 th\u1ec3 khuy\u00ean b\u1ea1n n\u00ean s\u1eed d\u1ee5ng m\u00e3o ho\u1eb7c nhi\u1ec1u m\u00e3o \u0111\u1ec3 c\u00f3 v\u1ebb ngo\u00e0i \u0111\u1eb9p h\u01a1n. M\u1ed9t v\u01b0\u01a1ng mi\u1ec7n th\u01b0\u1eddng k\u00e9o d\u00e0i 20-30 n\u0103m.<\/p>\n<p>C\u1ea7u r\u0103ng \u0111\u01b0\u1ee3c l\u00e0m b\u1eb1ng m\u00e3o r\u0103ng v\u00e0 \u0111\u01b0\u1ee3c s\u1eed d\u1ee5ng \u0111\u1ec3 tr\u00e1m v\u00e0o nh\u1eefng ch\u1ed7 m\u1ea5t r\u0103ng. N\u1ebfu b\u1ea1n b\u1ecb m\u1ea5t m\u1ed9t ho\u1eb7c nhi\u1ec1u r\u0103ng gi\u1eefa c\u00e1c r\u0103ng hi\u1ec7n c\u00f3, c\u1ea7u r\u0103ng c\u00f3 th\u1ec3 \u0111\u01b0\u1ee3c s\u1eed d\u1ee5ng \u0111\u1ec3 l\u1ea5p \u0111\u1ea7y r\u0103ng b\u1ecb m\u1ea5t. C\u1ea7u r\u0103ng s\u1ebd gi\u00fap b\u1eafc c\u1ea7u qua kho\u1ea3ng tr\u1ed1ng b\u1eb1ng m\u1ed9t m\u00e3o r\u0103ng \u0111\u01b0\u1ee3c g\u1eafn v\u00e0o c\u00e1c m\u00e3o r\u0103ng kh\u00e1c \u0111\u01b0\u1ee3c h\u1ed7 tr\u1ee3 b\u1edfi c\u00e1c r\u0103ng li\u1ec1n k\u1ec1 v\u1edbi kho\u1ea3ng tr\u1ed1ng. C\u1ea7u c\u00f3 th\u1ec3 \u0111\u01b0\u1ee3c l\u00e0m b\u1eb1ng s\u1ee9 ho\u1eb7c k\u1ebft h\u1ee3p gi\u1eefa s\u1ee9 v\u00e0 v\u00e0ng. N\u1ebfu m\u1ea5t m\u1ed9t r\u0103ng s\u1ebd l\u00e0m c\u1ea7u r\u0103ng b\u1eb1ng 3 m\u00e3o s\u1ee9. N\u1ebfu m\u1ea5t hai r\u0103ng, b\u1ed1n m\u00e3o s\u1ebd \u0111\u01b0\u1ee3c s\u1eed d\u1ee5ng.<\/p>\n<p>C\u1ea3 c\u1ea7u r\u0103ng v\u00e0 m\u00e3o r\u0103ng \u0111\u1ec1u mang l\u1ea1i v\u1ebb ngo\u00e0i t\u1ef1 nhi\u00ean v\u00e0 t\u1ea1o \u0111i\u1ec1u ki\u1ec7n thu\u1eadn l\u1ee3i cho vi\u1ec7c \u0103n u\u1ed1ng v\u00e0 n\u00f3i chuy\u1ec7n. C\u00e1c nha s\u0129 c\u1ee7a ch\u00fang t\u00f4i s\u1ebd s\u1eb5n l\u00f2ng th\u1ea3o lu\u1eadn v\u1ec1 c\u00e1c l\u1ef1a ch\u1ecdn c\u1ee7a b\u1ea1n v\u1edbi b\u1ea1n t\u00f9y thu\u1ed9c v\u00e0o ng\u00e2n s\u00e1ch c\u1ee7a b\u1ea1n.<\/p>\n<p><span style=\"text-decoration: underline;\"><em><strong>R\u0103ng s\u1ee9 g\u1eafn v\u1edbi m\u00e3o kim lo\u1ea1i<\/strong><\/em><\/span><\/p>\n<p>R\u0103ng s\u1ee9 kim lo\u1ea1i l\u00e0 s\u1ef1 k\u1ebft h\u1ee3p gi\u1eefa r\u0103ng kim lo\u1ea1i v\u00e0 s\u1ee9. \u0110\u1ea7u ti\u00ean, m\u1ed9t l\u1edbp v\u1ecf kim lo\u1ea1i \u0111\u01b0\u1ee3c ch\u1ebf t\u1ea1o \u0111\u1ec3 v\u1eeba kh\u00edt v\u1edbi r\u0103ng, sau \u0111\u00f3 m\u1ed9t l\u1edbp s\u1ee9 veneer \u0111\u01b0\u1ee3c h\u1ee3p nh\u1ea5t v\u1edbi kim lo\u1ea1i, t\u1ea1o cho r\u0103ng v\u1ebb ngo\u00e0i t\u1ef1 nhi\u00ean.<\/p>\n<p><span style=\"text-decoration: underline;\"><em><strong>M\u00e3o S\u1ee9 Titan<\/strong><\/em><\/span><\/p>\n<p>M\u00e3o titan c\u00f3 th\u1ec3 \u0111\u01b0\u1ee3c t\u1ea1o h\u00ecnh d\u1ec5 d\u00e0ng h\u01a1n m\u00e3o kim lo\u1ea1i. Sau khi khung th\u00e2n r\u0103ng \u0111\u01b0\u1ee3c \u0111\u00fac b\u1eb1ng titan, r\u0103ng s\u1ebd tr\u1ea3i qua qu\u00e1 tr\u00ecnh l\u00e0m m\u1edd v\u00e0 m\u1ed9t l\u1edbp s\u1ee9 \u0111\u01b0\u1ee3c d\u00e1n v\u00e0o \u0111\u1ec3 ho\u00e0n thi\u1ec7n. \u0110\u00fac titan nh\u1eb9 h\u01a1n so v\u1edbi \u0111\u00fac kim lo\u1ea1i ti\u00eau chu\u1ea9n; kh\u00f4ng g\u00e2y d\u1ecb \u1ee9ng; m\u1ea1nh m\u1ebd v\u1ec1 m\u1eb7t c\u01a1 h\u1ecdc; kh\u00f4ng g\u00e2y kh\u00f3 ch\u1ecbu khi \u0103n \u0111\u1ed3 n\u00f3ng\/l\u1ea1nh; v\u00e0 trung t\u00ednh v\u1ec1 m\u1eb7t v\u1eadt l\u00fd, kh\u00f4ng c\u00f3 v\u1ecb \u201ckim lo\u1ea1i\u201d.<\/p>\n<p><em><strong><span style=\"text-decoration: underline;\">v\u01b0\u01a1ng mi\u1ec7n zirconium<\/span><br \/>\n<\/strong><\/em><\/p>\n<p>S\u1ef1 l\u1ef1a ch\u1ecdn \u01b0a th\u00edch c\u1ee7a nha s\u0129 \u0111\u1ed1i v\u1edbi m\u00e3o r\u0103ng, m\u00e3o zirconi v\u00e0 c\u1ea7u r\u0103ng r\u1ea5t b\u1ec1n n\u00ean c\u00f3 th\u1ec3 s\u1eed d\u1ee5ng \u1edf b\u1ea5t c\u1ee9 \u0111\u00e2u trong mi\u1ec7ng. M\u00e3o Zirconium c\u00f3 th\u1ec3 ch\u1ecbu \u0111\u01b0\u1ee3c \u00e1p l\u1ef1c c\u1eafn c\u1ee7a r\u0103ng tr\u01b0\u1edbc c\u0169ng nh\u01b0 nghi\u1ebfn r\u0103ng sau. M\u00e3o zirconium cho ph\u00e9p \u00e1nh s\u00e1ng \u0111i qua gi\u1ed1ng nh\u01b0 m\u1ed9t chi\u1ebfc r\u0103ng b\u00ecnh th\u01b0\u1eddng v\u00e0 do \u0111\u00f3 tr\u00f4ng t\u1ef1 nhi\u00ean h\u01a1n so v\u1edbi c\u00e1c l\u00f5i kim lo\u1ea1i kh\u00e1c c\u1ea3n \u00e1nh s\u00e1ng.<\/p>\n<p><span style=\"text-decoration: underline;\"><em><strong>v\u01b0\u01a1ng mi\u1ec7n kim lo\u1ea1i\u00a0<\/strong><\/em><\/span><\/p>\n<p>M\u00e3o kim lo\u1ea1i s\u1eed d\u1ee5ng h\u1ee3p kim v\u00e0ng, h\u1ee3p kim kim lo\u1ea1i c\u01a1 b\u1ea3n (ch\u1eb3ng h\u1ea1n nh\u01b0 niken ho\u1eb7c crom) ho\u1eb7c c\u00e1c h\u1ee3p kim kh\u00e1c. So v\u1edbi c\u00e1c lo\u1ea1i m\u00e3o r\u0103ng kh\u00e1c, c\u1ea7n lo\u1ea1i b\u1ecf \u00edt c\u1ea5u tr\u00fac r\u0103ng h\u01a1n, \u00edt s\u1ee9t m\u1ebb v\u00e0 g\u00e3y h\u01a1n so v\u1edbi m\u00e3o kim lo\u1ea1i. Nh\u1eefng m\u00e3o n\u00e0y \u0111\u1ec3 l\u1ea1i l\u1edbp ho\u00e0n thi\u1ec7n b\u1eb1ng kim lo\u1ea1i v\u00e0 do \u0111\u00f3 ch\u1ec9 \u0111\u01b0\u1ee3c khuy\u00ean d\u00f9ng cho nh\u1eefng r\u0103ng h\u00e0m khu\u1ea5t t\u1ea7m nh\u00ecn.<\/p>\n<p><span style=\"text-decoration: underline;\"><strong><em>C\u1ea7u\/V\u01b0\u01a1ng mi\u1ec7n t\u1ea1m th\u1eddi<\/em><\/strong><\/span><\/p>\n<p>C\u1ea7u\/m\u00e3o t\u1ea1m th\u1eddi \u0111\u01b0\u1ee3c l\u00e0m b\u1eb1ng acrylic ho\u1eb7c th\u00e9p kh\u00f4ng g\u1ec9. Ch\u00fang \u0111\u01b0\u1ee3c s\u1eed d\u1ee5ng nh\u01b0 m\u1ed9t ph\u1ee5c h\u00ecnh t\u1ea1m th\u1eddi cho \u0111\u1ebfn khi m\u00e3o r\u0103ng v\u0129nh vi\u1ec5n \u0111\u01b0\u1ee3c ch\u1ebf t\u1ea1o.<\/p>\n<p><img loading=\"lazy\" decoding=\"async\" class=\"size-full wp-image-659 aligncenter\" src=\"http:\/\/tgmdental.net\/wp-content\/uploads\/2016\/12\/bridge.jpg\" alt=\"\" width=\"1000\" height=\"608\" srcset=\"https:\/\/tgmdental.net\/wp-content\/uploads\/2016\/12\/bridge.jpg 1000w, https:\/\/tgmdental.net\/wp-content\/uploads\/2016\/12\/bridge-300x182.jpg 300w, https:\/\/tgmdental.net\/wp-content\/uploads\/2016\/12\/bridge-768x467.jpg 768w\" sizes=\"auto, (max-width: 1000px) 100vw, 1000px\" \/><\/p>\n<h3><strong>r\u0103ng nh\u1ef1a c\u00f3 th\u1ec3 th\u00e1o r\u1eddi<\/strong><\/h3>\n<p>M\u1ed9t chi\u1ebfc r\u0103ng b\u1ecb m\u1ea5t c\u00f3 th\u1ec3 \u0111\u01b0\u1ee3c thay th\u1ebf b\u1eb1ng m\u1ed9t b\u1ed9 \u201cr\u0103ng gi\u1ea3 b\u00e1n ph\u1ea7n\u201d. M\u1ed9t chi\u1ebfc r\u0103ng nh\u1ef1a \u0111\u01b0\u1ee3c g\u1eafn tr\u00ean m\u1ed9t t\u1ea5m kim lo\u1ea1i ho\u1eb7c nh\u1ef1a c\u00f3 th\u1ec3 th\u00e1o r\u1eddi, gi\u00fap gi\u1ea3m b\u1edbt s\u1ef1 kh\u00f3 ch\u1ecbu v\u00e0 ng\u1ea1i ng\u00f9ng, \u0111\u1ed3ng th\u1eddi cho ph\u00e9p b\u1ea1n \u0103n v\u00e0 c\u01b0\u1eddi tho\u1ea3i m\u00e1i.<\/p>\n<p><span style=\"text-decoration: underline;\"><em><strong>r\u0103ng nh\u1ef1a nh\u1eadp kh\u1ea9u<\/strong><\/em><\/span><\/p>\n<p>R\u0103ng \u0111\u01b0\u1ee3c l\u00e0m \u1edf n\u01b0\u1edbc ngo\u00e0i v\u00e0 sau \u0111\u00f3 \u0111\u01b0\u1ee3c mang \u0111\u1ebfn ph\u00f2ng kh\u00e1m c\u1ee7a ch\u00fang t\u00f4i \u0111\u1ec3 l\u00e0m r\u0103ng gi\u1ea3.<\/p>\n<p><span style=\"text-decoration: underline;\"><em><strong>r\u0103ng nh\u1ef1a n\u1ed9i \u0111\u1ecba<\/strong><\/em><\/span><\/p>\n<p>R\u0103ng \u0111\u01b0\u1ee3c l\u00e0m t\u1ea1i \u0111\u1ecba ph\u01b0\u01a1ng \u1edf Vi\u1ec7t Nam, sau \u0111\u00f3 \u0111\u01b0\u1ee3c ch\u1ebf t\u1ea1o th\u00e0nh r\u0103ng gi\u1ea3 t\u1ea1i ph\u00f2ng kh\u00e1m c\u1ee7a ch\u00fang t\u00f4i.<\/p>\n<p><span style=\"text-decoration: underline;\"><em><strong>r\u0103ng s\u1ee9<\/strong><\/em><\/span><\/p>\n<p>R\u0103ng l\u00e0m b\u1eb1ng s\u1ee9, thay th\u1ebf cho r\u0103ng t\u1ef1 nhi\u00ean.<\/p>\n<p><img loading=\"lazy\" decoding=\"async\" class=\"size-full wp-image-660 aligncenter\" src=\"http:\/\/tgmdental.net\/wp-content\/uploads\/2016\/12\/bigstock-Denture-close-up-25474094.jpg\" alt=\"\" width=\"1000\" height=\"479\" srcset=\"https:\/\/tgmdental.net\/wp-content\/uploads\/2016\/12\/bigstock-Denture-close-up-25474094.jpg 1000w, https:\/\/tgmdental.net\/wp-content\/uploads\/2016\/12\/bigstock-Denture-close-up-25474094-300x144.jpg 300w, https:\/\/tgmdental.net\/wp-content\/uploads\/2016\/12\/bigstock-Denture-close-up-25474094-768x368.jpg 768w\" sizes=\"auto, (max-width: 1000px) 100vw, 1000px\" \/><\/p>\n<h3><strong>Khung r\u0103ng gi\u1ea3 th\u00e1o l\u1eafp<\/strong><\/h3>\n<p><span style=\"text-decoration: underline;\"><strong><em>titan<\/em><\/strong><\/span><\/p>\n<p>R\u0103ng gi\u1ea3 l\u00e0m b\u1eb1ng titan nh\u1eb9 v\u00e0 r\u1ea5t b\u1ec1n. Ch\u00fang \u0111\u01b0\u1ee3c khuy\u00ean d\u00f9ng cho nh\u1eefng b\u1ec7nh nh\u00e2n th\u00edch h\u00e0m gi\u1ea3 ch\u1eafc ch\u1eafn, l\u00e0m b\u1eb1ng kim lo\u1ea1i nh\u01b0ng l\u1ea1i nh\u1eb9 nh\u01b0 nh\u1ef1a. \u0110\u00fac titan nh\u1eb9 h\u01a1n kim lo\u1ea1i; kh\u00f4ng g\u00e2y d\u1ecb \u1ee9ng; m\u1ea1nh m\u1ebd v\u1ec1 m\u1eb7t c\u01a1 h\u1ecdc; kh\u00f4ng g\u00e2y kh\u00f3 ch\u1ecbu khi \u0103n \u0111\u1ed3 n\u00f3ng\/l\u1ea1nh; v\u00e0 trung t\u00ednh v\u1ec1 m\u1eb7t v\u1eadt l\u00fd, kh\u00f4ng c\u00f3 v\u1ecb \u201ckim lo\u1ea1i\u201d.<\/p>\n<p><span style=\"text-decoration: underline;\"><strong><em>Kim lo\u1ea1i<\/em><\/strong><\/span><\/p>\n<p>Vi\u1ec7c l\u1ea5y d\u1ea5u h\u00e0m \u0111\u01b0\u1ee3c th\u1ef1c hi\u1ec7n b\u1eb1ng v\u1eadt li\u1ec7u kh\u00f4ng d\u1eabn \u0111i\u1ec7n. Th\u00e0nh trong c\u1ee7a d\u1ea5u \u1ea5n \u0111\u01b0\u1ee3c x\u1eed l\u00fd b\u1eb1ng h\u1ee3p kim n\u00f3ng ch\u1ea3y th\u1ea5p v\u00e0 b\u00ean trong \u0111\u01b0\u1ee3c nh\u1ed3i b\u1eb1ng v\u1eadt li\u1ec7u tr\u00e1m. C\u00e1c ch\u1ed1t c\u1ed1 \u0111\u1ecbnh \u0111\u01b0\u1ee3c l\u1eafp v\u00e0o n\u1ebfu c\u00f3 m\u00e3o, v\u1ecf b\u1ecdc ho\u1eb7c c\u1ea7u n\u1ed1i. Sau \u0111\u00f3, m\u1ed9t l\u1edbp ph\u1ee7 d\u1eabn \u0111i\u1ec7n \u0111\u01b0\u1ee3c t\u1ea1o ra b\u1eb1ng c\u00e1ch l\u00e0m bay h\u01a1i l\u1edbp kim lo\u1ea1i v\u00e0 s\u01a1n m\u00e0i. R\u0103ng gi\u1ea3 th\u1ef1c t\u1ebf \u0111\u01b0\u1ee3c t\u00e1ch ra kh\u1ecfi d\u1ea5u v\u00e0 \u0111\u01b0\u1ee3c r\u00e8n v\u1edbi n\u1ec1n kim lo\u1ea1i trung gian.<\/p>\n<p>R\u0103ng gi\u1ea3 kim lo\u1ea1i c\u00f3 c\u1ea3m gi\u00e1c t\u1ef1 nhi\u00ean h\u01a1n r\u0103ng gi\u1ea3 nh\u1ef1a. Ch\u00fang c\u0169ng m\u1ea1nh m\u1ebd v\u00e0 \u1ed5n \u0111\u1ecbnh h\u01a1n.<\/p>\n<p style=\"text-align: center;\"><img loading=\"lazy\" decoding=\"async\" class=\"alignnone size-full wp-image-661\" src=\"http:\/\/tgmdental.net\/wp-content\/uploads\/2016\/12\/chrome1.png\" alt=\"\" width=\"1000\" height=\"575\" srcset=\"https:\/\/tgmdental.net\/wp-content\/uploads\/2016\/12\/chrome1.png 1000w, https:\/\/tgmdental.net\/wp-content\/uploads\/2016\/12\/chrome1-300x173.png 300w, https:\/\/tgmdental.net\/wp-content\/uploads\/2016\/12\/chrome1-768x442.png 768w\" sizes=\"auto, (max-width: 1000px) 100vw, 1000px\" \/><\/p>\n<div class=\"vc_btn3-container vc_btn3-center\"><a class=\"vc_general vc_btn3 vc_btn3-size-lg vc_btn3-shape-rounded vc_btn3-style-modern vc_btn3-icon-left vc_btn3-color-warning\" href=\"http:\/\/tgmdental.net\/vi\/make-an-appointment\/\" title=\"\"><i class=\"vc_btn3-icon fa fa-calendar\"><\/i> \u0110\u1eb7t l\u1ecbch h\u1eb9n<\/a><\/div><div class=\"vc_btn3-container vc_btn3-center\"><a class=\"vc_general vc_btn3 vc_btn3-size-lg vc_btn3-shape-rounded vc_btn3-style-modern vc_btn3-icon-left vc_btn3-color-warning\" href=\"http:\/\/tgmdental.net\/vi\/price-list\/\" title=\"\"><i class=\"vc_btn3-icon fa fa-money\"><\/i> B\u1ea3ng gi\u00e1<\/a><\/div>","protected":false},"excerpt":{"rendered":"<p>C\u1ea7u r\u0103ng v\u00e0 m\u00e3o r\u0103ng B\u1ea5t k\u1ef3 ai, \u1edf b\u1ea5t k\u1ef3 \u0111\u1ed9 tu\u1ed5i n\u00e0o, \u0111\u1ec1u c\u00f3 th\u1ec3 m\u1ea5t r\u0103ng. M\u1ed9t chi\u1ebfc r\u0103ng b\u1ecb m\u1ea5t \u1ea3nh h\u01b0\u1edfng \u0111\u1ebfn kh\u1ea3 n\u0103ng \u0103n u\u1ed1ng v\u00e0 n\u00f3i chuy\u1ec7n c\u1ee7a b\u1ea1n, c\u0169ng nh\u01b0 ngo\u1ea1i h\u00ecnh c\u1ee7a b\u1ea1n. M\u00e3o r\u0103ng v\u00e0 c\u1ea7u r\u0103ng l\u00e0 hai l\u1ef1a ch\u1ecdn \u0111\u1ec3 kh\u1eafc ph\u1ee5c v\u1ea5n \u0111\u1ec1. M\u00e3o r\u0103ng l\u00e0 m\u1ed9t chi\u1ebfc m\u0169 \u0111\u01b0\u1ee3c l\u00e0m \u0111\u1ec3 v\u1eeba v\u1edbi r\u0103ng b\u1ecb h\u1ecfng. Ch\u00fang l\u00e0 [\u2026]<\/p>","protected":false},"author":3,"featured_media":0,"parent":9,"menu_order":4,"comment_status":"closed","ping_status":"closed","template":"","meta":{"footnotes":""},"class_list":["post-1421","page","type-page","status-publish","hentry"],"_links":{"self":[{"href":"https:\/\/tgmdental.net\/vi\/wp-json\/wp\/v2\/pages\/1421","targetHints":{"allow":["GET"]}}],"collection":[{"href":"https:\/\/tgmdental.net\/vi\/wp-json\/wp\/v2\/pages"}],"about":[{"href":"https:\/\/tgmdental.net\/vi\/wp-json\/wp\/v2\/types\/page"}],"author":[{"embeddable":true,"href":"https:\/\/tgmdental.net\/vi\/wp-json\/wp\/v2\/users\/3"}],"replies":[{"embeddable":true,"href":"https:\/\/tgmdental.net\/vi\/wp-json\/wp\/v2\/comments?post=1421"}],"version-history":[{"count":0,"href":"https:\/\/tgmdental.net\/vi\/wp-json\/wp\/v2\/pages\/1421\/revisions"}],"up":[{"embeddable":true,"href":"https:\/\/tgmdental.net\/vi\/wp-json\/wp\/v2\/pages\/9"}],"wp:attachment":[{"href":"https:\/\/tgmdental.net\/vi\/wp-json\/wp\/v2\/media?parent=1421"}],"curies":[{"name":"wp","href":"https:\/\/api.w.org\/{rel}","templated":true}]}}