{"id":1428,"date":"2023-07-07T14:51:16","date_gmt":"2023-07-07T07:51:16","guid":{"rendered":"https:\/\/tgmdental.net\/?page_id=1428"},"modified":"2023-07-07T14:51:54","modified_gmt":"2023-07-07T07:51:54","slug":"braces-implant","status":"publish","type":"page","link":"https:\/\/tgmdental.net\/vi\/services\/braces-implant\/","title":{"rendered":"Ni\u1ec1ng r\u0103ng, Implant"},"content":{"rendered":"<h3><strong>ch\u1ec9nh nha<\/strong><\/h3>\n<p>Ch\u1ec9nh nha l\u00e0 m\u1ed9t chuy\u00ean khoa nha khoa ch\u1ea9n \u0111o\u00e1n, ng\u0103n ng\u1eeba v\u00e0 \u0111i\u1ec1u tr\u1ecb c\u00e1c b\u1ea5t th\u01b0\u1eddng v\u1ec1 r\u0103ng v\u00e0 m\u1eb7t trong m\u1ed1i quan h\u1ec7 gi\u1eefa h\u00e0m d\u01b0\u1edbi v\u00e0 h\u00e0m tr\u00ean, \u0111\u01b0\u1ee3c g\u1ecdi l\u00e0 sai kh\u1edbp c\u1eafn. Ch\u1ec9nh nha bao g\u1ed3m ch\u1ec9nh h\u00ecnh r\u0103ng m\u1eb7t, \u0111\u01b0\u1ee3c s\u1eed d\u1ee5ng \u0111\u1ec3 kh\u1eafc ph\u1ee5c c\u00e1c v\u1ea5n \u0111\u1ec1 li\u00ean quan \u0111\u1ebfn s\u1ef1 ph\u00e1t tri\u1ec3n c\u1ee7a h\u00e0m. Xin \u0111\u1eebng ng\u1ea7n ng\u1ea1i li\u00ean h\u1ec7 v\u1edbi ph\u00f2ng kh\u00e1m c\u1ee7a ch\u00fang t\u00f4i \u0111\u1ec3 \u0111\u01b0\u1ee3c t\u01b0 v\u1ea5n tr\u1ef1c ti\u1ebfp mi\u1ec5n ph\u00ed v\u1edbi c\u00e1c nha s\u0129 c\u1ee7a ch\u00fang t\u00f4i, nh\u1eefng ng\u01b0\u1eddi c\u00f3 th\u1ec3 t\u01b0 v\u1ea5n cho b\u1ea1n v\u1ec1 m\u1ed9t k\u1ebf ho\u1ea1ch \u0111i\u1ec1u tr\u1ecb th\u00edch h\u1ee3p.<\/p>\n<p><img loading=\"lazy\" decoding=\"async\" class=\"size-full wp-image-664 aligncenter\" src=\"http:\/\/tgmdental.net\/wp-content\/uploads\/2016\/12\/orthodontics.jpg\" alt=\"\" width=\"960\" height=\"480\" srcset=\"https:\/\/tgmdental.net\/wp-content\/uploads\/2016\/12\/orthodontics.jpg 960w, https:\/\/tgmdental.net\/wp-content\/uploads\/2016\/12\/orthodontics-300x150.jpg 300w, https:\/\/tgmdental.net\/wp-content\/uploads\/2016\/12\/orthodontics-768x384.jpg 768w\" sizes=\"auto, (max-width: 960px) 100vw, 960px\" \/><\/p>\n<h3><strong>c\u1ea5y gh\u00e9p\u00a0\u00a0<\/strong><\/h3>\n<p>B\u1ea1n bi\u1ebft r\u1eb1ng s\u1ef1 t\u1ef1 tin v\u1ec1 h\u00e0m r\u0103ng c\u1ee7a m\u00ecnh \u1ea3nh h\u01b0\u1edfng \u0111\u1ebfn c\u00e1ch b\u1ea1n c\u1ea3m nh\u1eadn v\u1ec1 b\u1ea3n th\u00e2n, c\u1ea3 v\u1ec1 m\u1eb7t c\u00e1 nh\u00e2n l\u1eabn ngh\u1ec1 nghi\u1ec7p.<\/p>\n<p>C\u00f3 l\u1ebd b\u1ea1n gi\u1ea5u n\u1ee5 c\u01b0\u1eddi c\u1ee7a m\u00ecnh v\u00ec kho\u1ea3ng tr\u1ed1ng do m\u1ea5t r\u0103ng. C\u00f3 th\u1ec3 r\u0103ng gi\u1ea3 c\u1ee7a b\u1ea1n kh\u00f4ng c\u1ea3m th\u1ea5y an to\u00e0n. C\u00f3 l\u1ebd b\u1ea1n g\u1eb7p kh\u00f3 kh\u0103n khi nhai v\u00e0 n\u00f3i.<\/p>\n<p>N\u1ebfu b\u1ea1n b\u1ecb m\u1ea5t m\u1ed9t ho\u1eb7c nhi\u1ec1u r\u0103ng v\u00e0 mu\u1ed1n m\u1ec9m c\u01b0\u1eddi, n\u00f3i chuy\u1ec7n v\u00e0 \u0103n u\u1ed1ng m\u1ed9t c\u00e1ch tho\u1ea3i m\u00e1i v\u00e0 t\u1ef1 tin, c\u1ea5y gh\u00e9p nha khoa l\u00e0 r\u0103ng c\u00f3 th\u1ec3 tr\u00f4ng gi\u1ed1ng nh\u01b0 r\u0103ng c\u1ee7a b\u1ea1n.<\/p>\n<p>C\u1ea5y gh\u00e9p nha khoa l\u00e0 ti\u00eau chu\u1ea9n ch\u0103m s\u00f3c m\u1edbi cho vi\u1ec7c thay th\u1ebf r\u0103ng. C\u1ea5y gh\u00e9p nha khoa \u0111\u00f3ng vai tr\u00f2 l\u00e0 n\u1ec1n t\u1ea3ng cho c\u00e1c r\u0103ng thay th\u1ebf c\u00f3 h\u00ecnh d\u00e1ng, c\u1ea3m gi\u00e1c v\u00e0 ch\u1ee9c n\u0103ng gi\u1ed1ng nh\u01b0 r\u0103ng t\u1ef1 nhi\u00ean, th\u1eadm ch\u00ed b\u1ea1n c\u00f3 th\u1ec3 qu\u00ean r\u1eb1ng m\u00ecnh \u0111\u00e3 t\u1eebng m\u1ea5t m\u1ed9t chi\u1ebfc r\u0103ng.<\/p>\n<p>C\u1ea5y gh\u00e9p nha khoa l\u00e0 m\u1ed9t ch\u00e2n r\u0103ng nh\u00e2n t\u1ea1o (m\u1ed9t tr\u1ee5 titan) \u0111\u01b0\u1ee3c \u0111\u1eb7t v\u00e0o x\u01b0\u01a1ng h\u00e0m c\u1ee7a b\u1ea1n, n\u01a1i r\u0103ng b\u1ecb m\u1ea5t. N\u00f3 \u0111\u01b0\u1ee3c c\u1ed1 \u0111\u1ecbnh v\u00e0o x\u01b0\u01a1ng \u0111\u1ec3 cung c\u1ea5p h\u1ed7 tr\u1ee3 v\u0129nh vi\u1ec5n cho m\u00e3o r\u0103ng v\u00e0 r\u0103ng gi\u1ea3 t\u1ea1i ch\u1ed7. M\u1eb7c d\u00f9 v\u1ec1 b\u1ea3n ch\u1ea5t l\u00e0 c\u00f4ng ngh\u1ec7 cao, c\u1ea5y gh\u00e9p nha khoa th\u1ef1c s\u1ef1 ti\u1ebft ki\u1ec7m r\u0103ng h\u01a1n so v\u1edbi ph\u01b0\u01a1ng ph\u00e1p l\u00e0m c\u1ea7u r\u0103ng truy\u1ec1n th\u1ed1ng, v\u00ec c\u1ea5y gh\u00e9p kh\u00f4ng d\u1ef1a v\u00e0o c\u00e1c r\u0103ng l\u00e2n c\u1eadn \u0111\u1ec3 h\u1ed7 tr\u1ee3.<\/p>\n<p>Xin \u0111\u1eebng ng\u1ea7n ng\u1ea1i li\u00ean h\u1ec7 v\u1edbi ph\u00f2ng kh\u00e1m c\u1ee7a ch\u00fang t\u00f4i \u0111\u1ec3 \u0111\u01b0\u1ee3c t\u01b0 v\u1ea5n tr\u1ef1c ti\u1ebfp mi\u1ec5n ph\u00ed v\u1edbi c\u00e1c nha s\u0129 c\u1ee7a ch\u00fang t\u00f4i, nh\u1eefng ng\u01b0\u1eddi c\u00f3 th\u1ec3 t\u01b0 v\u1ea5n cho b\u1ea1n v\u1ec1 m\u1ed9t k\u1ebf ho\u1ea1ch \u0111i\u1ec1u tr\u1ecb th\u00edch h\u1ee3p.<\/p>\n<p><img loading=\"lazy\" decoding=\"async\" class=\"size-full wp-image-665\" src=\"http:\/\/tgmdental.net\/wp-content\/uploads\/2016\/12\/Dental-Implant-e1489374132932.jpg\" alt=\"\" width=\"1000\" height=\"554\" \/><br \/>\n<div class=\"vc_btn3-container vc_btn3-center\"><a class=\"vc_general vc_btn3 vc_btn3-size-lg vc_btn3-shape-rounded vc_btn3-style-modern vc_btn3-icon-left vc_btn3-color-warning\" href=\"http:\/\/tgmdental.net\/vi\/make-an-appointment\/\" title=\"\"><i class=\"vc_btn3-icon fa fa-calendar\"><\/i> \u0110\u1eb7t l\u1ecbch h\u1eb9n<\/a><\/div><div class=\"vc_btn3-container vc_btn3-center\"><a class=\"vc_general vc_btn3 vc_btn3-size-lg vc_btn3-shape-rounded vc_btn3-style-modern vc_btn3-icon-left vc_btn3-color-warning\" href=\"http:\/\/tgmdental.net\/vi\/price-list\/\" title=\"\"><i class=\"vc_btn3-icon fa fa-money\"><\/i> B\u1ea3ng gi\u00e1<\/a><\/div>","protected":false},"excerpt":{"rendered":"<p>Ch\u1ec9nh nha Ch\u1ec9nh nha l\u00e0 m\u1ed9t nh\u00e1nh chuy\u00ean khoa c\u1ee7a nha khoa, ch\u1ea9n \u0111o\u00e1n, ng\u0103n ng\u1eeba v\u00e0 \u0111i\u1ec1u tr\u1ecb c\u00e1c b\u1ea5t th\u01b0\u1eddng v\u1ec1 r\u0103ng v\u00e0 khu\u00f4n m\u1eb7t trong m\u1ed1i quan h\u1ec7 gi\u1eefa h\u00e0m d\u01b0\u1edbi v\u00e0 h\u00e0m tr\u00ean, \u0111\u01b0\u1ee3c g\u1ecdi l\u00e0 sai kh\u1edbp c\u1eafn. Ch\u1ec9nh nha bao g\u1ed3m ch\u1ec9nh h\u00ecnh r\u0103ng m\u1eb7t, \u0111\u01b0\u1ee3c s\u1eed d\u1ee5ng \u0111\u1ec3 \u0111i\u1ec1u ch\u1ec9nh c\u00e1c v\u1ea5n \u0111\u1ec1 li\u00ean quan \u0111\u1ebfn s\u1ef1 ph\u00e1t tri\u1ec3n c\u1ee7a h\u00e0m. Vui l\u00f2ng li\u00ean h\u1ec7 v\u1edbi ph\u00f2ng kh\u00e1m c\u1ee7a ch\u00fang t\u00f4i \u0111\u1ec3 \u0111\u01b0\u1ee3c [\u2026]<\/p>","protected":false},"author":3,"featured_media":0,"parent":9,"menu_order":5,"comment_status":"closed","ping_status":"closed","template":"","meta":{"footnotes":""},"class_list":["post-1428","page","type-page","status-publish","hentry"],"_links":{"self":[{"href":"https:\/\/tgmdental.net\/vi\/wp-json\/wp\/v2\/pages\/1428","targetHints":{"allow":["GET"]}}],"collection":[{"href":"https:\/\/tgmdental.net\/vi\/wp-json\/wp\/v2\/pages"}],"about":[{"href":"https:\/\/tgmdental.net\/vi\/wp-json\/wp\/v2\/types\/page"}],"author":[{"embeddable":true,"href":"https:\/\/tgmdental.net\/vi\/wp-json\/wp\/v2\/users\/3"}],"replies":[{"embeddable":true,"href":"https:\/\/tgmdental.net\/vi\/wp-json\/wp\/v2\/comments?post=1428"}],"version-history":[{"count":0,"href":"https:\/\/tgmdental.net\/vi\/wp-json\/wp\/v2\/pages\/1428\/revisions"}],"up":[{"embeddable":true,"href":"https:\/\/tgmdental.net\/vi\/wp-json\/wp\/v2\/pages\/9"}],"wp:attachment":[{"href":"https:\/\/tgmdental.net\/vi\/wp-json\/wp\/v2\/media?parent=1428"}],"curies":[{"name":"wp","href":"https:\/\/api.w.org\/{rel}","templated":true}]}}