{"id":1431,"date":"2023-07-07T14:53:38","date_gmt":"2023-07-07T07:53:38","guid":{"rendered":"https:\/\/tgmdental.net\/?page_id=1431"},"modified":"2023-07-07T15:01:47","modified_gmt":"2023-07-07T08:01:47","slug":"frequently-asked-questions","status":"publish","type":"page","link":"https:\/\/tgmdental.net\/vi\/services\/frequently-asked-questions\/","title":{"rendered":"C\u00e2u h\u1ecfi th\u01b0\u1eddng g\u1eb7p (FAQ)"},"content":{"rendered":"<div class=\"wpb-content-wrapper\"><div class=\"vc_row wpb_row vc_row-fluid\"><div class=\"vc_column_container vc_col-sm-12\"><div class=\"wpb_wrapper vc_column-inner\"><section class=\"toggle\"><label>Nha khoa l\u00e0 g\u00ec?<\/label><div class=\"toggle-content\"><p>Nha khoa l\u00e0 ch\u1ea9n \u0111o\u00e1n, \u0111i\u1ec1u tr\u1ecb v\u00e0 ph\u00f2ng ng\u1eeba c\u00e1c t\u00ecnh tr\u1ea1ng, r\u1ed1i lo\u1ea1n v\u00e0 b\u1ec7nh v\u1ec1 r\u0103ng, n\u01b0\u1edbu, mi\u1ec7ng v\u00e0 h\u00e0m. Th\u01b0\u1eddng \u0111\u01b0\u1ee3c coi l\u00e0 c\u1ea7n thi\u1ebft cho s\u1ee9c kh\u1ecfe r\u0103ng mi\u1ec7ng ho\u00e0n ch\u1ec9nh, nha khoa c\u00f3 th\u1ec3 c\u00f3 t\u00e1c \u0111\u1ed9ng \u0111\u1ebfn s\u1ee9c kh\u1ecfe to\u00e0n b\u1ed9 c\u01a1 th\u1ec3 b\u1ea1n.<\/p>\n<\/div><\/section><section class=\"toggle\"><label>Nha s\u0129 l\u00e0 g\u00ec?<\/label><div class=\"toggle-content\"><p>Nha s\u0129 l\u00e0 m\u1ed9t chuy\u00ean gia l\u00e0m vi\u1ec7c \u0111\u1ec3 ch\u1ea9n \u0111o\u00e1n, \u0111i\u1ec1u tr\u1ecb v\u00e0 ng\u0103n ng\u1eeba c\u00e1c v\u1ea5n \u0111\u1ec1 v\u1ec1 s\u1ee9c kh\u1ecfe r\u0103ng mi\u1ec7ng. Nha s\u0129 c\u1ee7a b\u1ea1n \u0111\u00e3 ho\u00e0n th\u00e0nh \u00edt nh\u1ea5t t\u00e1m n\u0103m h\u1ecdc v\u00e0 nh\u1eadn \u0111\u01b0\u1ee3c b\u1eb1ng DDS (B\u00e1c s\u0129 Ph\u1eabu thu\u1eadt Nha khoa) ho\u1eb7c b\u1eb1ng DMD (B\u00e1c s\u0129 Y khoa Nha khoa). N\u1ebfu b\u00e1c s\u0129 c\u1ee7a b\u1ea1n l\u00e0 nha s\u0129 nhi khoa, \u0111i\u1ec1u n\u00e0y c\u00f3 ngh\u0129a l\u00e0 b\u00e1c s\u0129 \u0111\u00f3 chuy\u00ean ch\u0103m s\u00f3c tr\u1ebb em t\u1eeb khi c\u00f2n nh\u1ecf cho \u0111\u1ebfn tu\u1ed5i thi\u1ebfu ni\u00ean. M\u1ed9t nha s\u0129 nhi khoa \u0111\u00e3 nh\u1eadn \u0111\u01b0\u1ee3c s\u1ef1 gi\u00e1o d\u1ee5c v\u00e0 \u0111\u00e0o t\u1ea1o ph\u00f9 h\u1ee3p c\u1ea7n thi\u1ebft \u0111\u1ec3 l\u00e0m vi\u1ec7c v\u1edbi tr\u1ebb nh\u1ecf. C\u00e1c chuy\u00ean ng\u00e0nh kh\u00e1c bao g\u1ed3m:<\/p>\n<ul>\n<li>N\u1ed9i nha (\u1ed1ng t\u1ee7y)<\/li>\n<li>Mi\u1ec7ng v\u00e0 h\u00e0m m\u1eb7t (bao g\u1ed3m b\u1ec7nh l\u00fd, X quang v\u00e0 ph\u1eabu thu\u1eadt)<\/li>\n<li>Ch\u1ec9nh nha v\u00e0 ch\u1ec9nh h\u00ecnh r\u0103ng m\u1eb7t<\/li>\n<li>B\u1ec7nh nha chu (b\u1ec7nh n\u01b0\u1edbu r\u0103ng)<\/li>\n<li>Ph\u1ee5c h\u00ecnh r\u0103ng (c\u1ea5y gh\u00e9p)<\/li>\n<\/ul>\n<\/div><\/section><section class=\"toggle\"><label>T\u1ea1i sao vi\u1ec7c \u0111\u1ebfn g\u1eb7p nha s\u0129 l\u1ea1i quan tr\u1ecdng?<\/label><div class=\"toggle-content\"><p>\u0110\u1ebfn g\u1eb7p nha s\u0129 th\u01b0\u1eddng xuy\u00ean kh\u00f4ng ch\u1ec9 gi\u00fap r\u0103ng v\u00e0 mi\u1ec7ng c\u1ee7a b\u1ea1n kh\u1ecfe m\u1ea1nh m\u00e0 c\u00f2n gi\u00fap c\u00e1c b\u1ed9 ph\u1eadn kh\u00e1c c\u1ee7a c\u01a1 th\u1ec3 b\u1ea1n kh\u1ecfe m\u1ea1nh. Ch\u0103m s\u00f3c r\u0103ng mi\u1ec7ng r\u1ea5t quan tr\u1ecdng v\u00ec n\u00f3:<\/p>\n<ul>\n<li>Gi\u00fap ng\u0103n ng\u1eeba s\u00e2u r\u0103ng<\/li>\n<li>B\u1ea3o v\u1ec7 ch\u1ed1ng l\u1ea1i b\u1ec7nh nha chu (n\u01b0\u1edbu), c\u00f3 th\u1ec3 d\u1eabn \u0111\u1ebfn m\u1ea5t r\u0103ng v\u00e0 x\u01b0\u01a1ng<\/li>\n<li>Ng\u0103n ng\u1eeba h\u00f4i mi\u1ec7ng \u2013 \u0111\u00e1nh r\u0103ng, d\u00f9ng ch\u1ec9 nha khoa v\u00e0 g\u1eb7p nha s\u0129 th\u01b0\u1eddng xuy\u00ean s\u1ebd gi\u00fap gi\u1ea3m l\u01b0\u1ee3ng vi khu\u1ea9n trong mi\u1ec7ng g\u00e2y h\u00f4i mi\u1ec7ng<\/li>\n<li>Mang l\u1ea1i cho b\u1ea1n n\u1ee5 c\u01b0\u1eddi quy\u1ebfn r\u0169 h\u01a1n v\u00e0 t\u0103ng s\u1ef1 t\u1ef1 tin cho b\u1ea1n<\/li>\n<li>Gi\u00fap r\u0103ng s\u00e1ng b\u00f3ng b\u1eb1ng c\u00e1ch ng\u0103n ch\u1eb7n ch\u00fang b\u1ecb \u1ed1 b\u1edfi th\u1ee9c \u0103n, \u0111\u1ed3 u\u1ed1ng v\u00e0 thu\u1ed1c l\u00e1<\/li>\n<li>Gi\u00fap r\u0103ng ch\u1eafc kh\u1ecfe \u0111\u1ec3 b\u1ea1n c\u00f3 th\u1ec3 t\u1eadn h\u01b0\u1edfng n\u1ee5 c\u01b0\u1eddi kh\u1ecfe m\u1ea1nh, xinh \u0111\u1eb9p su\u1ed1t \u0111\u1eddi!<\/li>\n<\/ul>\n<\/div><\/section><section class=\"toggle\"><label>R\u0103ng c\u1ee7a t\u00f4i c\u1ea3m th\u1ea5y \u1ed5n. T\u00f4i c\u00f3 c\u00f2n c\u1ea7n g\u1eb7p nha s\u0129 kh\u00f4ng?<\/label><div class=\"toggle-content\"><p>R\u0103ng c\u1ee7a b\u1ea1n c\u00f3 th\u1ec3 c\u1ea3m th\u1ea5y \u1ed5n nh\u01b0ng \u0111i\u1ec1u quan tr\u1ecdng l\u00e0 ph\u1ea3i g\u1eb7p nha s\u0129 th\u01b0\u1eddng xuy\u00ean v\u00ec c\u00e1c v\u1ea5n \u0111\u1ec1 c\u00f3 th\u1ec3 t\u1ed3n t\u1ea1i m\u00e0 b\u1ea1n kh\u00f4ng h\u1ec1 bi\u1ebft. V\u1ebb ngo\u00e0i n\u1ee5 c\u01b0\u1eddi c\u1ee7a b\u1ea1n r\u1ea5t quan tr\u1ecdng v\u00e0 nha s\u0129 c\u00f3 th\u1ec3 gi\u00fap gi\u1eef cho n\u1ee5 c\u01b0\u1eddi c\u1ee7a b\u1ea1n kh\u1ecfe m\u1ea1nh v\u00e0 xinh \u0111\u1eb9p. V\u1edbi r\u1ea5t nhi\u1ec1u ti\u1ebfn b\u1ed9 trong nha khoa, b\u1ea1n kh\u00f4ng c\u00f2n ph\u1ea3i gi\u1ea3i quy\u1ebft t\u00ecnh tr\u1ea1ng r\u0103ng b\u1ecb \u1ed1, s\u1ee9t m\u1ebb, m\u1ea5t ho\u1eb7c bi\u1ebfn d\u1ea1ng n\u1eefa. C\u00e1c nha s\u0129 ng\u00e0y nay \u0111\u01b0a ra nhi\u1ec1u l\u1ef1a ch\u1ecdn \u0111i\u1ec1u tr\u1ecb c\u00f3 th\u1ec3 gi\u00fap b\u1ea1n m\u1ec9m c\u01b0\u1eddi t\u1ef1 tin, bao g\u1ed3m:<\/p>\n<ul>\n<li>L\u00e0m tr\u1eafng r\u0103ng chuy\u00ean nghi\u1ec7p<\/li>\n<li>Tr\u00e1m r\u0103ng m\u00f4 ph\u1ecfng h\u00ecnh d\u00e1ng c\u1ee7a r\u0103ng t\u1ef1 nhi\u00ean<\/li>\n<li>Thay r\u0103ng v\u00e0 t\u1ea1o n\u1ee5 c\u01b0\u1eddi tr\u1ecdn v\u1eb9n<\/li>\n<\/ul>\n<\/div><\/section><section class=\"toggle\"><label>T\u00f4i n\u00ean ch\u00fa \u00fd \u0111i\u1ec1u g\u00ec khi ch\u1ecdn nha s\u0129 ph\u00f9 h\u1ee3p cho m\u00ecnh?<\/label><div class=\"toggle-content\"><p>Vi\u1ec7c ch\u1ecdn m\u1ed9t nha s\u0129 \u201c\u0111\u1ed3ng \u00fd\u201d v\u1edbi b\u1ea1n v\u00e0 gia \u0111\u00ecnh b\u1ea1n l\u00e0 \u0111i\u1ec1u quan tr\u1ecdng v\u00e0 b\u1ea1n c\u00f3 th\u1ec3 mu\u1ed1n xem x\u00e9t m\u1ed9t s\u1ed1 nha s\u0129 tr\u01b0\u1edbc khi \u0111\u01b0a ra quy\u1ebft \u0111\u1ecbnh cu\u1ed1i c\u00f9ng. Trong l\u1ea7n kh\u00e1m \u0111\u1ea7u ti\u00ean, b\u1ea1n s\u1ebd c\u00f3 th\u1ec3 x\u00e1c \u0111\u1ecbnh xem nha s\u0129 c\u00f3 ph\u00f9 h\u1ee3p v\u1edbi m\u00ecnh hay kh\u00f4ng. Trong cu\u1ed9c h\u1eb9n, h\u00e3y c\u00e2n nh\u1eafc nh\u1eefng \u0111i\u1ec1u sau:<\/p>\n<ul>\n<li>L\u1ecbch h\u1eb9n c\u00f3 thu\u1eadn ti\u1ec7n kh\u00f4ng?<\/li>\n<li>V\u0103n ph\u00f2ng c\u00f3 d\u1ec5 \u0111i l\u1ea1i v\u00e0 \u1edf g\u1ea7n kh\u00f4ng?<\/li>\n<li>V\u0103n ph\u00f2ng c\u00f3 v\u1ebb s\u1ea1ch s\u1ebd v\u00e0 ng\u0103n n\u1eafp kh\u00f4ng?<\/li>\n<li>L\u1ecbch s\u1eed y t\u1ebf v\u00e0 nha khoa c\u1ee7a b\u1ea1n c\u00f3 \u0111\u01b0\u1ee3c ghi l\u1ea1i v\u00e0 l\u01b0u v\u00e0o h\u1ed3 s\u01a1 v\u0129nh vi\u1ec5n kh\u00f4ng?<\/li>\n<li>Nha s\u0129 c\u00f3 gi\u1ea3i th\u00edch c\u00e1c k\u1ef9 thu\u1eadt \u0111\u1ec3 c\u00f3 s\u1ee9c kh\u1ecfe r\u0103ng mi\u1ec7ng t\u1ed1t kh\u00f4ng?<\/li>\n<li>Th\u00f4ng tin v\u1ec1 chi ph\u00ed c\u00f3 \u0111\u01b0\u1ee3c cung c\u1ea5p cho b\u1ea1n tr\u01b0\u1edbc khi l\u00ean l\u1ecbch \u0111i\u1ec1u tr\u1ecb kh\u00f4ng?<\/li>\n<\/ul>\n<\/div><\/section><section class=\"toggle\"><label>L\u00e0m th\u1ebf n\u00e0o t\u00f4i c\u00f3 th\u1ec3 ch\u0103m s\u00f3c r\u0103ng c\u1ee7a m\u00ecnh gi\u1eefa c\u00e1c l\u1ea7n kh\u00e1m r\u0103ng?<\/label><div class=\"toggle-content\"><ul>\n<li>LU\u00d4N LU\u00d4N nh\u1edb \u0111\u00e1nh r\u0103ng \u00edt nh\u1ea5t hai l\u1ea7n m\u1ed9t ng\u00e0y v\u00e0 d\u00f9ng ch\u1ec9 nha khoa \u00edt nh\u1ea5t m\u1ed9t l\u1ea7n!<\/li>\n<li>\u0110\u1ea3m b\u1ea3o s\u1eed d\u1ee5ng kem \u0111\u00e1nh r\u0103ng c\u00f3 ch\u1ee9a fluoride v\u00e0 h\u1ecfi nha s\u0129 xem b\u1ea1n c\u00f3 c\u1ea7n s\u00fac mi\u1ec7ng b\u1eb1ng fluoride hay kh\u00f4ng. \u0110i\u1ec1u n\u00e0y s\u1ebd gi\u00fap ng\u0103n ng\u1eeba s\u00e2u r\u0103ng.<\/li>\n<li>Tr\u00e1nh th\u1ef1c ph\u1ea9m c\u00f3 nhi\u1ec1u \u0111\u01b0\u1eddng (\u0111\u01b0\u1eddng l\u00e0m t\u0103ng l\u01b0\u1ee3ng vi khu\u1ea9n ph\u00e1t tri\u1ec3n trong mi\u1ec7ng, g\u00e2y ra nhi\u1ec1u m\u1ea3ng b\u00e1m v\u00e0 c\u00f3 th\u1ec3 s\u00e2u r\u0103ng) v\u00e0 tr\u00e1nh thu\u1ed1c l\u00e1 (\u0111i\u1ec1u n\u00e0y c\u00f3 th\u1ec3 l\u00e0m \u1ed1 r\u0103ng, g\u00e2y b\u1ec7nh n\u01b0\u1edbu r\u0103ng v\u00e0 cu\u1ed1i c\u00f9ng d\u1eabn \u0111\u1ebfn ung th\u01b0 mi\u1ec7ng).<\/li>\n<li>\u0110\u1eebng ng\u1ea1i ch\u1ea3i l\u01b0\u1ee1i c\u1ee7a b\u1ea1n! B\u1eb1ng c\u00e1ch ch\u1ea3i l\u01b0\u1ee1i, b\u1ea1n s\u1ebd lo\u1ea1i b\u1ecf c\u00e1c m\u1ea3nh th\u1ee9c \u0103n v\u00e0 gi\u1ea3m l\u01b0\u1ee3ng vi khu\u1ea9n g\u00e2y m\u1ea3ng b\u00e1m. Ch\u1ea3i l\u01b0\u1ee1i c\u00f2n gi\u00fap h\u01a1i th\u1edf th\u01a1m m\u00e1t.<\/li>\n<li>H\u00e3y ch\u1eafc ch\u1eafn l\u00ean l\u1ecbch ki\u1ec3m tra \u0111\u1ecbnh k\u1ef3 c\u1ee7a b\u1ea1n. L\u1eddi khuy\u00ean l\u00e0 b\u1ea1n n\u00ean \u0111\u1ebfn g\u1eb7p nha s\u0129 s\u00e1u th\u00e1ng m\u1ed9t l\u1ea7n.<\/li>\n<\/ul>\n<\/div><\/section><section class=\"toggle\"><label>\u1ede \u0111\u1ed9 tu\u1ed5i n\u00e0o t\u00f4i n\u00ean b\u1eaft \u0111\u1ea7u \u0111\u01b0a con \u0111i kh\u00e1m nha s\u0129?<\/label><div class=\"toggle-content\"><p>H\u1ecdc vi\u1ec7n Nha khoa Nhi khoa Hoa K\u1ef3 (AAPD) khuy\u1ebfn c\u00e1o r\u1eb1ng tr\u1ebb em n\u00ean g\u1eb7p nha s\u0129 l\u1ea7n \u0111\u1ea7u ti\u00ean khi \u0111\u01b0\u1ee3c s\u00e1u th\u00e1ng tu\u1ed5i v\u00e0 kh\u00f4ng mu\u1ed9n h\u01a1n m\u1ed9t tu\u1ed5i. Trong th\u1eddi gian n\u00e0y, r\u0103ng s\u1eefa c\u1ee7a con b\u1ea1n s\u1ebd m\u1ecdc v\u00e0 nha s\u0129 c\u00f3 th\u1ec3 ki\u1ec3m tra s\u1ee9c kh\u1ecfe c\u1ee7a nh\u1eefng chi\u1ebfc r\u0103ng \u0111\u1ea7u ti\u00ean c\u1ee7a con b\u1ea1n. Sau l\u1ea7n kh\u00e1m \u0111\u1ea7u ti\u00ean, h\u00e3y nh\u1edb l\u00ean l\u1ecbch ki\u1ec3m tra \u0111\u1ecbnh k\u1ef3 s\u00e1u th\u00e1ng m\u1ed9t l\u1ea7n.<\/p>\n<\/div><\/section><section class=\"toggle\"><label>T\u00f4i n\u00ean g\u1eb7p nha s\u0129 bao l\u00e2u m\u1ed9t l\u1ea7n?<\/label><div class=\"toggle-content\"><p>Tr\u1ebb em, thanh thi\u1ebfu ni\u00ean v\u00e0 ng\u01b0\u1eddi l\u1edbn \u0111\u1ec1u n\u00ean \u0111\u1ebfn g\u1eb7p nha s\u0129 \u0111\u1ec3 ki\u1ec3m tra \u0111\u1ecbnh k\u1ef3 \u00edt nh\u1ea5t s\u00e1u th\u00e1ng m\u1ed9t l\u1ea7n. Nh\u1eefng b\u1ec7nh nh\u00e2n c\u00f3 nguy c\u01a1 cao m\u1eafc b\u1ec7nh ung th\u01b0 mi\u1ec7ng ho\u1eb7c b\u1ec7nh n\u01b0\u1edbu r\u0103ng c\u00f3 th\u1ec3 ph\u1ea3i g\u1eb7p nha s\u0129 nhi\u1ec1u h\u01a1n ch\u1ec9 hai l\u1ea7n m\u1ed9t n\u0103m. B\u00e1c s\u0129 s\u1ebd gi\u00fap x\u00e1c \u0111\u1ecbnh t\u1ea7n su\u1ea5t b\u1ea1n n\u00ean \u0111\u1ebfn nha s\u0129 \u0111\u1ec3 ki\u1ec3m tra \u0111\u1ecbnh k\u1ef3.<\/p>\n<\/div><\/section><section class=\"toggle\"><label>Khoang l\u00e0 g\u00ec?<\/label><div class=\"toggle-content\"><p>S\u00e2u r\u0103ng l\u00e0 m\u1ed9t l\u1ed7 nh\u1ecf h\u00ecnh th\u00e0nh b\u00ean trong r\u0103ng do s\u00e2u r\u0103ng. S\u00e2u r\u0103ng h\u00ecnh th\u00e0nh khi m\u1ea3ng b\u00e1m t\u00edch t\u1ee5 b\u00ean ngo\u00e0i r\u0103ng k\u1ebft h\u1ee3p v\u1edbi \u0111\u01b0\u1eddng v\u00e0 tinh b\u1ed9t trong th\u1ef1c ph\u1ea9m b\u1ea1n \u0103n. \u0110i\u1ec1u n\u00e0y t\u1ea1o ra m\u1ed9t lo\u1ea1i axit c\u00f3 th\u1ec3 \u0103n m\u00f2n men r\u0103ng c\u1ee7a b\u1ea1n. N\u1ebfu s\u00e2u r\u0103ng kh\u00f4ng \u0111\u01b0\u1ee3c \u0111i\u1ec1u tr\u1ecb, n\u00f3 c\u00f3 th\u1ec3 d\u1eabn \u0111\u1ebfn c\u00e1c v\u1ea5n \u0111\u1ec1 s\u1ee9c kh\u1ecfe r\u0103ng mi\u1ec7ng nghi\u00eam tr\u1ecdng h\u01a1n. S\u00e2u r\u0103ng c\u00f3 th\u1ec3 \u0111\u01b0\u1ee3c ng\u0103n ng\u1eeba b\u1eb1ng c\u00e1ch nh\u1edb \u0111\u00e1nh r\u0103ng \u00edt nh\u1ea5t hai l\u1ea7n m\u1ed9t ng\u00e0y v\u00e0 d\u00f9ng ch\u1ec9 nha khoa gi\u1eefa c\u00e1c k\u1ebd r\u0103ng \u00edt nh\u1ea5t m\u1ed9t l\u1ea7n.<\/p>\n<\/div><\/section><section class=\"toggle\"><label>\u0110\u1ed5 \u0111\u1ea7y l\u00e0 g\u00ec?<\/label><div class=\"toggle-content\"><p>Tr\u00e1m r\u0103ng l\u00e0 m\u1ed9t v\u1eadt li\u1ec7u t\u1ed5ng h\u1ee3p m\u00e0 nha s\u0129 s\u1eed d\u1ee5ng \u0111\u1ec3 tr\u00e1m r\u0103ng s\u00e2u sau khi \u0111\u00e3 lo\u1ea1i b\u1ecf to\u00e0n b\u1ed9 ph\u1ea7n s\u00e2u r\u0103ng. Tr\u00e1m r\u0103ng th\u01b0\u1eddng kh\u00f4ng g\u00e2y \u0111au v\u00ec nha s\u0129 s\u1ebd l\u00e0m t\u00ea mi\u1ec7ng b\u1ea1n b\u1eb1ng thu\u1ed1c g\u00e2y m\u00ea. Ch\u1ea5t tr\u00e1m \u0111\u01b0\u1ee3c l\u00e0m t\u1eeb nhi\u1ec1u lo\u1ea1i v\u1eadt li\u1ec7u kh\u00e1c nhau, bao g\u1ed3m v\u1eadt li\u1ec7u t\u1ed5ng h\u1ee3p, v\u00e0ng ho\u1eb7c g\u1ed1m. N\u1ebfu b\u1ea1n c\u1ea7n tr\u00e1m r\u0103ng, h\u00e3y nh\u1edb n\u00f3i chuy\u1ec7n v\u1edbi b\u00e1c s\u0129 v\u1ec1 lo\u1ea1i n\u00e0o ph\u00f9 h\u1ee3p nh\u1ea5t v\u1edbi b\u1ea1n v\u00e0 r\u0103ng c\u1ee7a b\u1ea1n.<\/p>\n<\/div><\/section><section class=\"toggle\"><label>T\u00f4i n\u00ean \u0111\u00e1nh r\u0103ng th\u01b0\u1eddng xuy\u00ean nh\u01b0 th\u1ebf n\u00e0o?<\/label><div class=\"toggle-content\"><p>Theo nha s\u0129 v\u00e0 Hi\u1ec7p h\u1ed9i Nha khoa Hoa K\u1ef3, b\u1ea1n n\u00ean \u0111\u00e1nh r\u0103ng \u00edt nh\u1ea5t hai l\u1ea7n m\u1ed9t ng\u00e0y. \u0110\u00e1nh r\u0103ng gi\u00fap r\u0103ng, n\u01b0\u1edbu v\u00e0 mi\u1ec7ng c\u1ee7a b\u1ea1n s\u1ea1ch s\u1ebd v\u00e0 kh\u1ecfe m\u1ea1nh b\u1eb1ng c\u00e1ch lo\u1ea1i b\u1ecf m\u1ea3ng b\u00e1m vi khu\u1ea9n g\u00e2y ra. B\u1ea1n c\u0169ng n\u00ean s\u1eed d\u1ee5ng b\u00e0n ch\u1ea3i \u0111\u00e1nh r\u0103ng c\u00f3 l\u00f4ng m\u1ec1m v\u00e0 kem \u0111\u00e1nh r\u0103ng c\u00f3 ch\u1ee9a fluoride khi \u0111\u00e1nh r\u0103ng. B\u1ea1n n\u00ean d\u00e0nh \u00edt nh\u1ea5t m\u1ed9t ph\u00fat cho r\u0103ng tr\u00ean v\u00e0 m\u1ed9t ph\u00fat cho r\u0103ng d\u01b0\u1edbi, \u0111\u1ed3ng th\u1eddi nh\u1edb ch\u1ea3i l\u01b0\u1ee1i; n\u00f3 s\u1ebd gi\u00fap h\u01a1i th\u1edf c\u1ee7a b\u1ea1n lu\u00f4n th\u01a1m m\u00e1t!<\/p>\n<\/div><\/section><section class=\"toggle\"><label>Khi n\u00e0o t\u00f4i n\u00ean thay b\u00e0n ch\u1ea3i \u0111\u00e1nh r\u0103ng?<\/label><div class=\"toggle-content\"><p>B\u00e0n ch\u1ea3i \u0111\u00e1nh r\u0103ng c\u1ee7a b\u1ea1n cu\u1ed1i c\u00f9ng s\u1ebd b\u1ecb m\u00f2n, \u0111\u1eb7c bi\u1ec7t n\u1ebfu b\u1ea1n \u0111\u00e1nh r\u0103ng hai l\u1ea7n m\u1ed9t ng\u00e0y, m\u1ed7i l\u1ea7n t\u1eeb hai \u0111\u1ebfn ba ph\u00fat. Nha s\u0129 c\u1ee7a b\u1ea1n khuy\u00ean ng\u01b0\u1eddi l\u1edbn v\u00e0 tr\u1ebb em n\u00ean thay b\u00e0n ch\u1ea3i \u0111\u00e1nh r\u0103ng ba th\u00e1ng m\u1ed9t l\u1ea7n. N\u1ebfu b\u1ea1n \u0111ang s\u1eed d\u1ee5ng b\u00e0n ch\u1ea3i \u0111\u00e1nh r\u0103ng \u0111i\u1ec7n, h\u00e3y nh\u1edb \u0111\u1ecdc h\u01b0\u1edbng d\u1eabn v\u00ec b\u1ea1n c\u00f3 th\u1ec3 kh\u00f4ng c\u1ea7n ph\u1ea3i thay \u0111\u1ea7u b\u00e0n ch\u1ea3i \u0111\u00e1nh r\u0103ng th\u01b0\u1eddng xuy\u00ean. B\u1ec7nh nh\u00e2n m\u1eafc b\u1ec7nh n\u01b0\u1edbu r\u0103ng \u0111\u01b0\u1ee3c khuy\u1ebfn kh\u00edch thay b\u00e0n ch\u1ea3i \u0111\u00e1nh r\u0103ng b\u1ed1n \u0111\u1ebfn s\u00e1u tu\u1ea7n m\u1ed9t l\u1ea7n \u0111\u1ec3 ng\u0103n vi khu\u1ea9n l\u00e2y lan. Sau khi \u0111\u00e1nh r\u0103ng, r\u1eeda s\u1ea1ch b\u00e0n ch\u1ea3i \u0111\u00e1nh r\u0103ng b\u1eb1ng n\u01b0\u1edbc n\u00f3ng \u0111\u1ec3 di\u1ec7t vi tr\u00f9ng v\u00e0 gi\u1eef cho l\u00f4ng b\u00e0n ch\u1ea3i s\u1ea1ch s\u1ebd. N\u1ebfu b\u1ea1n b\u1ecb b\u1ec7nh, h\u00e3y nh\u1edb thay b\u00e0n ch\u1ea3i \u0111\u00e1nh r\u0103ng c\u00e0ng s\u1edbm c\u00e0ng t\u1ed1t.<\/p>\n<\/div><\/section><section class=\"toggle\"><label>B\u1ec7nh n\u01b0\u1edbu r\u0103ng l\u00e0 g\u00ec?<\/label><div class=\"toggle-content\"><p>C\u00f2n \u0111\u01b0\u1ee3c g\u1ecdi l\u00e0 b\u1ec7nh nha chu, b\u1ec7nh n\u01b0\u1edbu r\u0103ng ch\u1ee7 y\u1ebfu l\u00e0 do s\u1ef1 t\u00edch t\u1ee5 m\u1ea3ng b\u00e1m v\u00e0 vi khu\u1ea9n kh\u00f4ng \u0111\u01b0\u1ee3c \u0111i\u1ec1u tr\u1ecb \u1edf giai \u0111o\u1ea1n \u0111\u1ea7u. C\u00e1c nguy\u00ean nh\u00e2n kh\u00e1c g\u00e2y ra b\u1ec7nh nha chu bao g\u1ed3m s\u1eed d\u1ee5ng thu\u1ed1c l\u00e1, nghi\u1ebfn r\u0103ng, m\u1ed9t s\u1ed1 lo\u1ea1i thu\u1ed1c v\u00e0 di truy\u1ec1n. Vi\u00eam n\u01b0\u1edbu l\u00e0 giai \u0111o\u1ea1n \u0111\u1ea7u c\u1ee7a b\u1ec7nh n\u01b0\u1edbu r\u0103ng v\u00e0 n\u1ebfu \u0111\u01b0\u1ee3c ph\u00e1t hi\u1ec7n th\u00ec c\u00f3 th\u1ec3 \u0111i\u1ec1u tr\u1ecb \u0111\u01b0\u1ee3c. Vi\u00eam n\u01b0\u1edbu kh\u00f4ng \u0111\u01b0\u1ee3c \u0111i\u1ec1u tr\u1ecb c\u00f3 th\u1ec3 bi\u1ebfn th\u00e0nh b\u1ec7nh n\u01b0\u1edbu r\u0103ng. B\u1ec7nh n\u01b0\u1edbu r\u0103ng ti\u1ebfn tri\u1ec3n s\u1ebd d\u1eabn \u0111\u1ebfn m\u1ea5t r\u0103ng v\u00e0 x\u01b0\u01a1ng v\u00e0 l\u00e0 t\u00ecnh tr\u1ea1ng v\u0129nh vi\u1ec5n. \u0110\u00e1nh r\u0103ng th\u01b0\u1eddng xuy\u00ean v\u00e0 \u0111\u1ebfn nha s\u0129 s\u00e1u th\u00e1ng m\u1ed9t l\u1ea7n s\u1ebd gi\u00fap ng\u0103n ng\u1eeba vi\u00eam n\u01b0\u1edbu v\u00e0 c\u00e1c tr\u01b0\u1eddng h\u1ee3p b\u1ec7nh nha chu nghi\u00eam tr\u1ecdng h\u01a1n. D\u1ea5u hi\u1ec7u th\u01b0\u1eddng g\u1eb7p c\u1ee7a b\u1ec7nh n\u01b0\u1edbu r\u0103ng:<\/p>\n<ul>\n<li>N\u01b0\u1edbu \u0111\u1ecf, b\u1ecb k\u00edch \u1ee9ng, ch\u1ea3y m\u00e1u ho\u1eb7c s\u01b0ng t\u1ea5y<\/li>\n<li>H\u01a1i th\u1edf h\u00f4i m\u00e3n t\u00ednh<\/li>\n<li>R\u0103ng lung lay, ho\u1eb7c m\u1ea5t r\u0103ng<\/li>\n<li>R\u0103ng c\u1ef1c k\u1ef3 nh\u1ea1y c\u1ea3m<\/li>\n<li>\u0110\u01b0\u1eddng n\u01b0\u1edbu t\u1ee5t xu\u1ed1ng<\/li>\n<li>\u00e1p xe r\u0103ng<\/li>\n<\/ul>\n<\/div><\/section><section class=\"toggle\"><label>N\u1ebfu t\u00f4i ni\u1ec1ng r\u0103ng, t\u00f4i c\u00f3 c\u1ea7n kh\u00e1m r\u0103ng s\u00e1u th\u00e1ng m\u1ed9t l\u1ea7n kh\u00f4ng?<\/label><div class=\"toggle-content\"><p>\u0110\u00fang! Tr\u00ean th\u1ef1c t\u1ebf, \u0111i\u1ec1u quan tr\u1ecdng h\u01a1n n\u1eefa l\u00e0 b\u1ec7nh nh\u00e2n \u0111ang \u0111i\u1ec1u tr\u1ecb ch\u1ec9nh nha ph\u1ea3i \u0111\u1ebfn g\u1eb7p nha s\u0129 th\u01b0\u1eddng xuy\u00ean. Khi ni\u1ec1ng r\u0103ng, th\u1ee9c \u0103n c\u00f3 th\u1ec3 m\u1eafc v\u00e0o nh\u1eefng v\u1ecb tr\u00ed m\u00e0 b\u00e0n ch\u1ea3i \u0111\u00e1nh r\u0103ng c\u1ee7a b\u1ea1n kh\u00f4ng th\u1ec3 ch\u1ea1m t\u1edbi. \u0110i\u1ec1u n\u00e0y khi\u1ebfn vi khu\u1ea9n t\u00edch t\u1ee5 v\u00e0 c\u00f3 th\u1ec3 d\u1eabn \u0111\u1ebfn s\u00e2u r\u0103ng, vi\u00eam n\u01b0\u1edbu v\u00e0 b\u1ec7nh n\u01b0\u1edbu r\u0103ng. Nha s\u0129 s\u1ebd l\u00e0m vi\u1ec7c ch\u1eb7t ch\u1ebd v\u1edbi b\u00e1c s\u0129 ch\u1ec9nh nha \u0111\u1ec3 \u0111\u1ea3m b\u1ea3o r\u1eb1ng r\u0103ng c\u1ee7a b\u1ea1n lu\u00f4n s\u1ea1ch s\u1ebd v\u00e0 kh\u1ecfe m\u1ea1nh khi \u0111eo ni\u1ec1ng r\u0103ng.<\/p>\n<\/div><\/section><section class=\"toggle\"><label>L\u00e0m c\u00e1ch n\u00e0o \u0111\u1ec3 l\u00ean l\u1ecbch ki\u1ec3m tra ti\u1ebfp theo c\u1ee7a t\u00f4i?<\/label><div class=\"toggle-content\"><p>\u0110\u01a1n gi\u1ea3n ch\u1ec9 c\u1ea7n g\u1ecdi th\u1ef1c h\u00e0nh c\u1ee7a ch\u00fang t\u00f4i! Nh\u00e2n vi\u00ean l\u1ec5 t\u00e2n c\u1ee7a ch\u00fang t\u00f4i s\u1ebd s\u1eb5n l\u00f2ng gi\u00fap b\u1ea1n l\u00ean l\u1ecbch kh\u00e1m r\u0103ng l\u1ea7n ti\u1ebfp theo m\u1ed9t c\u00e1ch thu\u1eadn ti\u1ec7n. N\u1ebfu b\u1ea1n l\u00e0 b\u1ec7nh nh\u00e2n m\u1edbi, vui l\u00f2ng cho ch\u00fang t\u00f4i bi\u1ebft v\u00e0 ch\u00fang t\u00f4i s\u1ebd cung c\u1ea5p cho b\u1ea1n t\u1ea5t c\u1ea3 th\u00f4ng tin b\u1ea1n c\u1ea7n cho l\u1ea7n kh\u00e1m nha khoa \u0111\u1ea7u ti\u00ean.<\/p>\n<\/div><\/section><\/div><\/div><\/div>\n<\/div>","protected":false},"excerpt":{"rendered":"Nha khoa l\u00e0 g\u00ec? Nha khoa l\u00e0 ch\u1ea9n \u0111o\u00e1n, \u0111i\u1ec1u tr\u1ecb v\u00e0 ph\u00f2ng ng\u1eeba c\u00e1c t\u00ecnh tr\u1ea1ng, r\u1ed1i lo\u1ea1n v\u00e0 b\u1ec7nh v\u1ec1 r\u0103ng, n\u01b0\u1edbu, mi\u1ec7ng v\u00e0 h\u00e0m. Th\u01b0\u1eddng \u0111\u01b0\u1ee3c coi l\u00e0 c\u1ea7n thi\u1ebft cho s\u1ee9c kh\u1ecfe r\u0103ng mi\u1ec7ng ho\u00e0n ch\u1ec9nh, nha khoa c\u00f3 th\u1ec3 c\u00f3 t\u00e1c \u0111\u1ed9ng \u0111\u1ebfn s\u1ee9c kh\u1ecfe to\u00e0n b\u1ed9 c\u01a1 th\u1ec3 b\u1ea1n. Nha s\u0129 l\u00e0 g\u00ec? Nha s\u0129 l\u00e0 m\u1ed9t chuy\u00ean gia l\u00e0m vi\u1ec7c \u0111\u1ec3 ch\u1ea9n \u0111o\u00e1n, \u0111i\u1ec1u tr\u1ecb v\u00e0 ng\u0103n ng\u1eeba [\u2026]","protected":false},"author":3,"featured_media":0,"parent":9,"menu_order":6,"comment_status":"closed","ping_status":"closed","template":"","meta":{"footnotes":""},"class_list":["post-1431","page","type-page","status-publish","hentry"],"_links":{"self":[{"href":"https:\/\/tgmdental.net\/vi\/wp-json\/wp\/v2\/pages\/1431","targetHints":{"allow":["GET"]}}],"collection":[{"href":"https:\/\/tgmdental.net\/vi\/wp-json\/wp\/v2\/pages"}],"about":[{"href":"https:\/\/tgmdental.net\/vi\/wp-json\/wp\/v2\/types\/page"}],"author":[{"embeddable":true,"href":"https:\/\/tgmdental.net\/vi\/wp-json\/wp\/v2\/users\/3"}],"replies":[{"embeddable":true,"href":"https:\/\/tgmdental.net\/vi\/wp-json\/wp\/v2\/comments?post=1431"}],"version-history":[{"count":0,"href":"https:\/\/tgmdental.net\/vi\/wp-json\/wp\/v2\/pages\/1431\/revisions"}],"up":[{"embeddable":true,"href":"https:\/\/tgmdental.net\/vi\/wp-json\/wp\/v2\/pages\/9"}],"wp:attachment":[{"href":"https:\/\/tgmdental.net\/vi\/wp-json\/wp\/v2\/media?parent=1431"}],"curies":[{"name":"wp","href":"https:\/\/api.w.org\/{rel}","templated":true}]}}