{"id":1670,"date":"2023-10-05T11:28:21","date_gmt":"2023-10-05T04:28:21","guid":{"rendered":"https:\/\/tgmdental.net\/?page_id=1670"},"modified":"2023-10-05T15:48:44","modified_gmt":"2023-10-05T08:48:44","slug":"reviews","status":"publish","type":"page","link":"https:\/\/tgmdental.net\/vi\/reviews\/","title":{"rendered":"\u0110\u00e1nh gi\u00e1"},"content":{"rendered":"<div class=\"wpb-content-wrapper\"><div class=\"vc_row wpb_row vc_row-fluid\"><div class=\"vc_column_container vc_col-sm-12\"><div class=\"wpb_wrapper vc_column-inner\">\n\t<div class=\"wpb_text_column wpb_content_element\" >\n\t\t<div class=\"wpb_wrapper\">\n\t\t\t<div class=\"wp-gr rpi wpac\" data-id=\"1674\" data-layout=\"list\" data-exec=\"false\" data-options='{&quot;text_size&quot;:&quot;&quot;,&quot;trans&quot;:{&quot;read more&quot;:&quot;read more&quot;}}'><svg xmlns=\"http:\/\/www.w3.org\/2000\/svg\" style=\"display:none!important\"><symbol id=\"grw-tripadvisor\" viewbox=\"0 0 713.496 713.496\"><g><circle fill=\"#34E0A1\" cx=\"356.749\" cy=\"356.748\" r=\"356.748\"\/><path d=\"M577.095,287.152l43.049-46.836h-95.465c-47.792-32.646-105.51-51.659-167.931-51.659   c-62.342,0-119.899,19.054-167.612,51.659H93.432l43.049,46.836c-26.387,24.075-42.929,58.754-42.929,97.259   c0,72.665,58.914,131.578,131.579,131.578c34.519,0,65.968-13.313,89.446-35.077l42.172,45.919l42.172-45.879   c23.478,21.764,54.887,35.037,89.406,35.037c72.665,0,131.658-58.913,131.658-131.578   C620.024,345.866,603.483,311.188,577.095,287.152z M225.17,473.458c-49.188,0-89.047-39.859-89.047-89.047   s39.86-89.048,89.047-89.048c49.187,0,89.047,39.86,89.047,89.048S274.357,473.458,225.17,473.458z M356.788,381.82   c0-58.595-42.61-108.898-98.853-130.383c30.413-12.716,63.776-19.771,98.813-19.771s68.439,7.055,98.853,19.771   C399.399,272.962,356.788,323.226,356.788,381.82z M488.367,473.458c-49.188,0-89.048-39.859-89.048-89.047   s39.86-89.048,89.048-89.048s89.047,39.86,89.047,89.048S537.554,473.458,488.367,473.458z M488.367,337.694   c-25.79,0-46.677,20.887-46.677,46.677c0,25.789,20.887,46.676,46.677,46.676c25.789,0,46.676-20.887,46.676-46.676   C535.042,358.621,514.156,337.694,488.367,337.694z M271.846,384.411c0,25.789-20.887,46.676-46.676,46.676   s-46.676-20.887-46.676-46.676c0-25.79,20.887-46.677,46.676-46.677C250.959,337.694,271.846,358.621,271.846,384.411z\"\/><\/g><\/symbol><symbol id=\"grw-google\" viewbox=\"0 0 512 512\"><g fill=\"none\" fill-rule=\"evenodd\"><path d=\"M482.56 261.36c0-16.73-1.5-32.83-4.29-48.27H256v91.29h127.01c-5.47 29.5-22.1 54.49-47.09 71.23v59.21h76.27c44.63-41.09 70.37-101.59 70.37-173.46z\" fill=\"#4285f4\"\/><path d=\"M256 492c63.72 0 117.14-21.13 156.19-57.18l-76.27-59.21c-21.13 14.16-48.17 22.53-79.92 22.53-61.47 0-113.49-41.51-132.05-97.3H45.1v61.15c38.83 77.13 118.64 130.01 210.9 130.01z\" fill=\"#34a853\"\/><path d=\"M123.95 300.84c-4.72-14.16-7.4-29.29-7.4-44.84s2.68-30.68 7.4-44.84V150.01H45.1C29.12 181.87 20 217.92 20 256c0 38.08 9.12 74.13 25.1 105.99l78.85-61.15z\" fill=\"#fbbc05\"\/><path d=\"M256 113.86c34.65 0 65.76 11.91 90.22 35.29l67.69-67.69C373.03 43.39 319.61 20 256 20c-92.25 0-172.07 52.89-210.9 130.01l78.85 61.15c18.56-55.78 70.59-97.3 132.05-97.3z\" fill=\"#ea4335\"\/><path d=\"M20 20h472v472H20V20z\"\/><\/g><\/symbol><\/svg><div class=\"wp-google-list\"><div class=\"grw-header\"><div class=\"grw-header-inner rpi-flx rpi-row12\"><div class=\"grw-img-wrap\"><img decoding=\"async\" class=\"grw-img\" src=\"https:\/\/maps.gstatic.com\/mapfiles\/place_api\/icons\/v1\/png_71\/generic_business-71.png\" loading=\"lazy\" alt=\"TGM Dental place picture\" width=\"50\" height=\"50\" onerror=\"if(this.src!='data:image\/gif;base64,R0lGODlhAQABAIAAAAAAAP\/\/\/yH5BAEAAAAALAAAAAABAAEAAAIBRAA7')this.src='data:image\/gif;base64,R0lGODlhAQABAIAAAAAAAP\/\/\/yH5BAEAAAAALAAAAAABAAEAAAIBRAA7';\" ><\/div><div class=\"rpi-flx rpi-col8\"><div class=\"wp-google-name\"><a href=\"https:\/\/maps.google.com\/?cid=14244047950154981688\" target=\"_blank\" rel=\"nofollow noopener\">Nha khoa TGM<\/a><\/div><span class=\"rpi-stars\" style=\"--rating:4.6\">4.6<\/span><div class=\"wp-google-based\">D\u1ef1a tr\u00ean 43 \u0111\u00e1nh gi\u00e1<\/div><div class=\"wp-google-powered\">\u0111\u01b0\u1ee3c cung c\u1ea5p b\u1edfi <span><span style=\"color:#3c6df0!important\">G<\/span><span style=\"color:#d93025!important\">\u00f4i<\/span><span style=\"color:#fb8e28!important\">\u00f4i<\/span><span style=\"color:#3c6df0!important\">g<\/span><span style=\"color:#188038!important\">t\u00f4i<\/span><span style=\"color:#d93025!important\">v\u00e0<\/span><\/span><\/div><div class=\"wp-google-wr\"><a href=\"https:\/\/search.google.com\/local\/writereview?placeid=ChIJx9DLgNYNQjEROGGeeCQGrcU\" target=\"_blank\" rel=\"nofollow noopener\" onclick=\"return rplg_leave_review_window.call(this)\">xem x\u00e9t ch\u00fang t\u00f4i tr\u00ean<svg height=\"16\" width=\"16\" role=\"none\"><use href=\"#grw-google\"><\/use><\/svg><\/a><\/div><\/div><\/div><\/div><div class=\"rpi-flx rpi-col16\"><div class=\"wp-google-review\"><div class=\"rpi-flx rpi-row12\"><div class=\"grw-img-wrap\"><img decoding=\"async\" class=\"grw-img\" src=\"https:\/\/tgmdental.net\/wp-content\/uploads\/2023\/10\/ChIJx9DLgNYNQjEROGGeeCQGrcU_b4f805f16f526adb89cb5a6ef1f6404d.jpg\" loading=\"lazy\" alt=\"Cisco Loevendie profile picture\" width=\"50\" height=\"50\" onerror=\"if(this.src!='https:\/\/tgmdental.net\/wp-content\/plugins\/widget-google-reviews\/assets\/img\/guest.png')this.src='https:\/\/tgmdental.net\/wp-content\/plugins\/widget-google-reviews\/assets\/img\/guest.png';\" ><\/div><div class=\"rpi-flx rpi-col4\"><a href=\"https:\/\/www.google.com\/maps\/contrib\/101499417721685423305\/reviews\" class=\"wp-google-name\" target=\"_blank\" rel=\"nofollow noopener\">Cisco Loevendie<\/a><div class=\"wp-google-time\" data-time=\"1692701412\">10:50 22 Th08 23<\/div><div class=\"wp-google-feedback\"><span class=\"rpi-stars\" style=\"--rating:5\"><\/span><span class=\"wp-google-text\">D\u1ecbch v\u1ee5 tuy\u1ec7t v\u1eddi v\u00e0 gi\u00e1 c\u1ea3 t\u1ed1t nh\u1ea5t. T\u00f4i r\u1ea5t mu\u1ed1n gi\u1edbi thi\u1ec7u ch\u00fang cho b\u1ea5t c\u1ee9 ai tr\u00ean th\u1ebf gi\u1edbi.<\/span><\/div><\/div><\/div><\/div><div class=\"wp-google-review\"><div class=\"rpi-flx rpi-row12\"><div class=\"grw-img-wrap\"><img decoding=\"async\" class=\"grw-img\" src=\"https:\/\/tgmdental.net\/wp-content\/uploads\/2023\/10\/ChIJx9DLgNYNQjEROGGeeCQGrcU_46047b9e58d55dcf89c74ebbc052514e.jpg\" loading=\"lazy\" alt=\"Laraine Cashel profile picture\" width=\"50\" height=\"50\" onerror=\"if(this.src!='https:\/\/tgmdental.net\/wp-content\/plugins\/widget-google-reviews\/assets\/img\/guest.png')this.src='https:\/\/tgmdental.net\/wp-content\/plugins\/widget-google-reviews\/assets\/img\/guest.png';\" ><\/div><div class=\"rpi-flx rpi-col4\"><a href=\"https:\/\/www.google.com\/maps\/contrib\/118229612980860214895\/reviews\" class=\"wp-google-name\" target=\"_blank\" rel=\"nofollow noopener\">Ti\u1ec1n m\u1eb7t Laraine<\/a><div class=\"wp-google-time\" data-time=\"1692576730\">00:12 21\/08\/23<\/div><div class=\"wp-google-feedback\"><span class=\"rpi-stars\" style=\"--rating:4\"><\/span><span class=\"wp-google-text\">Was at TGM dental last week while holidaying in Hoi An, there professionalism and care was above and beyond. I had 2 teeth extracted and a new partial plate made all for less than $400, ridiculous, they look and feel great. Thank you everyone at TGM Dental for your kindness and patience.<br \/>Ti\u1ec1n m\u1eb7t Laraine<\/span><\/div><\/div><\/div><\/div><div class=\"wp-google-review\"><div class=\"rpi-flx rpi-row12\"><div class=\"grw-img-wrap\"><img decoding=\"async\" class=\"grw-img\" src=\"https:\/\/tgmdental.net\/wp-content\/uploads\/2023\/10\/ChIJx9DLgNYNQjEROGGeeCQGrcU_5d48cda946a2beefebd7e89448e09543.jpg\" loading=\"lazy\" alt=\"Robin Talbot profile picture\" width=\"50\" height=\"50\" onerror=\"if(this.src!='https:\/\/tgmdental.net\/wp-content\/plugins\/widget-google-reviews\/assets\/img\/guest.png')this.src='https:\/\/tgmdental.net\/wp-content\/plugins\/widget-google-reviews\/assets\/img\/guest.png';\" ><\/div><div class=\"rpi-flx rpi-col4\"><a href=\"https:\/\/www.google.com\/maps\/contrib\/106855651185610721003\/reviews\" class=\"wp-google-name\" target=\"_blank\" rel=\"nofollow noopener\">Robin Talbot<\/a><div class=\"wp-google-time\" data-time=\"1689855046\">12:10 20 Th07 23<\/div><div class=\"wp-google-feedback\"><span class=\"rpi-stars\" style=\"--rating:5\"><\/span><span class=\"wp-google-text\">Tr\u1ea3i nghi\u1ec7m tuy\u1ec7t v\u1eddi v\u1edbi nha s\u0129 n\u00e0y. T\u00f4i \u0111\u00e3 tr\u00e1m r\u0103ng kh\u00f4ng \u0111au v\u00e0 s\u1ea1ch s\u1ebd tuy\u1ec7t v\u1eddi. R\u1ea5t chuy\u00ean nghi\u1ec7p v\u00e0 s\u1ea1ch s\u1ebd. Gi\u00e1 tr\u1ecb l\u1edbn c\u0169ng c\u00f3.<\/span><\/div><\/div><\/div><\/div><div class=\"wp-google-review\"><div class=\"rpi-flx rpi-row12\"><div class=\"grw-img-wrap\"><img decoding=\"async\" class=\"grw-img\" src=\"https:\/\/tgmdental.net\/wp-content\/uploads\/2023\/10\/ChIJx9DLgNYNQjEROGGeeCQGrcU_a93cb24a914ab4271f0d184220324406.jpg\" loading=\"lazy\" alt=\"Tea Petkova profile picture\" width=\"50\" height=\"50\" onerror=\"if(this.src!='https:\/\/tgmdental.net\/wp-content\/plugins\/widget-google-reviews\/assets\/img\/guest.png')this.src='https:\/\/tgmdental.net\/wp-content\/plugins\/widget-google-reviews\/assets\/img\/guest.png';\" ><\/div><div class=\"rpi-flx rpi-col4\"><a href=\"https:\/\/www.google.com\/maps\/contrib\/100555365797214010835\/reviews\" class=\"wp-google-name\" target=\"_blank\" rel=\"nofollow noopener\">Tr\u00e0 Petkova<\/a><div class=\"wp-google-time\" data-time=\"1683792340\">08:05 11 23 th\u00e1ng 5<\/div><div class=\"wp-google-feedback\"><span class=\"rpi-stars\" style=\"--rating:5\"><\/span><span class=\"wp-google-text\">T\u00f4i \u0111\u1ebfn \u0111\u00e2y ho\u00e0n to\u00e0n \u0111au kh\u1ed5 v\u00ec m\u1ed9t chi\u1ebfc r\u0103ng c\u1eeda b\u1ecb s\u1ee9t m\u1ebb. H\u1ecd \u0111\u00e3 gi\u1ea3i quy\u1ebft v\u1ea5n \u0111\u1ec1 \u0111\u00f3 v\u00e0 ch\u0103m s\u00f3c t\u00f4i r\u1ea5t nhanh. T\u00f4i r\u1eddi kh\u1ecfi v\u0103n ph\u00f2ng r\u1ea5t bi\u1ebft \u01a1n! C\u1ea3m \u01a1n b\u1ea1n r\u1ea5t nhi\u1ec1u, n\u1ebfu c\u00f3 l\u1ef1a ch\u1ecdn th\u00ec t\u00f4i s\u1ebd cho 10 sao!!<\/span><\/div><\/div><\/div><\/div><div class=\"wp-google-review\"><div class=\"rpi-flx rpi-row12\"><div class=\"grw-img-wrap\"><img decoding=\"async\" class=\"grw-img\" src=\"https:\/\/tgmdental.net\/wp-content\/uploads\/2023\/10\/ChIJx9DLgNYNQjEROGGeeCQGrcU_4f7c200f04d7870d5cfee338a672974e.jpg\" loading=\"lazy\" alt=\"Rob Turner profile picture\" width=\"50\" height=\"50\" onerror=\"if(this.src!='https:\/\/tgmdental.net\/wp-content\/plugins\/widget-google-reviews\/assets\/img\/guest.png')this.src='https:\/\/tgmdental.net\/wp-content\/plugins\/widget-google-reviews\/assets\/img\/guest.png';\" ><\/div><div class=\"rpi-flx rpi-col4\"><a href=\"https:\/\/www.google.com\/maps\/contrib\/103845458974137594426\/reviews\" class=\"wp-google-name\" target=\"_blank\" rel=\"nofollow noopener\">Rob Turner<\/a><div class=\"wp-google-time\" data-time=\"1682463275\">22:54 25 Th\u00e1ng 4 23<\/div><div class=\"wp-google-feedback\"><span class=\"rpi-stars\" style=\"--rating:5\"><\/span><span class=\"wp-google-text\">Nha s\u0129 gi\u1ecfi nh\u1ea5t m\u00e0 t\u00f4i t\u1eebng \u0111\u1ebfn. M\u1ecdi th\u1ee9 \u0111\u00e3 \u0111\u01b0\u1ee3c gi\u1ea3i th\u00edch r\u00f5 r\u00e0ng, t\u1ea5t c\u1ea3 c\u00e1c l\u1ef1a ch\u1ecdn \u0111\u1ec1u \u0111\u00e3 \u0111\u01b0\u1ee3c kh\u00e1m ph\u00e1 v\u00e0 kh\u00f4ng c\u00f3 \u00e1p l\u1ef1c ph\u1ea3i ch\u1ecdn c\u00e1i n\u00e0y h\u01a1n c\u00e1i kia. N\u1ebfu b\u1ea1n th\u1eadm ch\u00ed \u0111ang ngh\u0129 \u0111\u1ebfn vi\u1ec7c ho\u00e0n th\u00e0nh m\u1ed9t s\u1ed1 c\u00f4ng vi\u1ec7c, h\u00e3y \u0111i v\u1ec7 sinh s\u1ea1ch s\u1ebd, ch\u1ee5p X-quang v\u00e0 b\u1eaft \u0111\u1ea7u t\u1eeb \u0111\u00f3. H\u1ecd \u0111\u00e3 cho t\u00f4i nh\u1eefng chi\u1ebfc r\u0103ng m\u1edbi m\u00e0 t\u00f4i ch\u01b0a bao gi\u1edd ngh\u0129 m\u00ecnh c\u00f3 \u0111\u1ee7 kh\u1ea3 n\u0103ng chi tr\u1ea3, nh\u01b0ng h\u01a1n th\u1ebf n\u1eefa, phong th\u00e1i, s\u1ef1 \u1ea5m \u00e1p v\u00e0 chuy\u00ean nghi\u1ec7p c\u1ee7a h\u1ecd th\u1eadt ho\u00e0n h\u1ea3o. T\u00f4i s\u1ebd kh\u00f4ng ng\u1ea7n ng\u1ea1i gi\u1edbi thi\u1ec7u ch\u00fang cho b\u1ea5t k\u1ef3 ai, h\u1ecd s\u1ebd \u0111\u1eb7t l\u1ee3i \u00edch v\u00e0 s\u1ee9c kh\u1ecfe c\u1ee7a b\u1ea1n l\u00ean tr\u00ean h\u1ebft. Cu\u1ed1i c\u00f9ng, t\u00f4i kh\u00f4ng bi\u1ebft h\u1ecd \u0111ang \u00e1p d\u1ee5ng ph\u00e9p thu\u1eadt g\u00ec, tr\u01b0\u1edbc \u0111\u00e2y t\u00f4i \u0111\u00e3 t\u1eebng \u0111i\u1ec1u tr\u1ecb t\u1ee7y v\u00e0 b\u1ecb \u0111au d\u1eef d\u1ed9i sau khi thu\u1ed1c t\u00ea h\u1ebft t\u00e1c d\u1ee5ng, nh\u01b0ng t\u00f4i \u0111\u00e3 th\u1ef1c hi\u1ec7n hai ca kh\u00e1 l\u1edbn v\u00e0 c\u00f3 th\u1ec3 th\u00e0nh th\u1eadt m\u00e0 n\u00f3i r\u1eb1ng t\u00f4i \u0111\u00e3 kh\u00f4ng l\u00e0m v\u1eady. th\u1eadm ch\u00ed c\u1ea7n d\u00f9ng panadol\/paracetamol trong nh\u1eefng ng\u00e0y ti\u1ebfp theo. H\u1ecd th\u1ef1c s\u1ef1 l\u00e0 m\u1ed9t trong nh\u1eefng ng\u01b0\u1eddi t\u1ed1t b\u1ee5ng, v\u1ec7 sinh v\u00e0 chuy\u00ean nghi\u1ec7p nh\u1ea5t m\u00e0 t\u00f4i t\u1eebng ti\u1ebfp x\u00fac.<\/span><\/div><\/div><\/div><\/div><div class=\"wp-google-review\"><div class=\"rpi-flx rpi-row12\"><div class=\"grw-img-wrap\"><img decoding=\"async\" class=\"grw-img\" src=\"https:\/\/tgmdental.net\/wp-content\/uploads\/2023\/10\/ChIJx9DLgNYNQjEROGGeeCQGrcU_d696ecd521d4dbd21230f687b0dbfdac.jpg\" loading=\"lazy\" alt=\"Shaye-Louise Jolley profile picture\" width=\"50\" height=\"50\" onerror=\"if(this.src!='https:\/\/tgmdental.net\/wp-content\/plugins\/widget-google-reviews\/assets\/img\/guest.png')this.src='https:\/\/tgmdental.net\/wp-content\/plugins\/widget-google-reviews\/assets\/img\/guest.png';\" ><\/div><div class=\"rpi-flx rpi-col4\"><a href=\"https:\/\/www.google.com\/maps\/contrib\/110724105291984217355\/reviews\" class=\"wp-google-name\" target=\"_blank\" rel=\"nofollow noopener\">Shaye-Louise Jolley<\/a><div class=\"wp-google-time\" data-time=\"1672837218\">13:00 04 Th01 23<\/div><div class=\"wp-google-feedback\"><span class=\"rpi-stars\" style=\"--rating:5\"><\/span><span class=\"wp-google-text\">R\u1ea5t th\u00e2n thi\u1ec7n v\u00e0 chuy\u00ean nghi\u1ec7p. T\u00f4i \u0111\u00e3 c\u00f3 m\u1ed9t cu\u1ed9c h\u1eb9n kh\u00f4ng h\u1eb9n tr\u01b0\u1edbc. T\u00f4i d\u1ef1 ki\u1ebfn ch\u1ec9 l\u00e0m s\u1ea1ch \u0111\u1ecbnh k\u1ef3 nh\u01b0ng c\u1ea7n hai mi\u1ebfng tr\u00e1m v\u00e0 ch\u1ee5p X-quang cho chi\u1ebfc r\u0103ng kh\u00f4n. M\u1ecdi th\u1ee9 \u0111\u00e3 \u0111\u01b0\u1ee3c gi\u1ea3i th\u00edch r\u1ea5t r\u00f5 r\u00e0ng cho t\u00f4i v\u00e0 t\u00f4i c\u1ea3m th\u1ea5y r\u1ea5t tho\u1ea3i m\u00e1i trong su\u1ed1t chuy\u1ebfn th\u0103m. Gi\u00e1 c\u1ef1c k\u1ef3 h\u1ee3p l\u00fd cho nh\u1eefng g\u00ec t\u00f4i c\u00f3. Ch\u1ec9 \u1edf H\u1ed9i An khi \u0111i du l\u1ecbch v\u00e0 t\u00f4i th\u01b0\u1eddng r\u1ea5t s\u1ee3 nha s\u0129 (ngo\u00e0i nh\u1eefng ng\u01b0\u1eddi th\u01b0\u1eddng xuy\u00ean \u1edf qu\u00ea nh\u00e0) nh\u01b0ng t\u1eeb nh\u1eefng \u0111\u00e1nh gi\u00e1 t\u1ed1t, t\u00f4i bi\u1ebft m\u00ecnh \u0111\u00e3 \u0111\u01b0\u1ee3c an to\u00e0n! C\u1ea3m \u01a1n!<\/span><\/div><\/div><\/div><\/div><\/div><a href=\"https:\/\/search.google.com\/local\/reviews?placeid=ChIJx9DLgNYNQjEROGGeeCQGrcU\" class=\"wp-google-url\" target=\"_blank\" rel=\"nofollow noopener\">Xem t\u1ea5t c\u1ea3 \u0111\u00e1nh gi\u00e1<\/a><\/div><script>(function(p){if(!p)return;let w=p.offsetWidth,m=function(a,b){return Math.min(a,b)===a};p.querySelector('.grw-row').classList.replace('grw-row-m','grw-row-'+(m(w,510)?'xs':m(w,750)?'x':m(w,1100)?'s':m(w,1450)?'m':m(w,1800)?'l':'xl'))})(document.currentScript?.parentElement)<\/script><\/div>\n\n\t\t<\/div>\n\t<\/div>\n<\/div><\/div><\/div><div data-vc-full-width=\"true\" data-vc-full-width-init=\"false\" data-vc-stretch-content=\"true\" class=\"vc_row wpb_row vc_row-fluid m-b-n-xl m-t-xl section section-default section-no-borders vc_row-no-padding\"><div class=\"porto-wrap-container container\"><div class=\"row\"><div class=\"vc_column_container vc_col-sm-8\"><div class=\"wpb_wrapper vc_column-inner\"><h4 style=\"text-align: center\" class=\"vc_custom_heading m-b-sm\">\u201cCh\u0103m s\u00f3c r\u0103ng mi\u1ec7ng ch\u1ea5t l\u01b0\u1ee3ng ph\u01b0\u01a1ng T\u00e2y v\u1edbi c\u00f9ng m\u1ee9c gi\u00e1 h\u1ee3p l\u00fd cho m\u1ecdi ng\u01b0\u1eddi\u201d<\/h4><p style=\"font-size: 17px;text-align: center\" class=\"vc_custom_heading\">Li\u00ean h\u1ec7 v\u1edbi ch\u00fang t\u00f4i ngay b\u00e2y gi\u1edd \u0111\u1ec3 s\u1eafp x\u1ebfp m\u1ed9t cu\u1ed9c h\u1eb9n.<\/p><\/div><\/div><div class=\"vc_column_container vc_col-sm-4\"><div class=\"wpb_wrapper vc_column-inner\"><div class=\"vc_btn3-container  m-t-sm vc_btn3-center\"><a class=\"vc_btn3 vc_btn3-shape-round btn btn-lg btn-primary\" href=\"http:\/\/tgmdental.net\/vi\/contact\/\" title=\"\">\u0110\u1eb7t l\u1ecbch h\u1eb9n<\/a><\/div><\/div><\/div><\/div><\/div><\/div><div class=\"vc_row-full-width vc_clearfix\"><\/div>\n<\/div>","protected":false},"excerpt":{"rendered":"TGM Dental4.6Based on 43 reviewspowered by Googlereview us onCisco Loevendie10:50 22 Aug 23Excellent service and the best prices. I would highly recommend them to anyone in the world.Laraine Cashel00:12 21 Aug 23Was at TGM dental last week while holidaying in Hoi An, there professionalism and care was above and beyond. I had 2 teeth extracted [...]","protected":false},"author":3,"featured_media":0,"parent":0,"menu_order":2,"comment_status":"closed","ping_status":"closed","template":"","meta":{"footnotes":""},"class_list":["post-1670","page","type-page","status-publish","hentry"],"_links":{"self":[{"href":"https:\/\/tgmdental.net\/vi\/wp-json\/wp\/v2\/pages\/1670","targetHints":{"allow":["GET"]}}],"collection":[{"href":"https:\/\/tgmdental.net\/vi\/wp-json\/wp\/v2\/pages"}],"about":[{"href":"https:\/\/tgmdental.net\/vi\/wp-json\/wp\/v2\/types\/page"}],"author":[{"embeddable":true,"href":"https:\/\/tgmdental.net\/vi\/wp-json\/wp\/v2\/users\/3"}],"replies":[{"embeddable":true,"href":"https:\/\/tgmdental.net\/vi\/wp-json\/wp\/v2\/comments?post=1670"}],"version-history":[{"count":4,"href":"https:\/\/tgmdental.net\/vi\/wp-json\/wp\/v2\/pages\/1670\/revisions"}],"predecessor-version":[{"id":1676,"href":"https:\/\/tgmdental.net\/vi\/wp-json\/wp\/v2\/pages\/1670\/revisions\/1676"}],"wp:attachment":[{"href":"https:\/\/tgmdental.net\/vi\/wp-json\/wp\/v2\/media?parent=1670"}],"curies":[{"name":"wp","href":"https:\/\/api.w.org\/{rel}","templated":true}]}}