{"id":19,"date":"2016-09-26T02:12:09","date_gmt":"2016-09-25T19:12:09","guid":{"rendered":"http:\/\/sw-themes.com\/porto_dummy\/?page_id=19"},"modified":"2023-07-08T12:50:00","modified_gmt":"2023-07-08T05:50:00","slug":"price-list","status":"publish","type":"page","link":"https:\/\/tgmdental.net\/vi\/price-list\/","title":{"rendered":"B\u1ea3ng gi\u00e1"},"content":{"rendered":"<div class=\"wpb-content-wrapper\"><div class=\"vc_row wpb_row vc_row-fluid\"><div class=\"vc_column_container vc_col-sm-12\"><div class=\"wpb_wrapper vc_column-inner\">\n\t<div class=\"wpb_text_column wpb_content_element m-b-xlg\" >\n\t\t<div class=\"wpb_wrapper\">\n\t\t\t<p style=\"text-align: justify;\"><strong>Nha khoa T\u00e2m Gia Minh<\/strong> c\u00f4ng nh\u1eadn r\u1eb1ng h\u01a1n 4.000 kh\u00e1ch h\u00e0ng t\u1eeb n\u01b0\u1edbc ngo\u00e0i \u0111\u00e3 ch\u1ecdn ch\u00fang t\u00f4i trong b\u1ed1n n\u0103m qua nh\u1edd d\u1ecbch v\u1ee5 ch\u0103m s\u00f3c nha khoa ch\u1ea5t l\u01b0\u1ee3ng v\u1edbi gi\u00e1 c\u1ea3 ph\u1ea3i ch\u0103ng.<\/p>\n<p style=\"text-align: justify;\">Ch\u00fang t\u00f4i kh\u00f4ng cung c\u1ea5p c\u00e1c c\u00f4ng tr\u00ecnh nha khoa r\u1ebb nh\u1ea5t t\u1ea1i Vi\u1ec7t Nam v\u00ec c\u00e1c c\u00f4ng tr\u00ecnh nha khoa cao c\u1ea5p kh\u00f4ng th\u1ec3 \u0111\u01b0\u1ee3c cung c\u1ea5p v\u1edbi gi\u00e1 r\u1ebb.<\/p>\n<p style=\"text-align: justify;\">Tuy nhi\u00ean, so v\u1edbi gi\u00e1 c\u1ee7a c\u00e1c d\u1ecbch v\u1ee5 nha khoa \u0111\u01b0\u1ee3c cung c\u1ea5p \u1edf Canada, New Zealand, \u00dac, Hoa K\u1ef3 v\u00e0 V\u01b0\u01a1ng qu\u1ed1c Anh, b\u1ea1n c\u00f3 th\u1ec3 mong \u0111\u1ee3i ti\u1ebft ki\u1ec7m chi ph\u00ed ch\u0103m s\u00f3c r\u0103ng mi\u1ec7ng c\u1ee7a m\u00ecnh t\u1eeb 60% \u0111\u1ebfn 80% trong khi nh\u1eadn \u0111\u01b0\u1ee3c c\u00f9ng m\u1ed9t m\u1ee9c \u0111\u1ed9 ch\u0103m s\u00f3c v\u00e0 d\u1ecbch v\u1ee5 nha khoa ch\u1ea5t l\u01b0\u1ee3ng. T\u1ea5t c\u1ea3 s\u1ea3n ph\u1ea9m, v\u1eadt t\u01b0 thi\u1ebft b\u1ecb ph\u00f2ng kh\u00e1m \u0111\u1ec1u \u0111\u01b0\u1ee3c s\u1ea3n xu\u1ea5t t\u1ea1i M\u1ef9, \u0110\u1ee9c, Nh\u1eadt B\u1ea3n v\u00e0 Ch\u00e2u \u00c2u. T\u1ea5t c\u1ea3 ch\u00fang \u0111\u1ec1u tu\u00e2n th\u1ee7 quy \u0111\u1ecbnh an to\u00e0n c\u1ee7a ADA v\u00e0 FDA.<\/p>\n<h3 style=\"text-align: center;\"><strong>B\u1ea2NG GI\u00c1 D\u1ecaCH V\u1ee4 NHA KHOA<\/strong><\/h3>\n<p style=\"text-align: center;\"><span style=\"color: #ff0000;\"><em><strong>\u00c1p d\u1ee5ng t\u1eeb 01\/10\/2020<\/strong><\/em><\/span><br \/>\n<span style=\"color: #ff0000;\"><em><strong>T\u1ef7 gi\u00e1 h\u1ed1i \u0111o\u00e1i: 1USD~23.000 VND<\/strong><\/em><\/span><\/p>\n\n\t\t<\/div>\n\t<\/div>\n<div class=\"vc_row wpb_row vc_inner vc_row-fluid\"><div class=\"vc_column_container vc_col-sm-12\"><div class=\"wpb_wrapper vc_column-inner\">\n\t<div class=\"wpb_text_column wpb_content_element donottranslate\" id=\"donottranslate\" data-no-translation=\"\" data-no-auto-translation=\"\">\n\t\t<div class=\"wpb_wrapper\">\n\t\t\t<div class=\"table-responsive text-nowrap tgmprice-table\">\n<table class=\"table table-bordered table-hover w-auto\">\n<thead class=\"thead-dark\">\n<tr class=\"table-active\">\n<th><\/th>\n<th>T\u00caN D\u1ecaCH V\u1ee4<\/th>\n<th>\u0110\u01a0N GI\u00c1 (VND)<\/th>\n<th>\u0110\u01a0N V\u1eca T\u00cdNH<\/th>\n<\/tr>\n<\/thead>\n<tbody>\n<tr class=\"table-warning\">\n<td>A<\/td>\n<td>NHA KHOA T\u1ed4NG QU\u00c1T<\/td>\n<td><\/td>\n<td><\/td>\n<\/tr>\n<tr class=\"table-light\">\n<td>I<\/td>\n<td><strong><em><u>Kh\u00e1m, ch\u1ea9n \u0111o\u00e1n<\/u><\/em><\/strong><\/td>\n<td><\/td>\n<td><\/td>\n<\/tr>\n<tr>\n<td>1<\/td>\n<td>Kh\u00e1m, t\u01b0 v\u1ea5n<\/td>\n<td>\u00a0Mi\u1ec5n ph\u00ed<\/td>\n<td>l\u1ea7n<\/td>\n<\/tr>\n<tr>\n<td>2<\/td>\n<td>L\u1ea5y d\u1ea5u nghi\u00ean c\u1ee9u<\/td>\n<td>150,000<\/td>\n<td>H\u00e0m<\/td>\n<\/tr>\n<tr>\n<td>3<\/td>\n<td>X-quang nh\u1ecf<\/td>\n<td>50,000<\/td>\n<td>c\u00e1i<\/td>\n<\/tr>\n<tr>\n<td>4<\/td>\n<td>Cefalo nghi\u00eang<\/td>\n<td>180,000<\/td>\n<td>c\u00e1i<\/td>\n<\/tr>\n<tr>\n<td>5<\/td>\n<td>Pano<\/td>\n<td>180,000<\/td>\n<td>c\u00e1i<\/td>\n<\/tr>\n<tr>\n<td>6<\/td>\n<td>Cone Beam CT<\/td>\n<td>500,000<\/td>\n<td>c\u00e1i<\/td>\n<\/tr>\n<tr class=\"table-light\">\n<td>II<\/td>\n<td><strong><em><u>D\u1ecbch v\u1ee5 ph\u00f2ng ng\u1eeba<\/u><\/em><\/strong><\/td>\n<td><\/td>\n<td><\/td>\n<\/tr>\n<tr>\n<td>1<\/td>\n<td>H\u01b0\u1edbng d\u1eabn VSRM<\/td>\n<td>Mi\u1ec5n ph\u00ed<\/td>\n<td><\/td>\n<\/tr>\n<tr>\n<td>2<\/td>\n<td>Tr\u00e1m b\u00edt h\u1ed1 r\u00e3nh<\/td>\n<td>150,000<\/td>\n<td>r\u0103ng<\/td>\n<\/tr>\n<tr>\n<td>3<\/td>\n<td>B\u00f4i Flouride varnish ng\u1eeba s\u00e2u r\u0103ng<\/td>\n<td>100,000<\/td>\n<td>l\u1ea7n<\/td>\n<\/tr>\n<tr class=\"table-light\">\n<td>III<\/td>\n<td><strong><em><u>Nha chu<\/u><\/em><\/strong><\/td>\n<td><\/td>\n<td><\/td>\n<\/tr>\n<tr>\n<td>1<\/td>\n<td>V\u1ec7 sinh r\u0103ng mi\u1ec7ng (2 h\u00e0m, tr\u1ebb \u2264 15t)<\/td>\n<td>100,000<\/td>\n<td>l\u1ea7n<\/td>\n<\/tr>\n<tr>\n<td>2<\/td>\n<td>C\u1ea1o v\u00f4i 2 h\u00e0m \u0111\u1ed9 1<\/td>\n<td>150,000<\/td>\n<td>l\u1ea7n<\/td>\n<\/tr>\n<tr>\n<td>3<\/td>\n<td>C\u1ea1o v\u00f4i 2 h\u00e0m \u0111\u1ed9 2<\/td>\n<td>200,000<\/td>\n<td>l\u1ea7n<\/td>\n<\/tr>\n<tr>\n<td>4<\/td>\n<td>C\u1ea1o v\u00f4i 2 h\u00e0m \u0111\u1ed9 3<\/td>\n<td>250,000<\/td>\n<td>l\u1ea7n<\/td>\n<\/tr>\n<tr>\n<td>5<\/td>\n<td>C\u1ea1o v\u00f4i 2 h\u00e0m \u0111\u1ed9 4<\/td>\n<td>300,000<\/td>\n<td>l\u1ea7n<\/td>\n<\/tr>\n<tr>\n<td>6<\/td>\n<td>N\u1ea1o t\u00fai nha chu \u0111\u1ed9 1 (v\u00f9ng &lt;3 r\u0103ng)<\/td>\n<td>600,000<\/td>\n<td>l\u1ea7n<\/td>\n<\/tr>\n<tr>\n<td>7<\/td>\n<td>N\u1ea1o t\u00fai nha chu \u0111\u1ed9 2 (v\u00f9ng &gt;3 r\u0103ng)<\/td>\n<td>900,000<\/td>\n<td>l\u1ea7n<\/td>\n<\/tr>\n<tr>\n<td>8<\/td>\n<td>N\u1ea1o t\u00fai nha chu \u0111\u1ed9 3 (v\u00f9ng &gt;5 r\u0103ng)<\/td>\n<td>1,200,000<\/td>\n<td>l\u1ea7n<\/td>\n<\/tr>\n<tr>\n<td>9<\/td>\n<td width=\"341\">Ph\u1eabu thu\u1eadt l\u1eadt v\u1ea1t n\u1ea1o t\u00fai nha chu<\/td>\n<td>2,500,000<\/td>\n<td>l\u1ea7n<\/td>\n<\/tr>\n<tr>\n<td>10<\/td>\n<td>C\u1eaft n\u01b0\u1edbu &#8211; \u0111\u1ed9 1<\/td>\n<td>500,000<\/td>\n<td>r\u0103ng<\/td>\n<\/tr>\n<tr>\n<td>11<\/td>\n<td>C\u1eaft n\u01b0\u1edbu\u00a0 &#8211; \u0111\u1ed9 2<\/td>\n<td>1,000,000<\/td>\n<td>r\u0103ng<\/td>\n<\/tr>\n<tr class=\"table-light\">\n<td>IV<\/td>\n<td><strong><em><u>Nh\u1ed5 r\u0103ng, ti\u1ec3u ph\u1ea9u<\/u><\/em><\/strong><\/td>\n<td><\/td>\n<td><\/td>\n<\/tr>\n<tr>\n<td>1<\/td>\n<td>Nh\u1ed5 r\u0103ng s\u1eefa lung lay<\/td>\n<td>50,000<\/td>\n<td>r\u0103ng<\/td>\n<\/tr>\n<tr>\n<td>2<\/td>\n<td>Nh\u1ed5 r\u0103ng s\u1eefa<\/td>\n<td>100,000<\/td>\n<td>r\u0103ng<\/td>\n<\/tr>\n<tr>\n<td>3<\/td>\n<td>Nh\u1ed5 r\u0103ng lung lay<\/td>\n<td>200,000<\/td>\n<td>r\u0103ng<\/td>\n<\/tr>\n<tr>\n<td>4<\/td>\n<td>Nh\u1ed5 r\u0103ng 1 ch\u00e2n<\/td>\n<td>250,000<\/td>\n<td>r\u0103ng<\/td>\n<\/tr>\n<tr>\n<td>5<\/td>\n<td>Nh\u1ed5 r\u0103ng nhi\u1ec1u ch\u00e2n<\/td>\n<td>400,000<\/td>\n<td>r\u0103ng<\/td>\n<\/tr>\n<tr>\n<td>6<\/td>\n<td>Nh\u1ed5 r\u0103ng kh\u00f3<\/td>\n<td>600,000<\/td>\n<td>r\u0103ng<\/td>\n<\/tr>\n<tr>\n<td>7<\/td>\n<td>Nh\u1ed5 r\u0103ng b\u1ea3o t\u1ed3n x\u01b0\u01a1ng \u1ed5<\/td>\n<td>2,300,000<\/td>\n<td>r\u0103ng<\/td>\n<\/tr>\n<tr>\n<td>8<\/td>\n<td>Nh\u1ed5 r\u0103ng kh\u00f4n \/ti\u1ec3u ph\u1eabu 1<\/td>\n<td>900,000<\/td>\n<td>r\u0103ng<\/td>\n<\/tr>\n<tr>\n<td>9<\/td>\n<td>Nh\u1ed5 r\u0103ng kh\u00f4n\/ ti\u1ec3u ph\u1eabu 2<\/td>\n<td>1,500,000<\/td>\n<td>r\u0103ng<\/td>\n<\/tr>\n<tr>\n<td>10<\/td>\n<td>Nh\u1ed5 r\u0103ng kh\u00f4n\/ ti\u1ec3u ph\u1eabu 3<\/td>\n<td>2,300,000<\/td>\n<td>r\u0103ng<\/td>\n<\/tr>\n<tr>\n<td>12<\/td>\n<td>Ph\u1eabu thu\u1eadt c\u1eaft ch\u00f3p<\/td>\n<td>1,800,000<\/td>\n<td>r\u0103ng<\/td>\n<\/tr>\n<tr>\n<td>13<\/td>\n<td>Ph\u1ea9u thu\u1eadt \u00e1p-xe n\u01b0\u1edbu<\/td>\n<td>500,000<\/td>\n<td>r\u0103ng<\/td>\n<\/tr>\n<tr class=\"table-light\">\n<td>V<\/td>\n<td><strong><em><u>Tr\u00e1m r\u0103ng<\/u><\/em><\/strong><\/td>\n<td><\/td>\n<td><\/td>\n<\/tr>\n<tr>\n<td>1<\/td>\n<td>Tr\u00e1m r\u0103ng s\u1eefa<\/td>\n<td>150,000<\/td>\n<td>r\u0103ng<\/td>\n<\/tr>\n<tr>\n<td>2<\/td>\n<td>Tr\u00e1m xoang nh\u1ecf<\/td>\n<td>180,000<\/td>\n<td>r\u0103ng<\/td>\n<\/tr>\n<tr>\n<td>3<\/td>\n<td>Tr\u00e1m xoang v\u1eeba, xoang c\u1ed5 r\u0103ng<\/td>\n<td>250,000<\/td>\n<td>r\u0103ng<\/td>\n<\/tr>\n<tr>\n<td>4<\/td>\n<td>Tr\u00e1m\u00a0 xoang l\u1edbn, xoang II<\/td>\n<td>350,000<\/td>\n<td>r\u0103ng<\/td>\n<\/tr>\n<tr>\n<td>5<\/td>\n<td>Tr\u00e1m\u00a0 xoang l\u1edbn, xoang III<\/td>\n<td>400,000<\/td>\n<td>r\u0103ng<\/td>\n<\/tr>\n<tr>\n<td>6<\/td>\n<td>Tr\u00e1m xoang IV<\/td>\n<td>480,000<\/td>\n<td>r\u0103ng<\/td>\n<\/tr>\n<tr>\n<td>7<\/td>\n<td>\u0110\u1eafp m\u1eb7t, tr\u00e1m k\u1ebd<\/td>\n<td>550,000<\/td>\n<td>r\u0103ng<\/td>\n<\/tr>\n<tr>\n<td>8<\/td>\n<td>Tr\u00e1m l\u00f3t\/che tu\u1ef7<\/td>\n<td>100,000<\/td>\n<td>r\u0103ng<\/td>\n<\/tr>\n<tr>\n<td>9<\/td>\n<td>\u0110\u1eb7t pin<\/td>\n<td>200,000<\/td>\n<td>r\u0103ng<\/td>\n<\/tr>\n<tr class=\"table-light\">\n<td>VI<\/td>\n<td><strong><em><u>N\u1ed9i nha<\/u><\/em><\/strong><\/td>\n<td><\/td>\n<td><\/td>\n<\/tr>\n<tr>\n<td>1<\/td>\n<td>R\u0103ng s\u1eefa<\/td>\n<td>700,000<\/td>\n<td>r\u0103ng<\/td>\n<\/tr>\n<tr>\n<td>2<\/td>\n<td>R\u0103ng c\u1eeda, nanh<\/td>\n<td>800,000<\/td>\n<td>r\u0103ng<\/td>\n<\/tr>\n<tr>\n<td>3<\/td>\n<td>R\u0103ng c\u1ed1i nh\u1ecf<\/td>\n<td>1,000,000<\/td>\n<td>r\u0103ng<\/td>\n<\/tr>\n<tr>\n<td>4<\/td>\n<td>R\u0103ng c\u1ed1i l\u1edbn<\/td>\n<td>1,500,000<\/td>\n<td>r\u0103ng<\/td>\n<\/tr>\n<tr>\n<td>5<\/td>\n<td>N\u1ed9i nha l\u1ea1i r\u0103ng c\u1eeda<\/td>\n<td>1,000,000<\/td>\n<td>r\u0103ng<\/td>\n<\/tr>\n<tr>\n<td>6<\/td>\n<td>N\u1ed9i nha l\u1ea1i r\u0103ng c\u1ed1i nh\u1ecf<\/td>\n<td>1,500,000<\/td>\n<td>r\u0103ng<\/td>\n<\/tr>\n<tr>\n<td>7<\/td>\n<td>N\u1ed9i nha l\u1ea1i r\u0103ng c\u1ed1i l\u1edbn<\/td>\n<td>1,900,000<\/td>\n<td>r\u0103ng<\/td>\n<\/tr>\n<tr class=\"table-light\">\n<td>VII<\/td>\n<td><strong><em><u>\u0110i\u1ec1u tr\u1ecb nhi\u1ec5m tr\u00f9ng l\u1edbn (MTA)<\/u><\/em><\/strong><\/td>\n<td><\/td>\n<td><\/td>\n<\/tr>\n<tr>\n<td>1<\/td>\n<td>R\u0103ng c\u1eeda, nanh<\/td>\n<td>2,000,000<\/td>\n<td>r\u0103ng<\/td>\n<\/tr>\n<tr>\n<td>2<\/td>\n<td>R\u0103ng c\u1ed1i nh\u1ecf<\/td>\n<td>3,000,000<\/td>\n<td>r\u0103ng<\/td>\n<\/tr>\n<tr>\n<td>3<\/td>\n<td>R\u0103ng c\u1ed1i l\u1edbn<\/td>\n<td>4,000,000<\/td>\n<td>r\u0103ng<\/td>\n<\/tr>\n<tr>\n<td>4<\/td>\n<td>L\u1ed9 t\u1ee7y<\/td>\n<td>500,000<\/td>\n<td>r\u0103ng<\/td>\n<\/tr>\n<tr class=\"table-light\">\n<td>VIII<\/td>\n<td><strong><em><u>Ph\u1ee5c h\u00ecnh r\u0103ng (ph\u1ee5c h\u1ed3i):<\/u><\/em><\/strong><\/td>\n<td><\/td>\n<td><\/td>\n<\/tr>\n<tr>\n<td>1<\/td>\n<td>Inlay\/onlay composite<\/td>\n<td>2,000,000<\/td>\n<td>r\u0103ng<\/td>\n<\/tr>\n<tr>\n<td>2<\/td>\n<td>Inlay\/onlay s\u1ee9 Emax<\/td>\n<td>4,700,000<\/td>\n<td>r\u0103ng<\/td>\n<\/tr>\n<tr>\n<td>3<\/td>\n<td>M\u00e3o s\u1ee9-kim lo\u1ea1i<\/td>\n<td>1,400,000<\/td>\n<td>r\u0103ng<\/td>\n<\/tr>\n<tr>\n<td>4<\/td>\n<td>M\u00e3o s\u1ee9 -titan<\/td>\n<td>2,300,000<\/td>\n<td>r\u0103ng<\/td>\n<\/tr>\n<tr>\n<td>5<\/td>\n<td>M\u00e3o to\u00e0n s\u1ee9 Zirconia Katana<\/td>\n<td>4,200,000<\/td>\n<td>r\u0103ng<\/td>\n<\/tr>\n<tr>\n<td>6<\/td>\n<td>M\u00e3o to\u00e0n s\u1ee9 Zirconia Cercon\/Emax<\/td>\n<td>4,700,000<\/td>\n<td>r\u0103ng<\/td>\n<\/tr>\n<tr>\n<td>7<\/td>\n<td>M\u1eafc c\u00e0i ng\u1eaft l\u1ef1c<\/td>\n<td>2,500,000<\/td>\n<td>r\u0103ng<\/td>\n<\/tr>\n<tr>\n<td>8<\/td>\n<td>M\u00e3o SSC<\/td>\n<td>600,000<\/td>\n<td>r\u0103ng<\/td>\n<\/tr>\n<tr>\n<td>9<\/td>\n<td>M\u00e3o t\u1ea1m lo\u1ea1i 1<\/td>\n<td>130,000<\/td>\n<td>r\u0103ng<\/td>\n<\/tr>\n<tr>\n<td>10<\/td>\n<td>M\u00e3o t\u1ea1m lo\u1ea1i 2<\/td>\n<td>300,000<\/td>\n<td>r\u0103ng<\/td>\n<\/tr>\n<tr>\n<td>11<\/td>\n<td>C\u1eaft m\u00e3o\/th\u00e1o ch\u1ed1t<\/td>\n<td>250,000<\/td>\n<td>r\u0103ng<\/td>\n<\/tr>\n<tr>\n<td>12<\/td>\n<td>\u0110\u1eb7t ch\u1ed1t kim lo\u1ea1i<\/td>\n<td>500,000<\/td>\n<td>r\u0103ng<\/td>\n<\/tr>\n<tr>\n<td>13<\/td>\n<td>\u0110\u1eb7t ch\u1ed1t s\u1ee3i\/ c\u00f9i gi\u1ea3 \u0111\u00fac<\/td>\n<td>500,000<\/td>\n<td>r\u0103ng<\/td>\n<\/tr>\n<tr>\n<td>14<\/td>\n<td>G\u1eafn m\u00e3o<\/td>\n<td>500,000<\/td>\n<td>r\u0103ng<\/td>\n<\/tr>\n<tr class=\"table-light\">\n<td>IX<\/td>\n<td><strong><em><u>Ph\u1ee5c h\u00ecnh th\u00e1o l\u1eafp<\/u><\/em><\/strong><\/td>\n<td><\/td>\n<td><\/td>\n<\/tr>\n<tr>\n<td>1<\/td>\n<td>R\u0103ng nh\u1ef1a t\u1ed1t- Cosmo<\/td>\n<td>350,000<\/td>\n<td>r\u0103ng<\/td>\n<\/tr>\n<tr>\n<td>2<\/td>\n<td>R\u0103ng composite<\/td>\n<td>450,000<\/td>\n<td>r\u0103ng<\/td>\n<\/tr>\n<tr>\n<td>3<\/td>\n<td>H\u00e0m khung kim lo\u1ea1i<\/td>\n<td>2,000,000<\/td>\n<td>h\u00e0m<\/td>\n<\/tr>\n<tr>\n<td>4<\/td>\n<td>H\u00e0m khung titan<\/td>\n<td>3,300,000<\/td>\n<td>h\u00e0m<\/td>\n<\/tr>\n<tr>\n<td>5<\/td>\n<td>H\u00e0m biosoft 1\/4 h\u00e0m<\/td>\n<td>700,000<\/td>\n<td>h\u00e0m<\/td>\n<\/tr>\n<tr>\n<td>6<\/td>\n<td>H\u00e0m biosoft 1\/2 h\u00e0m<\/td>\n<td>1,200,000<\/td>\n<td>h\u00e0m<\/td>\n<\/tr>\n<tr>\n<td>7<\/td>\n<td>H\u00e0m biosoft 1 h\u00e0m<\/td>\n<td>1,700,000<\/td>\n<td>h\u00e0m<\/td>\n<\/tr>\n<tr>\n<td>8<\/td>\n<td>\u0110\u1ec7m h\u00e0m\/ v\u00e1 h\u00e0m<\/td>\n<td>400,000<\/td>\n<td>h\u00e0m<\/td>\n<\/tr>\n<tr class=\"table-warning\">\n<td>B<\/td>\n<td>NHA KHOA TH\u1ea8M M\u1ef8<\/td>\n<td><\/td>\n<td><\/td>\n<\/tr>\n<tr class=\"table-light\">\n<td>I<\/td>\n<td><strong><em><u>T\u1ea9y tr\u1eafng r\u0103ng<\/u><\/em><\/strong><\/td>\n<td><\/td>\n<td><\/td>\n<\/tr>\n<tr>\n<td>1<\/td>\n<td>T\u1ea9y tr\u1eafng r\u0103ng t\u1ea1i nh\u00e0<\/td>\n<td>1,100,000<\/td>\n<td>l\u1ea7n<\/td>\n<\/tr>\n<tr>\n<td>2<\/td>\n<td>T\u1ea9y tr\u1eafng r\u0103ng t\u1ea1i ph\u00f2ng nha<\/td>\n<td>2,300,000<\/td>\n<td>l\u1ea7n<\/td>\n<\/tr>\n<tr>\n<td>3<\/td>\n<td>T\u1ea9y tr\u1eafng r\u0103ng k\u1ebft h\u1ee3p<\/td>\n<td>2,900,000<\/td>\n<td>l\u1ea7n<\/td>\n<\/tr>\n<tr>\n<td>4<\/td>\n<td>Thu\u1ed1c t\u1ea9y tr\u1eafng t\u1ea1i nh\u00e0<\/td>\n<td>300,000<\/td>\n<td>tu\u00fdp<\/td>\n<\/tr>\n<tr>\n<td>5<\/td>\n<td>M\u00e1ng t\u1ea9y tr\u1eafng<\/td>\n<td>550,000<\/td>\n<td>l\u1ea7n<\/td>\n<\/tr>\n<tr class=\"table-light\">\n<td>II<\/td>\n<td><strong><em><u>K\u1ef9 thu\u1eadt Th\u1ea9m m\u1ef9 kh\u00e1c<\/u><\/em><\/strong><\/td>\n<td><\/td>\n<td><\/td>\n<\/tr>\n<tr>\n<td>1<\/td>\n<td>\u0110\u00ednh kim c\u01b0\u01a1ng (ch\u01b0a t\u00ednh KC)<\/td>\n<td>500,000<\/td>\n<td>r\u0103ng<\/td>\n<\/tr>\n<tr>\n<td>2<\/td>\n<td>\u0110\u00ednh kim c\u01b0\u01a1ng (\u0111\u00e3 t\u00ednh KC)<\/td>\n<td>1,000,000<\/td>\n<td>r\u0103ng<\/td>\n<\/tr>\n<tr>\n<td>3<\/td>\n<td>M\u1eb7t d\u00e1n s\u1ee9 veneer Emax<\/td>\n<td>6,000,000<\/td>\n<td>r\u0103ng<\/td>\n<\/tr>\n<tr class=\"table-warning\">\n<td>C<\/td>\n<td>NHA KHOA K\u1ef8 THU\u1eacT CAO &#8211; CH\u1ec8NH NHA<\/td>\n<td><\/td>\n<td><\/td>\n<\/tr>\n<tr class=\"table-light\">\n<td>I<\/td>\n<td><strong><em><u>C\u1eafn kh\u1edbp<\/u><\/em><\/strong><\/td>\n<td><\/td>\n<td><\/td>\n<\/tr>\n<tr>\n<td>1<\/td>\n<td>M\u00e1ng nhai<\/td>\n<td>2,800,000<\/td>\n<td>c\u00e1i<\/td>\n<\/tr>\n<tr>\n<td>2<\/td>\n<td>M\u00e0i ch\u1ec9nh kh\u1edbp c\u1eafn<\/td>\n<td>1,400,000<\/td>\n<td>l\u1ea7n<\/td>\n<\/tr>\n<tr>\n<td>3<\/td>\n<td>\u0110i\u1ec1u tr\u1ecb n\u00fam ph\u1ee5 m\u1eb7t nhai<\/td>\n<td>500,000<\/td>\n<td>l\u1ea7n<\/td>\n<\/tr>\n<tr class=\"table-light\">\n<td>II<\/td>\n<td><strong><em><u>Ch\u1ec9nh nha c\u1ed1 \u0111\u1ecbnh to\u00e0n di\u1ec7n<\/u><\/em><\/strong><\/td>\n<td><\/td>\n<td><\/td>\n<\/tr>\n<tr>\n<td>1<\/td>\n<td>M\u1eafc c\u00e0i kim lo\u1ea1i 1<\/td>\n<td>23,000,000<\/td>\n<td>l\u1ea7n<\/td>\n<\/tr>\n<tr>\n<td>2<\/td>\n<td>M\u1eafc c\u00e0i kim lo\u1ea1i 2<\/td>\n<td>25,000,000<\/td>\n<td>l\u1ea7n<\/td>\n<\/tr>\n<tr>\n<td>3<\/td>\n<td>M\u1eafc c\u00e0i kim lo\u1ea1i c\u00f3 kho\u00e1 1<\/td>\n<td>28,000,000<\/td>\n<td>l\u1ea7n<\/td>\n<\/tr>\n<tr>\n<td>4<\/td>\n<td>M\u1eafc c\u00e0i kim lo\u1ea1i c\u00f3 kho\u00e1 2<\/td>\n<td>30,000,000<\/td>\n<td>l\u1ea7n<\/td>\n<\/tr>\n<tr>\n<td>5<\/td>\n<td>M\u1eafc c\u00e0i th\u1ea9m m\u1ef9 1<\/td>\n<td>33,000,000<\/td>\n<td>l\u1ea7n<\/td>\n<\/tr>\n<tr>\n<td>6<\/td>\n<td>M\u1eafc c\u00e0i th\u1ea9m m\u1ef9 2<\/td>\n<td>35,000,000<\/td>\n<td>l\u1ea7n<\/td>\n<\/tr>\n<tr>\n<td>7<\/td>\n<td>M\u1eafc c\u00e0i th\u1ea9m m\u1ef9 c\u00f3 kho\u00e1 1<\/td>\n<td>38,000,000<\/td>\n<td>l\u1ea7n<\/td>\n<\/tr>\n<tr>\n<td>8<\/td>\n<td>M\u1eafc c\u00e0i th\u1ea9m m\u1ef9 c\u00f3 kho\u00e1 2<\/td>\n<td>40,000,000<\/td>\n<td>l\u1ea7n<\/td>\n<\/tr>\n<tr>\n<td>9<\/td>\n<td>M\u1eafc c\u00e0i m\u1eb7t l\u01b0\u1ee1i<\/td>\n<td>80,000,000<\/td>\n<td>l\u1ea7n<\/td>\n<\/tr>\n<tr>\n<td>10<\/td>\n<td>Ch\u1ec9nh nha kh\u00f4ng m\u1eafc c\u00e0i &#8211; \u0111\u1ed9 1<\/td>\n<td>80,000,000<\/td>\n<td>l\u1ea7n<\/td>\n<\/tr>\n<tr>\n<td>11<\/td>\n<td>Ch\u1ec9nh nha kh\u00f4ng m\u1eafc c\u00e0i &#8211; \u0111\u1ed9 2<\/td>\n<td>100,000,000<\/td>\n<td>l\u1ea7n<\/td>\n<\/tr>\n<tr>\n<td>12<\/td>\n<td>Ch\u1ec9nh nha kh\u00f4ng m\u1eafc c\u00e0i &#8211; \u0111\u1ed9 3<\/td>\n<td>120,000,000<\/td>\n<td>l\u1ea7n<\/td>\n<\/tr>\n<tr>\n<td>13<\/td>\n<td>Ch\u1ec9nh nha 1 h\u00e0m<\/td>\n<td>12,000,000<\/td>\n<td>l\u1ea7n<\/td>\n<\/tr>\n<tr>\n<td>14<\/td>\n<td>Headgear<\/td>\n<td>4,000,000<\/td>\n<td>l\u1ea7n<\/td>\n<\/tr>\n<tr>\n<td>15<\/td>\n<td>Minivis<\/td>\n<td>1,500,000<\/td>\n<td>c\u00e1i<\/td>\n<\/tr>\n<tr>\n<td>16<\/td>\n<td>H\u00e0m duy tr\u00ec<\/td>\n<td>1,600,000<\/td>\n<td>c\u00e1i<\/td>\n<\/tr>\n<tr class=\"table-light\">\n<td>III<\/td>\n<td><strong><em><u>Ch\u1ec9nh nha ph\u00f2ng ng\u1eeba<\/u><\/em><\/strong><\/td>\n<td><\/td>\n<td><\/td>\n<\/tr>\n<tr>\n<td>1<\/td>\n<td>M\u00e0i k\u1ebd r\u0103ng<\/td>\n<td>100,000<\/td>\n<td>l\u1ea7n<\/td>\n<\/tr>\n<tr>\n<td>2<\/td>\n<td>Kh\u00ed c\u1ee5 gi\u1eef kho\u1ea3ng, nong h\u00e0m RPE<\/td>\n<td>3,000,000<\/td>\n<td>c\u00e1i<\/td>\n<\/tr>\n<tr>\n<td>3<\/td>\n<td>Kh\u00ed c\u1ee5 ch\u1ee9c n\u0103ng th\u00e1o l\u1eafp<\/td>\n<td>5,000,000<\/td>\n<td>c\u00e1i<\/td>\n<\/tr>\n<tr>\n<td>4<\/td>\n<td>Kh\u00ed c\u1ee5 ch\u1ee9c n\u0103ng c\u1ed1 \u0111\u1ecbnh<\/td>\n<td>10,000,000<\/td>\n<td>c\u00e1i<\/td>\n<\/tr>\n<tr class=\"table-light\">\n<td>IV<\/td>\n<td><strong><em><u>Ch\u1ec9nh nha ti\u1ec1n ph\u1ee5c h\u00ecnh<\/u><\/em><\/strong><\/td>\n<td><\/td>\n<td><\/td>\n<\/tr>\n<tr>\n<td>1<\/td>\n<td>CNTPH \u0111\u01a1n gi\u1ea3n<\/td>\n<td>3,000,000<\/td>\n<td>l\u1ea7n<\/td>\n<\/tr>\n<tr>\n<td>2<\/td>\n<td>CNTPH ph\u1ee9c t\u1ea1p<\/td>\n<td>7,000,000<\/td>\n<td>l\u1ea7n<\/td>\n<\/tr>\n<tr>\n<td>3<\/td>\n<td>L\u00e0m tr\u1ed3i \/l\u00fan r\u0103ng<\/td>\n<td>5,000,000<\/td>\n<td>l\u1ea7n<\/td>\n<\/tr>\n<tr class=\"table-warning\">\n<td>D<\/td>\n<td>C\u1eaeM GH\u00c9P R\u0102NG NH\u00c2N T\u1ea0O IMPLANT<\/td>\n<td><\/td>\n<td><\/td>\n<\/tr>\n<tr class=\"table-light\">\n<td>I<\/td>\n<td><strong><em><u>Implant H\u00e0n Qu\u1ed1c &#8211; Dentium\/Osstem<\/u><\/em><\/strong><\/td>\n<td><\/td>\n<td><\/td>\n<\/tr>\n<tr>\n<td>1<\/td>\n<td>Implant v\u00e0 m\u00e3o kim lo\u1ea1i ho\u00e0n ch\u1ec9nh<\/td>\n<td>22,000,000<\/td>\n<td>r\u0103ng<\/td>\n<\/tr>\n<tr>\n<td>2<\/td>\n<td>Implant kh\u00f4ng m\u00e3o<\/td>\n<td>15,000,000<\/td>\n<td>r\u0103ng<\/td>\n<\/tr>\n<tr>\n<td>3<\/td>\n<td>Tr\u1ee5 ph\u1ee5c h\u00ecnh<\/td>\n<td>5,000,000<\/td>\n<td>r\u0103ng<\/td>\n<\/tr>\n<tr class=\"table-light\">\n<td>II<\/td>\n<td><strong><em><u>Implant H\u00e0n Qu\u1ed1c Dentium\/Osstem (sx t\u1ea1i M\u1ef9)<\/u><\/em><\/strong><\/td>\n<td><\/td>\n<td><\/td>\n<\/tr>\n<tr>\n<td>1<\/td>\n<td>Implant v\u00e0 m\u00e3o kim lo\u1ea1i ho\u00e0n ch\u1ec9nh<\/td>\n<td>25,000,000<\/td>\n<td>r\u0103ng<\/td>\n<\/tr>\n<tr>\n<td>2<\/td>\n<td>Implant kh\u00f4ng m\u00e3o<\/td>\n<td>17,000,000<\/td>\n<td>r\u0103ng<\/td>\n<\/tr>\n<tr>\n<td>3<\/td>\n<td>Tr\u1ee5 ph\u1ee5c h\u00ecnh<\/td>\n<td>6,000,000<\/td>\n<td>r\u0103ng<\/td>\n<\/tr>\n<tr class=\"table-light\">\n<td>III<\/td>\n<td><strong><em><u>Implant Biotech (Ph\u00e1p)<\/u><\/em><\/strong><\/td>\n<td><\/td>\n<td><\/td>\n<\/tr>\n<tr>\n<td>1<\/td>\n<td>Implant v\u00e0 m\u00e3o kim lo\u1ea1i ho\u00e0n ch\u1ec9nh<\/td>\n<td>24,000,000<\/td>\n<td>r\u0103ng<\/td>\n<\/tr>\n<tr>\n<td>2<\/td>\n<td>Implant kh\u00f4ng m\u00e3o<\/td>\n<td>16,000,000<\/td>\n<td>r\u0103ng<\/td>\n<\/tr>\n<tr>\n<td>3<\/td>\n<td>Tr\u1ee5 ph\u1ee5c h\u00ecnh<\/td>\n<td>7,000,000<\/td>\n<td>c\u00e1i<\/td>\n<\/tr>\n<tr class=\"table-light\">\n<td>IV<\/td>\n<td><strong><em><u>Implant Nobel Biocare (M\u1ef9)<\/u><\/em><\/strong><\/td>\n<td><\/td>\n<td><\/td>\n<\/tr>\n<tr>\n<td>1<\/td>\n<td>Implant Nobel Replace ho\u00e0n ch\u1ec9nh<\/td>\n<td>30,000,000<\/td>\n<td>r\u0103ng<\/td>\n<\/tr>\n<tr>\n<td>2<\/td>\n<td>Implant Nobel Active ho\u00e0n ch\u1ec9nh<\/td>\n<td>34,000,000<\/td>\n<td>r\u0103ng<\/td>\n<\/tr>\n<tr>\n<td>3<\/td>\n<td>Implant kh\u00f4ng m\u00e3o Nobel Replace<\/td>\n<td>22,000,000<\/td>\n<td>r\u0103ng<\/td>\n<\/tr>\n<tr>\n<td>4<\/td>\n<td>Implant kh\u00f4ng m\u00e3o Nobel Active<\/td>\n<td>24,000,000<\/td>\n<td>r\u0103ng<\/td>\n<\/tr>\n<tr>\n<td>5<\/td>\n<td>Tr\u1ee5 ph\u1ee5c h\u00ecnh Nobel Replace<\/td>\n<td>8,000,000<\/td>\n<td>c\u00e1i<\/td>\n<\/tr>\n<tr>\n<td>6<\/td>\n<td>Tr\u1ee5 ph\u1ee5c h\u00ecnh Nobel Active<\/td>\n<td>10,000,000<\/td>\n<td>c\u00e1i<\/td>\n<\/tr>\n<tr class=\"table-light\">\n<td>V<\/td>\n<td><strong><em><u>Implant Straumann (Th\u1ee5y S\u0128)<\/u><\/em><\/strong><\/td>\n<td><\/td>\n<td><\/td>\n<\/tr>\n<tr>\n<td>1<\/td>\n<td>Implant Straumann ho\u00e0n ch\u1ec9nh<\/td>\n<td>40,000,000<\/td>\n<td>r\u0103ng<\/td>\n<\/tr>\n<tr>\n<td>2<\/td>\n<td>Implant Straumann Active ho\u00e0n ch\u1ec9nh<\/td>\n<td>44,000,000<\/td>\n<td>r\u0103ng<\/td>\n<\/tr>\n<tr>\n<td>3<\/td>\n<td>Implant kh\u00f4ng m\u00e3o Straumann<\/td>\n<td>28,000,000<\/td>\n<td>r\u0103ng<\/td>\n<\/tr>\n<tr>\n<td>4<\/td>\n<td>Implant kh\u00f4ng m\u00e3o Straumann Active<\/td>\n<td>30,000,000<\/td>\n<td>r\u0103ng<\/td>\n<\/tr>\n<tr>\n<td>5<\/td>\n<td>Tr\u1ee5 ph\u1ee5c h\u00ecnh Straumann<\/td>\n<td>10,000,000<\/td>\n<td>c\u00e1i<\/td>\n<\/tr>\n<tr>\n<td>6<\/td>\n<td>Tr\u1ee5 ph\u1ee5c h\u00ecnh Straumann Active<\/td>\n<td>12,000,000<\/td>\n<td>c\u00e1i<\/td>\n<\/tr>\n<tr class=\"table-light\">\n<td>VI<\/td>\n<td><strong><em><u>Gh\u00e9p x\u01b0\u01a1ng\/ n\u00e2ng xoang\/ d\u1ecbch v\u1ee5 kh\u00e1c<\/u><\/em><\/strong><\/td>\n<td><\/td>\n<td><\/td>\n<\/tr>\n<tr>\n<td>1<\/td>\n<td>Gh\u00e9p x\u01b0\u01a1ng b\u1ed9t<\/td>\n<td>8,000,000<\/td>\n<td>r\u0103ng<\/td>\n<\/tr>\n<tr>\n<td>2<\/td>\n<td>Gh\u00e9p x\u01b0\u01a1ng kh\u1ed1i<\/td>\n<td>8,800,000<\/td>\n<td>r\u0103ng<\/td>\n<\/tr>\n<tr>\n<td>3<\/td>\n<td>N\u00e2ng xoang k\u00edn<\/td>\n<td>8,300,000<\/td>\n<td>l\u1ea7n<\/td>\n<\/tr>\n<tr>\n<td>4<\/td>\n<td>N\u00e2ng xoang h\u1edf<\/td>\n<td>8,800,000<\/td>\n<td>l\u1ea7n<\/td>\n<\/tr>\n<tr>\n<td>5<\/td>\n<td>Th\u00e1o Implant<\/td>\n<td>3,500,000<\/td>\n<td>r\u0103ng<\/td>\n<\/tr>\n<tr>\n<td>6<\/td>\n<td>H\u00e0m gi\u1ea3 C\u0110 (khung crocoban\/titan, r\u0103ng composite)<\/td>\n<td>35,000,000<\/td>\n<td>h\u00e0m<\/td>\n<\/tr>\n<tr>\n<td>7<\/td>\n<td>H\u00e0m gi\u1ea3 C\u0110 (khung titan, r\u0103ng s\u1ee9 titan)<\/td>\n<td>45,000,000<\/td>\n<td>h\u00e0m<\/td>\n<\/tr>\n<tr>\n<td>8<\/td>\n<td>H\u00e0m gi\u1ea3 C\u0110 (khung titan, r\u0103ng zirconia)<\/td>\n<td>55,000,000<\/td>\n<td>h\u00e0m<\/td>\n<\/tr>\n<tr>\n<td>9<\/td>\n<td>H\u00e0m gi\u1ea3 th\u00e1o l\u1eafp (khung titan, r\u0103ng composite)<\/td>\n<td>60,000,000<\/td>\n<td>h\u00e0m<\/td>\n<\/tr>\n<tr>\n<td>10<\/td>\n<td>V\u00edt cylender<\/td>\n<td>500,000<\/td>\n<td>c\u00e1i<\/td>\n<\/tr>\n<tr>\n<td>11<\/td>\n<td>V\u00f2ng cho h\u00e0m gi\u1ea3 tr\u00ean implant<\/td>\n<td>1,800,000<\/td>\n<td>v\u00f2ng<\/td>\n<\/tr>\n<tr>\n<td>12<\/td>\n<td>Ch\u1ed1t cho h\u00e0m gi\u1ea3 tr\u00ean implant<\/td>\n<td>3,200,000<\/td>\n<td>ch\u1ed1t<\/td>\n<\/tr>\n<tr>\n<td>13<\/td>\n<td>M\u00e3o tr\u00eam Implant &#8211; kim lo\u1ea1i<\/td>\n<td>3,800,000<\/td>\n<td>r\u0103ng<\/td>\n<\/tr>\n<tr>\n<td>14<\/td>\n<td>M\u00e3o tr\u00ean Implant &#8211; to\u00e0n s\u1ee9<\/td>\n<td>6,800,000<\/td>\n<td>r\u0103ng<\/td>\n<\/tr>\n<\/tbody>\n<\/table>\n<\/div>\n\n\t\t<\/div>\n\t<\/div>\n<\/div><\/div><\/div><div class=\"vc_btn3-container vc_btn3-center\"><a class=\"vc_general vc_btn3 vc_btn3-size-lg vc_btn3-shape-rounded vc_btn3-style-modern vc_btn3-icon-left vc_btn3-color-warning\" href=\"http:\/\/tgmdental.net\/vi\/make-an-appointment\/\" title=\"\"><i class=\"vc_btn3-icon fa fa-calendar-o\"><\/i> \u0110\u1eb7t l\u1ecbch h\u1eb9n<\/a><\/div><\/div><\/div><\/div><div class=\"vc_row wpb_row vc_row-fluid\"><div class=\"vc_column_container vc_col-sm-12\"><div class=\"wpb_wrapper vc_column-inner\">\n\t<div class=\"wpb_text_column wpb_content_element\" >\n\t\t<div class=\"wpb_wrapper\">\n\t\t\t\n\t\t<\/div>\n\t<\/div>\n<\/div><\/div><\/div>\n<\/div>","protected":false},"excerpt":{"rendered":"TGM Dental nh\u1eadn ra r\u1eb1ng h\u01a1n 4.000 kh\u00e1ch h\u00e0ng t\u1eeb n\u01b0\u1edbc ngo\u00e0i \u0111\u00e3 ch\u1ecdn ch\u00fang t\u00f4i trong b\u1ed1n n\u0103m qua nh\u1edd d\u1ecbch v\u1ee5 ch\u0103m s\u00f3c r\u0103ng mi\u1ec7ng ch\u1ea5t l\u01b0\u1ee3ng v\u1edbi gi\u00e1 c\u1ea3 ph\u1ea3i ch\u0103ng. Ch\u00fang t\u00f4i kh\u00f4ng cung c\u1ea5p d\u1ecbch v\u1ee5 nha khoa r\u1ebb nh\u1ea5t t\u1ea1i Vi\u1ec7t Nam v\u00ec kh\u00f4ng th\u1ec3 cung c\u1ea5p d\u1ecbch v\u1ee5 nha khoa cao c\u1ea5p v\u1edbi gi\u00e1 r\u1ebb. Tuy nhi\u00ean, so v\u1edbi gi\u00e1 d\u1ecbch v\u1ee5 nha khoa \u0111\u01b0\u1ee3c cung c\u1ea5p t\u1ea1i [...]","protected":false},"author":2,"featured_media":0,"parent":0,"menu_order":4,"comment_status":"closed","ping_status":"closed","template":"","meta":{"footnotes":""},"class_list":["post-19","page","type-page","status-publish","hentry"],"_links":{"self":[{"href":"https:\/\/tgmdental.net\/vi\/wp-json\/wp\/v2\/pages\/19","targetHints":{"allow":["GET"]}}],"collection":[{"href":"https:\/\/tgmdental.net\/vi\/wp-json\/wp\/v2\/pages"}],"about":[{"href":"https:\/\/tgmdental.net\/vi\/wp-json\/wp\/v2\/types\/page"}],"author":[{"embeddable":true,"href":"https:\/\/tgmdental.net\/vi\/wp-json\/wp\/v2\/users\/2"}],"replies":[{"embeddable":true,"href":"https:\/\/tgmdental.net\/vi\/wp-json\/wp\/v2\/comments?post=19"}],"version-history":[{"count":0,"href":"https:\/\/tgmdental.net\/vi\/wp-json\/wp\/v2\/pages\/19\/revisions"}],"wp:attachment":[{"href":"https:\/\/tgmdental.net\/vi\/wp-json\/wp\/v2\/media?parent=19"}],"curies":[{"name":"wp","href":"https:\/\/api.w.org\/{rel}","templated":true}]}}