{"id":342,"date":"2016-12-05T18:57:41","date_gmt":"2016-12-05T18:57:41","guid":{"rendered":"http:\/\/tgmdental.net\/?page_id=342"},"modified":"2017-05-20T02:20:02","modified_gmt":"2017-05-19T19:20:02","slug":"make-an-appointment","status":"publish","type":"page","link":"https:\/\/tgmdental.net\/vi\/make-an-appointment\/","title":{"rendered":"\u0110\u1eb7t l\u1ecbch h\u1eb9n"},"content":{"rendered":"<div id=\"form_id53329089450\" class=\"wpbc_container wpbc_form wpbc_container_booking_form\" ><form id=\"booking_form1\" class=\"booking_form vertical\" method=\"post\" action=\"\" data-trp-original-action=\"\"><div id=\"ajax_respond_insert1\" class=\"ajax_respond_insert\" style=\"display:none;\"><\/div><a name=\"bklnk1\" id=\"bklnk1\"><\/a><div id=\"booking_form_div1\" class=\"booking_form_div\"><style type=\"text\/css\">.wpbc_container_booking_form .block_hints, .wpbc_booking_form_simple.wpbc_form_center .wpbc__form__div .wpbc__row.wpbc_r_calendar, .wpbc_booking_form_simple .wpbc__form__div .wpbc__row:not(.wpbc_r_calendar){max-width:440px;} <\/style>\n<div class=\"wpbc_booking_form_simple\">\n<div class=\"wpbc__form__div\">\n\t\t\t<div class=\"wpbc_r_calendar wpbc__row\">\n\t\t\t\t<div class=\"wpbc_r_calendar wpbc__field\"> <label><\/label><br><div class=\"wpbc_calendar_wraper wpbc_change_over_triangle wpbc_calendar_skin_legacy\"><div class=\"wpbc_cal_container bk_calendar_frame wpbc_no_custom_width  months_num_in_row_ cal_month_num_2 wpbc_timeslot_day_bg_as_available\" style=\"\"><div id=\"calendar_booking1\"  class=\"wpbc_calendar_id_1\" >\t<div class=\"calendar_loader_frame calendar_loader_frame1\"\r\n\t\tdata-wpbc-rid=\"1\"\r\n\t\tdata-wpbc-grace=\"8000\"\r\n\t\tstyle=\"--wpbc-loader-cols: 2;\"\r\n\t>\r\n\t\t<div class=\"calendar_loader_text\">Loading...<\/div>\r\n\t\t<div class=\"calendar_loader_frame__progress_line_container\">\r\n\t\t\t<div class=\"calendar_loader_frame__progress_line\"><\/div>\r\n\t\t<\/div>\r\n\t<\/div>\r\n\t<\/div><\/div><textarea id=\"date_booking1\" name=\"date_booking1\" autocomplete=\"off\" style=\"display:none;\"><\/textarea><\/div> <\/div>\n\t\t\t<\/div>\n\t\t\t<div class=\"wpbc__row\">\n\t\t\t\t<div class=\"wpbc_r_appointmenttime wpbc__field\"> <label>Th\u1eddi gian h\u1eb9n<\/label><br><span class=\"wpbc_wrap_select wpdev-form-control-wrap appointmenttime1\"><select onchange=\"javascript:if(typeof( wpbc_show_cost_hints_after_few_seconds )=='function'){wpbc_show_cost_hints_after_few_seconds(1);}\" name=\"appointmenttime1\" autocomplete=\"appointmenttime\"><option value=\"--\">--<\/option><option value=\"08:00 AM\">08:00 s\u00e1ng<\/option><option value=\"08:30 AM\">08:30 s\u00e1ng<\/option><option value=\"09:00 AM\">09:00 s\u00e1ng<\/option><option value=\"09:30 AM\">09:30 s\u00e1ng<\/option><option value=\"10:00 AM\">10:00<\/option><option value=\"10:30 AM\">10:30 s\u00e1ng<\/option><option value=\"11:00 AM\">11:00 S\u00c1NG<\/option><option value=\"11:30 AM\">11:30<\/option><option value=\"01:00 PM\">01:00 chi\u1ec1u<\/option><option value=\"01:30 PM\">01:30 chi\u1ec1u<\/option><option value=\"02:00 PM\">02:00 chi\u1ec1u<\/option><option value=\"02:30 PM\">02:30 chi\u1ec1u<\/option><option value=\"03:00 PM\">03:00 chi\u1ec1u<\/option><option value=\"03:30 PM\">03:30 chi\u1ec1u<\/option><option value=\"04:00 PM\">04:00 chi\u1ec1u<\/option><option value=\"04:30 PM\">04:30 chi\u1ec1u<\/option><option value=\"05:00 PM\">05:00 chi\u1ec1u<\/option><option value=\"05:30 PM\">05:30 chi\u1ec1u<\/option><\/select><\/span> <\/div>\n\t\t\t<\/div>\n\t\t\t<div class=\"wpbc__row\">\n\t\t\t\t<div class=\"wpbc_r_chooselocation wpbc__field\"> <label>Ch\u1ecdn v\u1ecb tr\u00ed*<\/label><br><span class=\"wpbc_wrap_select wpdev-form-control-wrap chooselocation1\"><select onchange=\"javascript:if(typeof( wpbc_show_cost_hints_after_few_seconds )=='function'){wpbc_show_cost_hints_after_few_seconds(1);}\" name=\"chooselocation1\" autocomplete=\"chooselocation\" class=\"wpdev-validates-as-required\"><option value=\"---\">---<\/option><option value=\"TGM Dental Hoi An\">Nha Khoa TGM H\u1ed9i An<\/option><option value=\"TGM Dental Da Nang\">Nha Khoa TGM \u0110\u00e0 N\u1eb5ng<\/option><\/select><\/span> <\/div>\n\t\t\t<\/div>\n\t\t\t<div class=\"wpbc__row\">\n\t\t\t\t<div class=\"wpbc_r_name wpbc__field\"> <label>H\u1ecd v\u00e0 t\u00ean \u0111\u1ea7y \u0111\u1ee7*<\/label><br><span class=\"wpbc_wrap_text wpdev-form-control-wrap name1\"><input type=\"text\" name=\"name1\" value=\"\" autocomplete=\"name\" class=\"wpdev-validates-as-required\" size=\"40\" \/><\/span> <\/div>\n\t\t\t<\/div>\n\t\t\t<div class=\"wpbc__row\">\n\t\t\t\t<div class=\"wpbc_r_gender wpbc__field\"> <label>Gi\u1edbi t\u00ednh*<\/label><br><span class=\"wpbc_wrap_select wpdev-form-control-wrap gender1\"><select onchange=\"javascript:if(typeof( wpbc_show_cost_hints_after_few_seconds )=='function'){wpbc_show_cost_hints_after_few_seconds(1);}\" name=\"gender1\" autocomplete=\"gender\" class=\"wpdev-validates-as-required\"><option value=\"Male\">Nam gi\u1edbi<\/option><option value=\"Female\">N\u1eef gi\u1edbi<\/option><\/select><\/span> <\/div>\n\t\t\t<\/div>\n\t\t\t<div class=\"wpbc__row\">\n\t\t\t\t<div class=\"wpbc_r_address wpbc__field\"> <label>\u0110\u1ecba ch\u1ec9*<\/label><br><span class=\"wpbc_wrap_text wpdev-form-control-wrap address1\"><input type=\"text\" name=\"address1\" value=\"\" autocomplete=\"address\" class=\"wpdev-validates-as-required\" size=\"40\" \/><\/span> <\/div>\n\t\t\t<\/div>\n\t\t\t<div class=\"wpbc__row\">\n\t\t\t\t<div class=\"wpbc_r_email wpbc__field\"> <label>E-mail*<\/label><br><span class=\"wpbc_wrap_text wpdev-form-control-wrap email1\"><input type=\"email\" name=\"email1\" value=\"\" autocomplete=\"email\" class=\"wpdev-validates-as-email wpdev-validates-as-required\" size=\"40\" \/><\/span> <\/div>\n\t\t\t<\/div>\n\t\t\t<div class=\"wpbc__row\">\n\t\t\t\t<div class=\"wpbc_r_phone wpbc__field\"> <label>\u0110i\u1ec7n tho\u1ea1i*<\/label><br><span class=\"wpbc_wrap_text wpdev-form-control-wrap phone1\"><input type=\"text\" name=\"phone1\" value=\"\" autocomplete=\"phone\" class=\"wpdev-validates-as-required\" size=\"40\" \/><\/span> <\/div>\n\t\t\t<\/div>\n\t\t\t<div class=\"wpbc__row\">\n\t\t\t\t<div class=\"wpbc_r_yourlocationnow wpbc__field\"> <label>V\u1ecb tr\u00ed c\u1ee7a b\u1ea1n b\u00e2y gi\u1edd<\/label><br><span class=\"wpbc_wrap_text wpdev-form-control-wrap yourlocationnow1\"><input type=\"text\" name=\"yourlocationnow1\" value=\"\" autocomplete=\"yourlocationnow\" size=\"40\" \/><\/span> <\/div>\n\t\t\t<\/div>\n\t\t\t<div class=\"wpbc__row\">\n\t\t\t\t<div class=\"wpbc_r_chiefcomplaintordentalcareneeds wpbc__field\"> <label>Khi\u1ebfu n\u1ea1i ch\u00ednh ho\u1eb7c nhu c\u1ea7u ch\u0103m s\u00f3c nha khoa<\/label><br><span class=\"wpbc_wrap_text wpdev-form-control-wrap chiefcomplaintordentalcareneeds1\"><input type=\"text\" name=\"chiefcomplaintordentalcareneeds1\" value=\"\" autocomplete=\"chiefcomplaintordentalcareneeds\" size=\"40\" \/><\/span> <\/div>\n\t\t\t<\/div>\n\t\t\t<div class=\"wpbc__row\">\n\t\t\t\t<div class=\"wpbc_r_thisbookingfor wpbc__field\"> <label>Vi\u1ec7c \u0111\u1eb7t ch\u1ed7 n\u00e0y d\u00e0nh cho<\/label><br><span class=\"wpbc_wrap_select wpdev-form-control-wrap thisbookingfor1\"><select onchange=\"javascript:if(typeof( wpbc_show_cost_hints_after_few_seconds )=='function'){wpbc_show_cost_hints_after_few_seconds(1);}\" name=\"thisbookingfor1\" autocomplete=\"thisbookingfor\"><option value=\"Myself\">Ri\u00eang t\u00f4i<\/option><option value=\"My family members\">Th\u00e0nh vi\u00ean c\u1ee7a gia \u0111\u00ecnh t\u00f4i<\/option><option value=\"My staff\">Nh\u00e2n vi\u00ean c\u1ee7a t\u00f4i<\/option><option value=\"My friend\">B\u1ea1n t\u00f4i<\/option><option value=\"My colleage\">tr\u01b0\u1eddng \u0111\u1ea1i h\u1ecdc c\u1ee7a t\u00f4i<\/option><\/select><\/span> <\/div>\n\t\t\t<\/div>\n\t\t\t<div class=\"wpbc__row\">\n\t\t\t\t<div class=\"wpbc_r_visitors wpbc__field\"> <label>B\u1ea1n c\u00f3 ph\u1ea3i l\u00e0 kh\u00e1ch h\u00e0ng hi\u1ec7n t\u1ea1i c\u1ee7a TGM Dental kh\u00f4ng?<\/label><br><span class=\"wpbc_wrap_select wpdev-form-control-wrap visitors1\"><select onchange=\"javascript:if(typeof( wpbc_show_cost_hints_after_few_seconds )=='function'){wpbc_show_cost_hints_after_few_seconds(1);}\" name=\"visitors1\" autocomplete=\"visitors\"><option value=\"Yes\">\u0110\u00fang<\/option><option value=\"No\">KH\u00d4NG<\/option><\/select><\/span> <\/div>\n\t\t\t<\/div>\n\t\t\t<div class=\"wpbc__row\">\n\t\t\t\t<div class=\"wpbc_r_details wpbc__field\"> <label>Nh\u1eefng m\u1ed1i quan t\u00e2m kh\u00e1c c\u1ee7a b\u1ea1n<\/label><br><span class=\"wpbc_wrap_textarea wpdev-form-control-wrap details1\"><textarea name=\"details1\" autocomplete=\"details\"><\/textarea><\/span> <\/div>\n\t\t\t<\/div>\n\t\t\t<div class=\"wpbc__row\">\n\t\t\t\t<div class=\"wpbc_r_captcha wpbc__field\"> <label><\/label><br><span class=\"wpbc_text_captcha_container wpdev-form-control-wrap\"><input  autocomplete=\"off\" type=\"hidden\" name=\"wpdev_captcha_challenge_1\"  id=\"wpdev_captcha_challenge_1\" value=\"707817779\" \/><input  autocomplete=\"off\" type=\"text\" class=\"captachinput\" value=\"\" name=\"captcha_input1\" id=\"captcha_input1\" \/><img decoding=\"async\" class=\"captcha_img\"  id=\"captcha_img1\" alt=\"To show CAPTCHA, please deactivate cache plugin or exclude this page from caching or disable CAPTCHA at WP Booking Calendar - Settings General page in Form Options section.\" src=\"https:\/\/tgmdental.net\/wp-content\/plugins\/booking\/js\/captcha\/tmp\/707817779.png\" \/><\/span> <\/div>\n\t\t\t<\/div>\n\t\t\t<div class=\"wpbc__row\">\n\t\t\t\t<div class=\"wpbc_r_submit wpbc__field\"><input type=\"button\" value=\"G\u1eedi\" class=\"wpbc_button_light  btn btn\" onclick=\"wpbc_booking_form_submit(this.form,1, 'vi');\" \/> <\/div>\n\t\t\t<\/div>\n<\/div>\n<\/div><input id=\"bk_type1\" name=\"bk_type1\" class=\"\" type=\"hidden\" value=\"1\" \/><\/div><div id=\"submiting1\"><\/div><div class=\"form_bk_messages\" id=\"form_bk_messages1\" ><\/div><input type=\"hidden\" id=\"wpbc_nonceCALCULATE_THE_COST1\" name=\"wpbc_nonceCALCULATE_THE_COST1\" value=\"55eb36822e\" \/><input type=\"hidden\" name=\"_wp_http_referer\" value=\"\/vi\/wp-json\/wp\/v2\/pages\/342\" \/><input type=\"hidden\" name=\"trp-form-language\" value=\"vi\"\/><\/form><\/div><div id=\"booking_form_garbage1\" class=\"booking_form_garbage\"><\/div>","protected":false},"excerpt":{"rendered":"Loading... Appointment Time--08:00 AM08:30 AM09:00 AM09:30 AM10:00 AM10:30 AM11:00 AM11:30 AM01:00 PM01:30 PM02:00 PM02:30 PM03:00 PM03:30 PM04:00 PM04:30 PM05:00 PM05:30 PM Choose location*---TGM Dental Hoi AnTGM Dental Da Nang Full Name* Gender*MaleFemale Address* Email* Phone* Your location now Chief complaint or dental care needs This booking forMyselfMy family membersMy staffMy friendMy colleage Are you TGM [...]","protected":false},"author":2,"featured_media":0,"parent":0,"menu_order":0,"comment_status":"closed","ping_status":"closed","template":"","meta":{"footnotes":""},"class_list":["post-342","page","type-page","status-publish","hentry"],"_links":{"self":[{"href":"https:\/\/tgmdental.net\/vi\/wp-json\/wp\/v2\/pages\/342","targetHints":{"allow":["GET"]}}],"collection":[{"href":"https:\/\/tgmdental.net\/vi\/wp-json\/wp\/v2\/pages"}],"about":[{"href":"https:\/\/tgmdental.net\/vi\/wp-json\/wp\/v2\/types\/page"}],"author":[{"embeddable":true,"href":"https:\/\/tgmdental.net\/vi\/wp-json\/wp\/v2\/users\/2"}],"replies":[{"embeddable":true,"href":"https:\/\/tgmdental.net\/vi\/wp-json\/wp\/v2\/comments?post=342"}],"version-history":[{"count":0,"href":"https:\/\/tgmdental.net\/vi\/wp-json\/wp\/v2\/pages\/342\/revisions"}],"wp:attachment":[{"href":"https:\/\/tgmdental.net\/vi\/wp-json\/wp\/v2\/media?parent=342"}],"curies":[{"name":"wp","href":"https:\/\/api.w.org\/{rel}","templated":true}]}}