{"id":9,"date":"2016-09-26T02:09:14","date_gmt":"2016-09-25T19:09:14","guid":{"rendered":"http:\/\/sw-themes.com\/porto_dummy\/?page_id=9"},"modified":"2023-07-08T00:39:46","modified_gmt":"2023-07-07T17:39:46","slug":"services","status":"publish","type":"page","link":"https:\/\/tgmdental.net\/vi\/services\/","title":{"rendered":"D\u1ecbch v\u1ee5"},"content":{"rendered":"<div class=\"wpb-content-wrapper\"><div class=\"vc_row wpb_row vc_row-fluid\"><div class=\"vc_column_container vc_col-sm-12\"><div class=\"wpb_wrapper vc_column-inner\"><h2 style=\"text-align: left\" class=\"vc_custom_heading\">T\u1ed5ng quan v\u1ec1 d\u1ecbch v\u1ee5 c\u1ee7a ch\u00fang t\u00f4i<\/h2>\n\t<div class=\"wpb_text_column wpb_content_element\" >\n\t\t<div class=\"wpb_wrapper\">\n\t\t\t<p style=\"text-align: justify;\"><strong>Nha khoa T\u00e2m Gia Minh<\/strong> c\u00f3 \u0111\u1ed9i ng\u0169 b\u00e1c s\u0129, chuy\u00ean gia nha khoa t\u1eadn t\u00e2m, gi\u00e0u kinh nghi\u1ec7m, \u0111\u01b0\u1ee3c \u0111\u00e0o t\u1ea1o qu\u1ed1c t\u1ebf, h\u1ed7 tr\u1ee3 k\u1ef9 thu\u1eadt cho \u0111\u1ed9i ng\u0169 nha khoa Vi\u1ec7t Nam. H\u1ecd cung c\u1ea5p m\u1ed9t lo\u1ea1t c\u00e1c d\u1ecbch v\u1ee5 nha khoa ch\u1ea5t l\u01b0\u1ee3ng cao, t\u1eeb nha khoa ph\u00f2ng ng\u1eeba v\u00e0 t\u1ed5ng qu\u00e1t, \u0111\u1ebfn nha khoa th\u1ea9m m\u1ef9 v\u00e0 c\u00f4ng ngh\u1ec7 cao.<\/p>\n<p style=\"text-align: justify;\"><strong>Nha khoa TGM<\/strong> s\u1eed d\u1ee5ng c\u00f4ng ngh\u1ec7 v\u00e0 thi\u1ebft b\u1ecb m\u1edbi nh\u1ea5t, v\u00e0 ch\u1ec9 nh\u1eefng v\u1eadt li\u1ec7u v\u00e0 s\u1ea3n ph\u1ea9m t\u1ed1t nh\u1ea5t.<\/p>\n<p style=\"text-align: justify;\">C\u00e1c d\u1ecbch v\u1ee5 c\u1ee7a ch\u00fang t\u00f4i bao g\u1ed3m t\u1eeb ch\u0103m s\u00f3c ph\u00f2ng ng\u1eeba v\u00e0 ph\u1ee5c h\u1ed3i c\u01a1 b\u1ea3n \u0111\u1ebfn c\u00e1c ph\u01b0\u01a1ng ph\u00e1p \u0111i\u1ec1u tr\u1ecb r\u1ea5t ph\u1ee9c t\u1ea1p \u0111\u00f2i h\u1ecfi c\u00e1c k\u1ef9 thu\u1eadt chuy\u00ean bi\u1ec7t, ch\u1eb3ng h\u1ea1n nh\u01b0 ch\u1ec9nh nha v\u00e0 c\u1ea5y gh\u00e9p. T\u1ea5t c\u1ea3 c\u00e1c d\u1ecbch v\u1ee5 \u0111\u01b0\u1ee3c th\u1ef1c hi\u1ec7n theo ti\u00eau chu\u1ea9n ch\u0103m s\u00f3c nha khoa cao nh\u1ea5t v\u00e0 s\u1eed d\u1ee5ng c\u00e1c bi\u1ec7n ph\u00e1p ki\u1ec3m so\u00e1t nhi\u1ec5m tr\u00f9ng nghi\u00eam ng\u1eb7t.<\/p>\n<p>Ch\u00fang t\u00f4i c\u0169ng cung c\u1ea5p c\u00e1c k\u1ebf ho\u1ea1ch \u0111i\u1ec1u tr\u1ecb nha khoa ho\u00e0n ch\u1ec9nh bao g\u1ed3m:<\/p>\n\n\t\t<\/div>\n\t<\/div>\n<div class=\"vc_row wpb_row vc_inner vc_row-fluid vc_column-gap-30 vc_row-o-equal-height vc_row-o-content-middle vc_row-flex\"><div class=\"vc_column_container vc_col-sm-4\"><div class=\"wpb_wrapper vc_column-inner\"><div class=\"aio-icon-component   service-box style_1\"><a class=\"aio-icon-box-link\" href=\"https:\/\/tgmdental.net\/vi\/services\/preventative-care\/\" ><div id=\"Info-box-wrap-5437\" class=\"aio-icon-box top-icon\" style=\"\"  ><div class=\"aio-icon-top\"><div class=\"ult-just-icon-wrapper\"><div class=\"align-icon\" style=\"text-align:center;\">\n<div class=\"aio-icon-img\" style=\"font-size:120px;display:inline-block;\" >\n\t<img decoding=\"async\" class=\"img-icon\" alt=\"null\" src=\"https:\/\/tgmdental.net\/wp-content\/uploads\/2023\/07\/tooth-extraction.png\"\/>\n<\/div><\/div><\/div><\/div><div class=\"aio-icon-header\" ><h3 class=\"aio-icon-title ult-responsive\"  data-ultimate-target='#Info-box-wrap-5437 .aio-icon-title'  data-responsive-json-new='{\"font-size\":\"\",\"line-height\":\"\"}'  style=\"\">Ch\u0103m s\u00f3c ph\u00f2ng ng\u1eeba<\/h3><\/div> <!-- header --><\/div> <!-- aio-icon-box --><\/a><\/div> <!-- aio-icon-component --><\/div><\/div><div class=\"vc_column_container vc_col-sm-4\"><div class=\"wpb_wrapper vc_column-inner\"><div class=\"aio-icon-component   service-box style_1\"><a class=\"aio-icon-box-link\" href=\"https:\/\/tgmdental.net\/vi\/services\/general-dentistry\/\" ><div id=\"Info-box-wrap-6228\" class=\"aio-icon-box top-icon\" style=\"\"  ><div class=\"aio-icon-top\"><div class=\"ult-just-icon-wrapper\"><div class=\"align-icon\" style=\"text-align:center;\">\n<div class=\"aio-icon-img\" style=\"font-size:120px;display:inline-block;\" >\n\t<img decoding=\"async\" class=\"img-icon\" alt=\"null\" src=\"https:\/\/tgmdental.net\/wp-content\/uploads\/2023\/07\/dentist-chair.png\"\/>\n<\/div><\/div><\/div><\/div><div class=\"aio-icon-header\" ><h3 class=\"aio-icon-title ult-responsive\"  data-ultimate-target='#Info-box-wrap-6228 .aio-icon-title'  data-responsive-json-new='{\"font-size\":\"\",\"line-height\":\"\"}'  style=\"\">Nha khoa t\u1ed5ng qu\u00e1t<\/h3><\/div> <!-- header --><\/div> <!-- aio-icon-box --><\/a><\/div> <!-- aio-icon-component --><\/div><\/div><div class=\"vc_column_container vc_col-sm-4\"><div class=\"wpb_wrapper vc_column-inner\"><div class=\"aio-icon-component   service-box style_1\"><a class=\"aio-icon-box-link\" href=\"https:\/\/tgmdental.net\/vi\/services\/cosmetics-dentistry\/\" ><div id=\"Info-box-wrap-2943\" class=\"aio-icon-box top-icon\" style=\"\"  ><div class=\"aio-icon-top\"><div class=\"ult-just-icon-wrapper\"><div class=\"align-icon\" style=\"text-align:center;\">\n<div class=\"aio-icon-img\" style=\"font-size:120px;display:inline-block;\" >\n\t<img decoding=\"async\" class=\"img-icon\" alt=\"null\" src=\"https:\/\/tgmdental.net\/wp-content\/uploads\/2023\/07\/tooth.png\"\/>\n<\/div><\/div><\/div><\/div><div class=\"aio-icon-header\" ><h3 class=\"aio-icon-title ult-responsive\"  data-ultimate-target='#Info-box-wrap-2943 .aio-icon-title'  data-responsive-json-new='{\"font-size\":\"\",\"line-height\":\"\"}'  style=\"\">Nha khoa th\u1ea9m m\u1ef9<\/h3><\/div> <!-- header --><\/div> <!-- aio-icon-box --><\/a><\/div> <!-- aio-icon-component --><\/div><\/div><\/div><div class=\"vc_row wpb_row vc_inner vc_row-fluid vc_column-gap-30 vc_row-o-equal-height vc_row-o-content-middle vc_row-flex\"><div class=\"vc_column_container vc_col-sm-4\"><div class=\"wpb_wrapper vc_column-inner\"><div class=\"aio-icon-component   service-box style_1\"><a class=\"aio-icon-box-link\" href=\"https:\/\/tgmdental.net\/vi\/services\/bridge-crown-and-denture\/\" ><div id=\"Info-box-wrap-8273\" class=\"aio-icon-box top-icon\" style=\"\"  ><div class=\"aio-icon-top\"><div class=\"ult-just-icon-wrapper\"><div class=\"align-icon\" style=\"text-align:center;\">\n<div class=\"aio-icon-img\" style=\"font-size:120px;display:inline-block;\" >\n\t<img decoding=\"async\" class=\"img-icon\" alt=\"null\" src=\"https:\/\/tgmdental.net\/wp-content\/uploads\/2023\/07\/bridges.png\"\/>\n<\/div><\/div><\/div><\/div><div class=\"aio-icon-header\" ><h3 class=\"aio-icon-title ult-responsive\"  data-ultimate-target='#Info-box-wrap-8273 .aio-icon-title'  data-responsive-json-new='{\"font-size\":\"\",\"line-height\":\"\"}'  style=\"\">Bridge, Crown v\u00e0 R\u0103ng gi\u1ea3<\/h3><\/div> <!-- header --><\/div> <!-- aio-icon-box --><\/a><\/div> <!-- aio-icon-component --><\/div><\/div><div class=\"vc_column_container vc_col-sm-4\"><div class=\"wpb_wrapper vc_column-inner\"><div class=\"aio-icon-component   service-box style_1\"><a class=\"aio-icon-box-link\" href=\"https:\/\/tgmdental.net\/vi\/services\/braces-implant\/\" ><div id=\"Info-box-wrap-4025\" class=\"aio-icon-box top-icon\" style=\"\"  ><div class=\"aio-icon-top\"><div class=\"ult-just-icon-wrapper\"><div class=\"align-icon\" style=\"text-align:center;\">\n<div class=\"aio-icon-img\" style=\"font-size:120px;display:inline-block;\" >\n\t<img decoding=\"async\" class=\"img-icon\" alt=\"null\" src=\"https:\/\/tgmdental.net\/wp-content\/uploads\/2023\/07\/implant.png\"\/>\n<\/div><\/div><\/div><\/div><div class=\"aio-icon-header\" ><h3 class=\"aio-icon-title ult-responsive\"  data-ultimate-target='#Info-box-wrap-4025 .aio-icon-title'  data-responsive-json-new='{\"font-size\":\"\",\"line-height\":\"\"}'  style=\"\">Ni\u1ec1ng r\u0103ng, Implant<\/h3><\/div> <!-- header --><\/div> <!-- aio-icon-box --><\/a><\/div> <!-- aio-icon-component --><\/div><\/div><div class=\"vc_column_container vc_col-sm-4\"><div class=\"wpb_wrapper vc_column-inner\"><div class=\"aio-icon-component   service-box style_1\"><a class=\"aio-icon-box-link\" href=\"https:\/\/tgmdental.net\/vi\/services\/frequently-asked-questions\/\" ><div id=\"Info-box-wrap-6772\" class=\"aio-icon-box top-icon\" style=\"\"  ><div class=\"aio-icon-top\"><div class=\"ult-just-icon-wrapper\"><div class=\"align-icon\" style=\"text-align:center;\">\n<div class=\"aio-icon-img\" style=\"font-size:120px;display:inline-block;\" >\n\t<img decoding=\"async\" class=\"img-icon\" alt=\"null\" src=\"https:\/\/tgmdental.net\/wp-content\/uploads\/2023\/07\/dentist.png\"\/>\n<\/div><\/div><\/div><\/div><div class=\"aio-icon-header\" ><h3 class=\"aio-icon-title ult-responsive\"  data-ultimate-target='#Info-box-wrap-6772 .aio-icon-title'  data-responsive-json-new='{\"font-size\":\"\",\"line-height\":\"\"}'  style=\"\">C\u00e1c c\u00e2u h\u1ecfi th\u01b0\u1eddng g\u1eb7p<\/h3><\/div> <!-- header --><\/div> <!-- aio-icon-box --><\/a><\/div> <!-- aio-icon-component --><\/div><\/div><\/div><div class=\"ult-spacer spacer-69eb2f2081321\" data-id=\"69eb2f2081321\" data-height=\"40\" data-height-mobile=\"40\" data-height-tab=\"40\" data-height-tab-portrait=\"\" data-height-mobile-landscape=\"\" style=\"clear:both;display:block;\"><\/div>\n\t<div class=\"wpb_text_column wpb_content_element\" >\n\t\t<div class=\"wpb_wrapper\">\n\t\t\t<p>Ch\u00e0o m\u1eebng t\u1edbi <strong>Nha khoa TGM.<\/strong> N\u1ee5 c\u01b0\u1eddi kh\u1ecfe m\u1ea1nh c\u1ee7a b\u1ea1n l\u00e0 ni\u1ec1m h\u1ea1nh ph\u00fac c\u1ee7a ch\u00fang t\u00f4i!<\/p>\n<p><strong>Nha khoa TGM<\/strong> l\u00e0 m\u00f4 h\u00ecnh h\u1ed7 tr\u1ee3 c\u00e1c ch\u01b0\u01a1ng tr\u00ecnh ch\u0103m s\u00f3c r\u0103ng mi\u1ec7ng t\u1eeb thi\u1ec7n c\u00f3 ph\u00ed duy nh\u1ea5t t\u1ea1i Vi\u1ec7t Nam.<\/p>\n<p>B\u1eb1ng c\u00e1ch ch\u1ecdn<strong> Nha khoa T\u00e2m Gia Minh<\/strong> cho t\u1ea5t c\u1ea3 c\u00e1c nhu c\u1ea7u v\u1ec1 nha khoa c\u1ee7a b\u1ea1n, b\u1ea1n t\u1ea1o \u0111i\u1ec1u ki\u1ec7n cho ch\u00fang t\u00f4i ti\u1ebfp t\u1ee5c cung c\u1ea5p d\u1ecbch v\u1ee5 ch\u0103m s\u00f3c r\u0103ng mi\u1ec7ng mi\u1ec5n ph\u00ed cho h\u00e0ng ngh\u00ecn tr\u1ebb em c\u00f3 ho\u00e0n c\u1ea3nh kh\u00f3 kh\u0103n t\u1ea1i Vi\u1ec7t Nam.<\/p>\n\n\t\t<\/div>\n\t<\/div>\n<\/div><\/div><\/div><div class=\"vc_row wpb_row vc_row-fluid\"><div class=\"vc_column_container vc_col-sm-12\"><div class=\"wpb_wrapper vc_column-inner\"><div class=\"vc_btn3-container vc_btn3-center\"><a class=\"vc_general vc_btn3 vc_btn3-size-lg vc_btn3-shape-rounded vc_btn3-style-modern vc_btn3-icon-left vc_btn3-color-warning\" href=\"http:\/\/tgmdental.net\/vi\/make-an-appointment\/\" title=\"\"><i class=\"vc_btn3-icon far fa-calendar-alt\"><\/i> \u0110\u1eb7t l\u1ecbch h\u1eb9n<\/a><\/div><div class=\"vc_btn3-container vc_btn3-center\"><a class=\"vc_general vc_btn3 vc_btn3-size-lg vc_btn3-shape-rounded vc_btn3-style-modern vc_btn3-icon-left vc_btn3-color-warning\" href=\"http:\/\/tgmdental.net\/vi\/price-list\/\" title=\"\"><i class=\"vc_btn3-icon fa fa-money\"><\/i> B\u1ea3ng gi\u00e1<\/a><\/div><\/div><\/div><\/div>\n<\/div>","protected":false},"excerpt":{"rendered":"T\u1ed5ng quan v\u1ec1 d\u1ecbch v\u1ee5 c\u1ee7a ch\u00fang t\u00f4i Nha khoa TGM c\u00f3 \u0111\u1ed9i ng\u0169 nha s\u0129 v\u00e0 chuy\u00ean gia nha khoa t\u1eadn t\u00e2m, gi\u00e0u kinh nghi\u1ec7m, \u0111\u01b0\u1ee3c \u0111\u00e0o t\u1ea1o qu\u1ed1c t\u1ebf, h\u1ed7 tr\u1ee3 k\u1ef9 thu\u1eadt cho \u0111\u1ed9i ng\u0169 nha khoa Vi\u1ec7t Nam. H\u1ecd cung c\u1ea5p nhi\u1ec1u lo\u1ea1i d\u1ecbch v\u1ee5 nha khoa ch\u1ea5t l\u01b0\u1ee3ng cao, t\u1eeb nha khoa ph\u00f2ng ng\u1eeba v\u00e0 nha khoa t\u1ed5ng qu\u00e1t \u0111\u1ebfn nha khoa th\u1ea9m m\u1ef9 v\u00e0 c\u00f4ng ngh\u1ec7 cao. Nha khoa TGM s\u1eed d\u1ee5ng c\u00f4ng ngh\u1ec7 v\u00e0 thi\u1ebft b\u1ecb m\u1edbi nh\u1ea5t, v\u00e0 ch\u1ec9 c\u00f3 [\u2026]","protected":false},"author":2,"featured_media":0,"parent":0,"menu_order":3,"comment_status":"closed","ping_status":"closed","template":"","meta":{"footnotes":""},"class_list":["post-9","page","type-page","status-publish","hentry"],"_links":{"self":[{"href":"https:\/\/tgmdental.net\/vi\/wp-json\/wp\/v2\/pages\/9","targetHints":{"allow":["GET"]}}],"collection":[{"href":"https:\/\/tgmdental.net\/vi\/wp-json\/wp\/v2\/pages"}],"about":[{"href":"https:\/\/tgmdental.net\/vi\/wp-json\/wp\/v2\/types\/page"}],"author":[{"embeddable":true,"href":"https:\/\/tgmdental.net\/vi\/wp-json\/wp\/v2\/users\/2"}],"replies":[{"embeddable":true,"href":"https:\/\/tgmdental.net\/vi\/wp-json\/wp\/v2\/comments?post=9"}],"version-history":[{"count":0,"href":"https:\/\/tgmdental.net\/vi\/wp-json\/wp\/v2\/pages\/9\/revisions"}],"wp:attachment":[{"href":"https:\/\/tgmdental.net\/vi\/wp-json\/wp\/v2\/media?parent=9"}],"curies":[{"name":"wp","href":"https:\/\/api.w.org\/{rel}","templated":true}]}}